{"id":29981,"date":"2022-11-03T10:00:00","date_gmt":"2022-11-03T09:00:00","guid":{"rendered":"https:\/\/transakcijskaanaliza.com\/politika-privatnosti\/"},"modified":"2023-04-13T20:56:15","modified_gmt":"2023-04-13T19:56:15","slug":"politika-zasebnosti","status":"publish","type":"page","link":"https:\/\/transakcijskaanaliza.com\/sl\/politika-zasebnosti\/","title":{"rendered":"Politika zasebnosti"},"content":{"rendered":"<p>[et_pb_section fb_built=&#8221;1&#8243; custom_padding_last_edited=&#8221;on|phone&#8221; admin_label=&#8221;section&#8221; _builder_version=&#8221;4.16&#8243; background_color=&#8221;#444444&#8243; use_background_color_gradient=&#8221;on&#8221; background_color_gradient_stops=&#8221;rgba(0,0,0,0.49) 0%|rgba(0,0,0,0.49) 100%&#8221; background_color_gradient_overlays_image=&#8221;on&#8221; background_color_gradient_start=&#8221;rgba(0,0,0,0.49)&#8221; background_color_gradient_end=&#8221;rgba(0,0,0,0.49)&#8221; background_image=&#8221;https:\/\/transakcijskaanaliza.com\/wp-content\/uploads\/2022\/07\/alan-gregorec-life-coaching.jpg&#8221; background_enable_video_mp4=&#8221;off&#8221; custom_padding=&#8221;90px||137px||false|false&#8221; custom_padding_tablet=&#8221;&#8221; custom_padding_phone=&#8221;65px||25px||false|false&#8221; saved_tabs=&#8221;all&#8221; global_colors_info=&#8221;{}&#8221; global_module=&#8221;29833&#8243; theme_builder_area=&#8221;post_content&#8221;][et_pb_row use_custom_gutter=&#8221;on&#8221; gutter_width=&#8221;2&#8243; make_equal=&#8221;on&#8221; admin_label=&#8221;row&#8221; _builder_version=&#8221;4.16&#8243; background_size=&#8221;initial&#8221; background_position=&#8221;top_left&#8221; background_repeat=&#8221;repeat&#8221; width=&#8221;65%&#8221; width_tablet=&#8221;90%&#8221; width_phone=&#8221;90%&#8221; width_last_edited=&#8221;on|tablet&#8221; max_width=&#8221;1200px&#8221; max_width_tablet=&#8221;90%&#8221; max_width_phone=&#8221;90%&#8221; max_width_last_edited=&#8221;on|desktop&#8221; custom_padding=&#8221;||9px|||&#8221; animation_style=&#8221;fade&#8221; global_colors_info=&#8221;{}&#8221; theme_builder_area=&#8221;post_content&#8221;][et_pb_column type=&#8221;4_4&#8243; _builder_version=&#8221;4.16&#8243; custom_padding=&#8221;|||&#8221; global_colors_info=&#8221;{}&#8221; custom_padding__hover=&#8221;|||&#8221; theme_builder_area=&#8221;post_content&#8221;][et_pb_post_title meta=&#8221;off&#8221; _builder_version=&#8221;4.16&#8243; _module_preset=&#8221;default&#8221; title_text_align=&#8221;center&#8221; title_text_color=&#8221;#FFFFFF&#8221; title_font_size=&#8221;40px&#8221; title_line_height=&#8221;1.3em&#8221; global_colors_info=&#8221;{}&#8221; theme_builder_area=&#8221;post_content&#8221;][\/et_pb_post_title][\/et_pb_column][\/et_pb_row][et_pb_row use_custom_gutter=&#8221;on&#8221; gutter_width=&#8221;1&#8243; make_equal=&#8221;on&#8221; admin_label=&#8221;row&#8221; _builder_version=&#8221;4.16&#8243; background_size=&#8221;initial&#8221; background_position=&#8221;top_left&#8221; background_repeat=&#8221;repeat&#8221; width=&#8221;90%&#8221; width_tablet=&#8221;90%&#8221; width_phone=&#8221;90%&#8221; width_last_edited=&#8221;on|tablet&#8221; max_width=&#8221;1200px&#8221; max_width_tablet=&#8221;90%&#8221; max_width_phone=&#8221;90%&#8221; max_width_last_edited=&#8221;on|desktop&#8221; custom_padding=&#8221;12px||33px||false|false&#8221; animation_style=&#8221;fade&#8221; global_colors_info=&#8221;{}&#8221; theme_builder_area=&#8221;post_content&#8221;][et_pb_column type=&#8221;4_4&#8243; _builder_version=&#8221;4.16&#8243; custom_padding=&#8221;|||&#8221; global_colors_info=&#8221;{}&#8221; custom_padding__hover=&#8221;|||&#8221; theme_builder_area=&#8221;post_content&#8221;][et_pb_button button_url=&#8221;#besplatan-uvodni-razgovor&#8221; button_text=&#8221;U bilo koje doba me slobodno nazovite&#8221; button_alignment=&#8221;center&#8221; button_alignment_tablet=&#8221;center&#8221; button_alignment_phone=&#8221;center&#8221; button_alignment_last_edited=&#8221;on|desktop&#8221; _builder_version=&#8221;4.16&#8243; custom_button=&#8221;on&#8221; button_text_size=&#8221;15px&#8221; button_text_color=&#8221;#ffffff&#8221; button_bg_color=&#8221;#A86500&#8243; button_border_color=&#8221;#A86500&#8243; button_border_radius=&#8221;0px&#8221; button_letter_spacing=&#8221;1px&#8221; button_font=&#8221;Barlow|600||on|||||&#8221; button_use_icon=&#8221;off&#8221; custom_padding=&#8221;16px|36px|16px|36px|true|true&#8221; global_colors_info=&#8221;{}&#8221; button_text_color__hover_enabled=&#8221;on|hover&#8221; button_text_color__hover=&#8221;#ffffff&#8221; button_bg_color__hover_enabled=&#8221;on|hover&#8221; button_bg_color__hover=&#8221;#333333&#8243; button_bg_enable_color__hover=&#8221;on&#8221; button_border_color__hover_enabled=&#8221;on|hover&#8221; button_border_color__hover=&#8221;#333&#8243; button_letter_spacing__hover_enabled=&#8221;on|desktop&#8221; button_letter_spacing__hover=&#8221;1px&#8221; theme_builder_area=&#8221;post_content&#8221;][\/et_pb_button][\/et_pb_column][\/et_pb_row][\/et_pb_section][et_pb_section fb_built=&#8221;1&#8243; admin_label=&#8221;section&#8221; _builder_version=&#8221;4.16&#8243; background_color=&#8221;#F4F4F4&#8243; custom_padding=&#8221;1px||0px||false|false&#8221; global_colors_info=&#8221;{}&#8221;][et_pb_row use_custom_gutter=&#8221;on&#8221; gutter_width=&#8221;2&#8243; make_equal=&#8221;on&#8221; admin_label=&#8221;row&#8221; _builder_version=&#8221;4.16&#8243; background_size=&#8221;initial&#8221; background_position=&#8221;top_left&#8221; background_repeat=&#8221;repeat&#8221; z_index=&#8221;500&#8243; width=&#8221;90%&#8221; width_tablet=&#8221;90%&#8221; width_phone=&#8221;90%&#8221; width_last_edited=&#8221;on|tablet&#8221; max_width=&#8221;1200px&#8221; max_width_tablet=&#8221;90%&#8221; max_width_phone=&#8221;90%&#8221; max_width_last_edited=&#8221;on|desktop&#8221; custom_margin=&#8221;-80px||||false|false&#8221; custom_margin_tablet=&#8221;-80px||||false|false&#8221; custom_margin_phone=&#8221;0px||||false|false&#8221; custom_margin_last_edited=&#8221;on|phone&#8221; custom_padding=&#8221;1px||0px||false|false&#8221; global_colors_info=&#8221;{}&#8221;][et_pb_column type=&#8221;4_4&#8243; _builder_version=&#8221;4.16&#8243; background_color=&#8221;#ffffff&#8221; custom_padding=&#8221;||80px||false|false&#8221; custom_padding_tablet=&#8221;||80px||false|false&#8221; custom_padding_phone=&#8221;||0px||false|false&#8221; custom_padding_last_edited=&#8221;on|phone&#8221; box_shadow_style=&#8221;preset1&#8243; box_shadow_vertical=&#8221;21px&#8221; box_shadow_blur=&#8221;47px&#8221; box_shadow_color=&#8221;rgba(181,181,181,0.3)&#8221; global_colors_info=&#8221;{}&#8221; custom_padding__hover=&#8221;|||&#8221;][et_pb_text _builder_version=&#8221;4.18.0&#8243; text_font=&#8221;||||||||&#8221; text_text_color=&#8221;#333&#8243; text_font_size=&#8221;17px&#8221; header_2_font_size=&#8221;25px&#8221; header_2_line_height=&#8221;1.4em&#8221; max_width_tablet=&#8221;&#8221; max_width_phone=&#8221;100%&#8221; max_width_last_edited=&#8221;on|phone&#8221; module_alignment=&#8221;center&#8221; custom_margin=&#8221;50px||||false|false&#8221; custom_padding=&#8221;|30px||30px|false|true&#8221; hover_enabled=&#8221;0&#8243; global_colors_info=&#8221;{}&#8221; sticky_enabled=&#8221;0&#8243;]<\/p>\n<p><b>Vodja obdelave<\/b><\/p>\n<p><span style=\"font-weight: 400;\">ConTraco d.o.o., Zagreb, Kraljevec 20A, Mati\u010dna \u0161t.: 41094416046<\/span><\/p>\n<p><b>Uporaba pi\u0161kotkov na spletnem mestu<\/b><\/p>\n<p><span style=\"font-weight: 400;\">Da bi zagotovili pravilno delovanje spletnega mesta, v\u010dasih v va\u0161e naprave shranimo majhne podatkovne datoteke, znane kot pi\u0161kotki, kar je obi\u010dajna praksa pri uporabi velike ve\u010dine spletnih mest.<\/span><\/p>\n<p><span style=\"font-weight: 400;\">Pi\u0161kotek je majhna besedilna datoteka, ki se shrani v ra\u010dunalnik ali mobilno napravo, ko obi\u0161\u010dete dolo\u010deno spletno mesto. S pomo\u010djo pi\u0161kotkov si spletno mesto za dalj\u0161e \u010dasovno obdobje zapomni va\u0161a dejanja in \u017eelene nastavitve (kot so prijava, jezik, velikost pisave in druge \u017eelene nastavitve, povezane s prikazom), zato jih ni treba ponovno vna\u0161ati vsaki\u010d, ko se vrnete na spletno mesto ali ko brskate po njegovih razli\u010dnih straneh.<\/span><\/p>\n<p><span style=\"font-weight: 400;\">V okviru ogla\u0161evanja se lahko osebni podatki posredujejo tretjim osebam s sede\u017eem v ZDA (npr. Googlu), vendar le, \u010de ste dali soglasje za tak\u0161no obdelavo podatkov na podlagi pi\u0161kotkov ali drugih tehni\u010dnih identifikatorjev.<\/span><\/p>\n<p><span style=\"font-weight: 400;\">Pi\u0161kotke lahko po \u017eelji nadzorujete ali izbri\u0161ete, ve\u010d informacij o njih pa najdete na spletni strani aboutcookies.org. Prav tako lahko kadar koli izbri\u0161ete vse pi\u0161kotke, ki so \u017ee shranjeni v va\u0161em ra\u010dunalniku, nastavitve ve\u010dine brskalnikov pa vam omogo\u010dajo, da blokirate shranjevanje pi\u0161kotkov. \u010ce blokirate pi\u0161kotke, pa boste morda morali ob vsakem obisku spletnega mesta ro\u010dno prilagoditi nekatere \u017eelene nastavitve, obstaja pa tudi mo\u017enost, da vam nekatere storitve in funkcije ne bodo na voljo.<\/span><\/p>\n<p><b>Podatki o uporabniku in njihova varnost<\/b><\/p>\n<p><span style=\"font-weight: 400;\">S po\u0161iljanjem povpra\u0161evanja ali neposrednega stika uporabnik prostovoljno da na voljo podatke, ki jih ob tej prilo\u017enosti razkrije, in s tem dovoli, da se ti uporabljajo za namene za\u0161\u010dite njegovih osebnih interesov pri vseh poslih, ki jih sklene z nami, ter za izpolnjevanje vseh zakonskih obveznosti. Podatki so shranjeni za nedolo\u010den \u010das.<\/span><\/p>\n<p><span style=\"font-weight: 400;\">Opomba: spletna stran www.transakcijskaanaliza.com za namen vpogleda v statistiko obiskanosti uporablja Google Analytics, ki omogo\u010da vpogled v obiskanost iz virov, kot so dru\u017ebena omre\u017eja, e-po\u0161ta, spletni iskalniki in druge spletne storitve in orodja.<\/span><\/p>\n<p><b>Pravica do izbrisa in omejitve obdelave<\/b><\/p>\n<p><span style=\"font-weight: 400;\">Kadar koli lahko vlo\u017eite zahtevo za izbris osebnih podatkov, ki so bili zbrani v okviru uporabe na\u0161ih storitev, ali delno ali v celoti omejite namen uporabe va\u0161ih podatkov.<\/span><\/p>\n<p><span style=\"font-weight: 400;\">Izbris osebnih podatkov lahko zahtevate pisno na moj naslov, ustno ali po elektronski po\u0161ti na naslov: alan@transakcijskaanaliza.com.<\/span><\/p>\n<p><span style=\"font-weight: 400;\">\u010ce imate prito\u017ebo v zvezi z obdelavo podatkov ali va\u0161imi pravicami, se z zaupanjem obrnite na mene, \u010de va\u0161e prito\u017ebe ne bomo re\u0161ili, imate pravico vlo\u017eiti prito\u017ebo pri pristojni agenciji za varstvo osebnih podatkov.<\/span><span style=\"font-weight: 400;\">\u00a0<\/span><\/p>\n<p><b>Jamstvo uporabe spletnega mesta<\/b><\/p>\n<p><span style=\"font-weight: 400;\">S temi pogoji izrecno ali tiho ne zagotavljamo, da je vsebina spletnega mesta in\/ali povezanih strani popolna ali posodobljena, da bo spletno mesto in\/ali povezane strani vedno na voljo in dostopno ter da ne bo vsebovalo napak, virusov ali drugih ra\u010dunalni\u0161kih programov, ki bi lahko povzro\u010dili \u0161kodo uporabnikom, registriranim uporabnikom ali tretjim osebam. Vsak uporabnik in registrirani uporabnik se izrecno strinja, da to spletno mesto uporablja na lastno odgovornost.<\/span><\/p>\n<p><span style=\"font-weight: 400;\">Opozarjamo vas, da so vsa gradiva in vsebine na spletnem mestu zgolj informativne narave ter da nismo in ne moremo biti odgovorni za kakr\u0161ne koli posledice, ki bi lahko nastale zaradi va\u0161e razlage in\/ali uporabe gradiv in vsebin na spletnem mestu.<\/span><\/p>\n<p><span style=\"font-weight: 400;\">Z uporabo spletnega mesta www.transakcijskaanaliza.com potrjujete, da boste ravnali v skladu s splo\u0161nimi pogoji in dolo\u010dili ter vsemi pravnimi normami in povezanimi pravnimi predpisi, ki izhajajo iz teh pogojev in dolo\u010dil, vse pa v skladu z veljavno zakonodajo Republike Slovenije. Pridr\u017eujemo si pravico, da kadar koli spremenimo vsebino teh pogojev, pa tudi, da brez predhodnega obvestila prekinemo dostop do tega spletnega mesta.<\/span><\/p>\n<p><span style=\"font-weight: 400;\">Ti pogoji se uporabljajo od 1. septembra 2022. leta.<\/span><\/p>\n<p>[\/et_pb_text][\/et_pb_column][\/et_pb_row][et_pb_row use_custom_gutter=&#8221;on&#8221; gutter_width=&#8221;2&#8243; make_equal=&#8221;on&#8221; admin_label=&#8221;row&#8221; _builder_version=&#8221;4.16&#8243; background_size=&#8221;initial&#8221; background_position=&#8221;top_left&#8221; background_repeat=&#8221;repeat&#8221; z_index=&#8221;386&#8243; width=&#8221;90%&#8221; width_tablet=&#8221;90%&#8221; width_phone=&#8221;90%&#8221; width_last_edited=&#8221;on|tablet&#8221; max_width=&#8221;1200px&#8221; max_width_tablet=&#8221;90%&#8221; max_width_phone=&#8221;90%&#8221; max_width_last_edited=&#8221;on|desktop&#8221; custom_padding=&#8221;11px||||false|false&#8221; global_colors_info=&#8221;{}&#8221;][et_pb_column type=&#8221;4_4&#8243; _builder_version=&#8221;4.16&#8243; custom_padding=&#8221;|||&#8221; global_colors_info=&#8221;{}&#8221; custom_padding__hover=&#8221;|||&#8221;][et_pb_divider color=&#8221;#A86500&#8243; divider_weight=&#8221;100px&#8221; _builder_version=&#8221;4.16&#8243; max_width=&#8221;2px&#8221; module_alignment=&#8221;center&#8221; global_colors_info=&#8221;{}&#8221;][\/et_pb_divider][\/et_pb_column][\/et_pb_row][et_pb_row use_custom_gutter=&#8221;on&#8221; gutter_width=&#8221;2&#8243; make_equal=&#8221;on&#8221; admin_label=&#8221;row&#8221; module_id=&#8221;besplatan-uvodni-razgovor&#8221; _builder_version=&#8221;4.16&#8243; background_size=&#8221;initial&#8221; background_position=&#8221;top_left&#8221; background_repeat=&#8221;repeat&#8221; width=&#8221;90%&#8221; width_tablet=&#8221;90%&#8221; width_phone=&#8221;90%&#8221; width_last_edited=&#8221;on|tablet&#8221; max_width=&#8221;1200px&#8221; max_width_tablet=&#8221;90%&#8221; max_width_phone=&#8221;90%&#8221; max_width_last_edited=&#8221;on|desktop&#8221; custom_margin=&#8221;-60px||||false|false&#8221; custom_padding=&#8221;||0px||false|false&#8221; saved_tabs=&#8221;all&#8221; global_colors_info=&#8221;{}&#8221;][et_pb_column type=&#8221;4_4&#8243; _builder_version=&#8221;4.16&#8243; background_color=&#8221;#ffffff&#8221; custom_padding=&#8221;140px||70px||false|false&#8221; custom_padding_tablet=&#8221;|40px||40px|false|true&#8221; custom_padding_phone=&#8221;|30px||30px|false|true&#8221; custom_padding_last_edited=&#8221;on|phone&#8221; box_shadow_style=&#8221;preset1&#8243; box_shadow_vertical=&#8221;21px&#8221; box_shadow_blur=&#8221;47px&#8221; box_shadow_color=&#8221;rgba(181,181,181,0.3)&#8221; global_colors_info=&#8221;{}&#8221; custom_padding__hover=&#8221;|||&#8221;][et_pb_text _builder_version=&#8221;4.16&#8243; text_font_size=&#8221;17px&#8221; header_2_font=&#8221;Lora|||on|||||&#8221; header_2_text_align=&#8221;center&#8221; header_2_text_color=&#8221;#293038&#8243; header_2_font_size=&#8221;35px&#8221; header_2_letter_spacing=&#8221;-2px&#8221; header_2_line_height=&#8221;1.6em&#8221; max_width_tablet=&#8221;&#8221; max_width_phone=&#8221;100%&#8221; max_width_last_edited=&#8221;on|phone&#8221; module_alignment=&#8221;center&#8221; custom_padding=&#8221;||||false|false&#8221; header_2_font_size_tablet=&#8221;45px&#8221; header_2_font_size_phone=&#8221;25px&#8221; header_2_font_size_last_edited=&#8221;on|phone&#8221; header_2_letter_spacing_tablet=&#8221;-1px&#8221; header_2_letter_spacing_phone=&#8221;-1px&#8221; header_2_letter_spacing_last_edited=&#8221;on|phone&#8221; global_colors_info=&#8221;{}&#8221;]<\/p>\n<h2>Besplatan uvodni razgovor<\/h2>\n<p>[\/et_pb_text][et_pb_text _builder_version=&#8221;4.16&#8243; text_font=&#8221;Barlow|300|||||||&#8221; text_text_color=&#8221;#0a0a0a&#8221; text_font_size=&#8221;20px&#8221; header_2_font_size=&#8221;25px&#8221; text_orientation=&#8221;center&#8221; max_width_tablet=&#8221;&#8221; max_width_phone=&#8221;100%&#8221; max_width_last_edited=&#8221;on|phone&#8221; module_alignment=&#8221;center&#8221; custom_margin=&#8221;-5px||26px||false|false&#8221; global_colors_info=&#8221;{}&#8221;]<\/p>\n<p>Pomo\u0107i \u0107u vam da se prilagodite vrtlogu svakodnevnih rutina.<\/p>\n<p>[\/et_pb_text][et_pb_code _builder_version=&#8221;4.16&#8243; _module_preset=&#8221;default&#8221; width=&#8221;63%&#8221; width_tablet=&#8221;&#8221; width_phone=&#8221;100%&#8221; width_last_edited=&#8221;on|phone&#8221; module_alignment=&#8221;center&#8221; global_colors_info=&#8221;{}&#8221;]<div role=\"form\" class=\"wpcf7\" id=\"wpcf7-f221-o1\" lang=\"hr\" dir=\"ltr\">\n<div class=\"screen-reader-response\"><p role=\"status\" aria-live=\"polite\" aria-atomic=\"true\"><\/p> <ul><\/ul><\/div>\n<form action=\"\/sl\/wp-json\/wp\/v2\/pages\/29981#wpcf7-f221-o1\" method=\"post\" class=\"wpcf7-form init\" novalidate=\"novalidate\" data-status=\"init\">\n<div style=\"display: none;\">\n<input type=\"hidden\" name=\"_wpcf7\" value=\"221\" \/>\n<input type=\"hidden\" name=\"_wpcf7_version\" value=\"5.5.2\" \/>\n<input type=\"hidden\" name=\"_wpcf7_locale\" value=\"hr\" \/>\n<input type=\"hidden\" name=\"_wpcf7_unit_tag\" value=\"wpcf7-f221-o1\" \/>\n<input type=\"hidden\" name=\"_wpcf7_container_post\" value=\"0\" \/>\n<input type=\"hidden\" name=\"_wpcf7_posted_data_hash\" value=\"\" \/>\n<\/div>\n<p> <span class=\"wpcf7-form-control-wrap your-name\"><input type=\"text\" name=\"your-name\" value=\"\" size=\"40\" class=\"wpcf7-form-control wpcf7-text wpcf7-validates-as-required\" aria-required=\"true\" aria-invalid=\"false\" placeholder=\"Ime i prezime\" \/><\/span> <\/p>\n<p>\n    <span class=\"wpcf7-form-control-wrap your-email\"><input type=\"email\" name=\"your-email\" value=\"\" size=\"40\" class=\"wpcf7-form-control wpcf7-text wpcf7-email wpcf7-validates-as-required wpcf7-validates-as-email\" aria-required=\"true\" aria-invalid=\"false\" placeholder=\"Email\" \/><\/span> <\/p>\n<p>\n    <span class=\"wpcf7-form-control-wrap text-625\"><input type=\"text\" name=\"text-625\" value=\"\" size=\"40\" class=\"wpcf7-form-control wpcf7-text\" aria-invalid=\"false\" placeholder=\"Telefon\" \/><\/span> <\/p>\n<p>\n    <span class=\"wpcf7-form-control-wrap your-message\"><textarea name=\"your-message\" cols=\"40\" rows=\"10\" class=\"wpcf7-form-control wpcf7-textarea wpcf7-validates-as-required\" aria-required=\"true\" aria-invalid=\"false\" placeholder=\"Poruka\"><\/textarea><\/span> <\/p>\n<p><input type=\"submit\" value=\"Po\u0161aljite\" class=\"wpcf7-form-control has-spinner wpcf7-submit\" \/><\/p>\n<div class=\"wpcf7-response-output\" aria-hidden=\"true\"><\/div><\/form><\/div>[\/et_pb_code][et_pb_image src=&#8221;https:\/\/transakcijskaanaliza.com\/wp-content\/uploads\/2022\/07\/s5.jpg&#8221; title_text=&#8221;s5&#8243; _builder_version=&#8221;4.16&#8243; _module_preset=&#8221;default&#8221; global_colors_info=&#8221;{}&#8221;][\/et_pb_image][\/et_pb_column][\/et_pb_row][et_pb_row column_structure=&#8221;1_2,1_2&#8243; use_custom_gutter=&#8221;on&#8221; gutter_width=&#8221;2&#8243; make_equal=&#8221;on&#8221; admin_label=&#8221;row&#8221; _builder_version=&#8221;4.16&#8243; background_size=&#8221;initial&#8221; background_position=&#8221;top_left&#8221; background_repeat=&#8221;repeat&#8221; width=&#8221;90%&#8221; width_tablet=&#8221;90%&#8221; width_phone=&#8221;90%&#8221; width_last_edited=&#8221;on|tablet&#8221; max_width=&#8221;1200px&#8221; max_width_tablet=&#8221;90%&#8221; max_width_phone=&#8221;90%&#8221; max_width_last_edited=&#8221;on|desktop&#8221; custom_padding=&#8221;54px||54px||true|&#8221; saved_tabs=&#8221;all&#8221; global_colors_info=&#8221;{}&#8221;][et_pb_column type=&#8221;1_2&#8243; _builder_version=&#8221;4.16&#8243; custom_padding=&#8221;|||&#8221; global_colors_info=&#8221;{}&#8221; custom_padding__hover=&#8221;|||&#8221;][et_pb_text _builder_version=&#8221;4.16&#8243; _module_preset=&#8221;default&#8221; text_font_size=&#8221;15px&#8221; global_colors_info=&#8221;{}&#8221;]<\/p>\n<p>\u00a9 Alan Gregorec. Sva prava pridr\u017eana | <a href=\"https:\/\/transakcijskaanaliza.com\/opci-uvjeti\/\">Op\u0107i uvjeti<\/a><\/p>\n<p>[\/et_pb_text][\/et_pb_column][et_pb_column type=&#8221;1_2&#8243; _builder_version=&#8221;4.16&#8243; custom_padding=&#8221;|||&#8221; global_colors_info=&#8221;{}&#8221; custom_padding__hover=&#8221;|||&#8221;][et_pb_social_media_follow icon_color=&#8221;#333333&#8243; use_icon_font_size=&#8221;on&#8221; icon_font_size=&#8221;22px&#8221; _builder_version=&#8221;4.16&#8243; text_orientation=&#8221;right&#8221; custom_margin=&#8221;-9px||||false|false&#8221; global_colors_info=&#8221;{}&#8221; icon_color__hover_enabled=&#8221;on|desktop&#8221; icon_color__hover=&#8221;#A86500&#8243;][et_pb_social_media_follow_network social_network=&#8221;linkedin&#8221; url=&#8221;https:\/\/www.linkedin.com\/in\/alan-gregorec-62035a\/&#8221; icon_color=&#8221;#FFFFFF&#8221; _builder_version=&#8221;4.16&#8243; _module_preset=&#8221;default&#8221; background_color=&#8221;#007bb6&#8243; global_colors_info=&#8221;{}&#8221; follow_button=&#8221;off&#8221; url_new_window=&#8221;on&#8221;]linkedin[\/et_pb_social_media_follow_network][\/et_pb_social_media_follow][\/et_pb_column][\/et_pb_row][\/et_pb_section]<\/p>\n","protected":false},"excerpt":{"rendered":"<p>Vodja obdelave ConTraco d.o.o., Zagreb, Kraljevec 20A, Mati\u010dna \u0161t.: 41094416046 Uporaba pi\u0161kotkov na spletnem mestu Da bi zagotovili pravilno delovanje spletnega mesta, v\u010dasih v va\u0161e naprave shranimo majhne podatkovne datoteke, znane kot pi\u0161kotki, kar je obi\u010dajna praksa pri uporabi velike ve\u010dine spletnih mest. Pi\u0161kotek je majhna besedilna datoteka, ki se shrani v ra\u010dunalnik ali mobilno [&hellip;]<\/p>\n","protected":false},"author":1,"featured_media":0,"parent":0,"menu_order":0,"comment_status":"closed","ping_status":"closed","template":"","meta":{"_et_pb_use_builder":"on","_et_pb_old_content":"","_et_gb_content_width":""},"_links":{"self":[{"href":"https:\/\/transakcijskaanaliza.com\/sl\/wp-json\/wp\/v2\/pages\/29981"}],"collection":[{"href":"https:\/\/transakcijskaanaliza.com\/sl\/wp-json\/wp\/v2\/pages"}],"about":[{"href":"https:\/\/transakcijskaanaliza.com\/sl\/wp-json\/wp\/v2\/types\/page"}],"author":[{"embeddable":true,"href":"https:\/\/transakcijskaanaliza.com\/sl\/wp-json\/wp\/v2\/users\/1"}],"replies":[{"embeddable":true,"href":"https:\/\/transakcijskaanaliza.com\/sl\/wp-json\/wp\/v2\/comments?post=29981"}],"version-history":[{"count":2,"href":"https:\/\/transakcijskaanaliza.com\/sl\/wp-json\/wp\/v2\/pages\/29981\/revisions"}],"predecessor-version":[{"id":29984,"href":"https:\/\/transakcijskaanaliza.com\/sl\/wp-json\/wp\/v2\/pages\/29981\/revisions\/29984"}],"wp:attachment":[{"href":"https:\/\/transakcijskaanaliza.com\/sl\/wp-json\/wp\/v2\/media?parent=29981"}],"curies":[{"name":"wp","href":"https:\/\/api.w.org\/{rel}","templated":true}]}}