{"id":29931,"date":"2022-06-09T14:50:58","date_gmt":"2022-06-09T13:50:58","guid":{"rendered":"https:\/\/transakcijskaanaliza.com\/strength-based-selling-prodajni-pristup-baziran-na-vlastitim-snagama\/"},"modified":"2024-02-15T06:07:11","modified_gmt":"2024-02-15T05:07:11","slug":"strength-based-selling-prodajni-pristup-baziran-na-vlastitim-snagama","status":"publish","type":"page","link":"https:\/\/transakcijskaanaliza.com\/sl\/strength-based-selling-prodajni-pristup-baziran-na-vlastitim-snagama\/","title":{"rendered":"Strength-based selling"},"content":{"rendered":"<p>[et_pb_section fb_built=&#8221;1&#8243; custom_padding_last_edited=&#8221;on|phone&#8221; admin_label=&#8221;section&#8221; _builder_version=&#8221;4.16&#8243; background_color=&#8221;#444444&#8243; use_background_color_gradient=&#8221;on&#8221; background_color_gradient_stops=&#8221;rgba(0,0,0,0.49) 0%|rgba(0,0,0,0.49) 100%&#8221; background_color_gradient_overlays_image=&#8221;on&#8221; background_color_gradient_start=&#8221;rgba(0,0,0,0.49)&#8221; background_color_gradient_end=&#8221;rgba(0,0,0,0.49)&#8221; background_image=&#8221;https:\/\/transakcijskaanaliza.com\/wp-content\/uploads\/2022\/07\/alan-gregorec-life-coaching.jpg&#8221; background_enable_video_mp4=&#8221;off&#8221; custom_padding=&#8221;90px||137px||false|false&#8221; custom_padding_tablet=&#8221;&#8221; custom_padding_phone=&#8221;65px||25px||false|false&#8221; saved_tabs=&#8221;all&#8221; global_colors_info=&#8221;{}&#8221;][et_pb_row use_custom_gutter=&#8221;on&#8221; gutter_width=&#8221;2&#8243; make_equal=&#8221;on&#8221; admin_label=&#8221;row&#8221; _builder_version=&#8221;4.16&#8243; background_size=&#8221;initial&#8221; background_position=&#8221;top_left&#8221; background_repeat=&#8221;repeat&#8221; width=&#8221;65%&#8221; width_tablet=&#8221;90%&#8221; width_phone=&#8221;90%&#8221; width_last_edited=&#8221;on|tablet&#8221; max_width=&#8221;1200px&#8221; max_width_tablet=&#8221;90%&#8221; max_width_phone=&#8221;90%&#8221; max_width_last_edited=&#8221;on|desktop&#8221; custom_padding=&#8221;||9px|||&#8221; animation_style=&#8221;fade&#8221; global_colors_info=&#8221;{}&#8221;][et_pb_column type=&#8221;4_4&#8243; _builder_version=&#8221;4.16&#8243; custom_padding=&#8221;|||&#8221; global_colors_info=&#8221;{}&#8221; custom_padding__hover=&#8221;|||&#8221;][et_pb_post_title meta=&#8221;off&#8221; _builder_version=&#8221;4.16&#8243; _module_preset=&#8221;default&#8221; title_text_align=&#8221;center&#8221; title_text_color=&#8221;#FFFFFF&#8221; title_font_size=&#8221;40px&#8221; title_line_height=&#8221;1.3em&#8221; global_colors_info=&#8221;{}&#8221;][\/et_pb_post_title][\/et_pb_column][\/et_pb_row][\/et_pb_section][et_pb_section fb_built=&#8221;1&#8243; admin_label=&#8221;section&#8221; _builder_version=&#8221;4.16&#8243; background_color=&#8221;#F4F4F4&#8243; custom_padding=&#8221;1px||0px||false|false&#8221; global_colors_info=&#8221;{}&#8221;][et_pb_row use_custom_gutter=&#8221;on&#8221; gutter_width=&#8221;2&#8243; make_equal=&#8221;on&#8221; admin_label=&#8221;row&#8221; _builder_version=&#8221;4.16&#8243; background_size=&#8221;initial&#8221; background_position=&#8221;top_left&#8221; background_repeat=&#8221;repeat&#8221; z_index=&#8221;500&#8243; width=&#8221;90%&#8221; width_tablet=&#8221;90%&#8221; width_phone=&#8221;90%&#8221; width_last_edited=&#8221;on|tablet&#8221; max_width=&#8221;1200px&#8221; max_width_tablet=&#8221;90%&#8221; max_width_phone=&#8221;90%&#8221; max_width_last_edited=&#8221;on|desktop&#8221; custom_margin=&#8221;-80px||||false|false&#8221; custom_margin_tablet=&#8221;-80px||||false|false&#8221; custom_margin_phone=&#8221;0px||||false|false&#8221; custom_margin_last_edited=&#8221;on|phone&#8221; custom_padding=&#8221;1px||0px||false|false&#8221; global_colors_info=&#8221;{}&#8221;][et_pb_column type=&#8221;4_4&#8243; _builder_version=&#8221;4.16&#8243; background_color=&#8221;#ffffff&#8221; custom_padding=&#8221;||80px||false|false&#8221; custom_padding_tablet=&#8221;||80px||false|false&#8221; custom_padding_phone=&#8221;||0px||false|false&#8221; custom_padding_last_edited=&#8221;on|phone&#8221; box_shadow_style=&#8221;preset1&#8243; box_shadow_vertical=&#8221;21px&#8221; box_shadow_blur=&#8221;47px&#8221; box_shadow_color=&#8221;rgba(181,181,181,0.3)&#8221; global_colors_info=&#8221;{}&#8221; custom_padding__hover=&#8221;|||&#8221;][et_pb_text _builder_version=&#8221;4.18.0&#8243; text_font=&#8221;||||||||&#8221; text_text_color=&#8221;#333&#8243; text_font_size=&#8221;17px&#8221; header_2_font_size=&#8221;28px&#8221; header_2_line_height=&#8221;1.4em&#8221; max_width_tablet=&#8221;&#8221; max_width_phone=&#8221;100%&#8221; max_width_last_edited=&#8221;on|phone&#8221; module_alignment=&#8221;center&#8221; custom_margin=&#8221;50px||||false|false&#8221; custom_padding=&#8221;|30px||30px|false|true&#8221; global_colors_info=&#8221;{}&#8221;]Vsakomur, ki je kdaj posku\u0161al kaj prodati, je jasno, da ni enega samega popolnega na\u010dina prodaje. Kar deluje pri nekaterih, ne deluje pri drugih. &#8220;Pravega na\u010dina prodaje ni. Predstavnikov prodaje je toliko kot tehnik prodaje.&#8221; Ta citat dobro opisuje bistvo problema &#8211; recepta za popolno prodajo ni in to dobro vem iz lastnih izku\u0161enj. Zato je nesmiselno iskati odgovore pri drugih prodajalcih in kopirati njihove tehnike.<\/p>\n<p><img loading=\"lazy\" class=\"wp-image-29090 alignnone size-full\" src=\"https:\/\/transakcijskaanaliza.com\/wp-content\/uploads\/2022\/06\/Strength-based-selling-img.jpg\" alt=\"\" width=\"1200\" height=\"662\" srcset=\"https:\/\/transakcijskaanaliza.com\/wp-content\/uploads\/2022\/06\/Strength-based-selling-img.jpg 1200w, https:\/\/transakcijskaanaliza.com\/wp-content\/uploads\/2022\/06\/Strength-based-selling-img-980x541.jpg 980w, https:\/\/transakcijskaanaliza.com\/wp-content\/uploads\/2022\/06\/Strength-based-selling-img-480x265.jpg 480w\" sizes=\"(min-width: 0px) and (max-width: 480px) 480px, (min-width: 481px) and (max-width: 980px) 980px, (min-width: 981px) 1200px, 100vw\" \/>[\/et_pb_text][\/et_pb_column][\/et_pb_row][et_pb_row use_custom_gutter=&#8221;on&#8221; gutter_width=&#8221;2&#8243; make_equal=&#8221;on&#8221; _builder_version=&#8221;4.16&#8243; _module_preset=&#8221;default&#8221; background_color=&#8221;#FFFFFF&#8221; background_size=&#8221;initial&#8221; background_position=&#8221;top_left&#8221; background_repeat=&#8221;repeat&#8221; z_index=&#8221;500&#8243; width=&#8221;90%&#8221; width_tablet=&#8221;90%&#8221; width_phone=&#8221;90%&#8221; width_last_edited=&#8221;on|tablet&#8221; max_width=&#8221;1200px&#8221; max_width_tablet=&#8221;90%&#8221; max_width_phone=&#8221;90%&#8221; max_width_last_edited=&#8221;on|desktop&#8221; custom_margin=&#8221;-80px||||false|false&#8221; custom_margin_tablet=&#8221;-80px||||false|false&#8221; custom_margin_phone=&#8221;0px||||false|false&#8221; custom_margin_last_edited=&#8221;on|phone&#8221; custom_padding=&#8221;1px||6px||false|false&#8221; box_shadow_style=&#8221;preset1&#8243; box_shadow_vertical=&#8221;45px&#8221; box_shadow_blur=&#8221;47px&#8221; global_colors_info=&#8221;{}&#8221;][et_pb_column type=&#8221;4_4&#8243; _builder_version=&#8221;4.16&#8243; _module_preset=&#8221;default&#8221; global_colors_info=&#8221;{}&#8221;][et_pb_text _builder_version=&#8221;4.18.0&#8243; _module_preset=&#8221;default&#8221; text_font=&#8221;Barlow||||||||&#8221; text_text_color=&#8221;#333&#8243; text_font_size=&#8221;20px&#8221; header_2_font_size=&#8221;28px&#8221; header_2_line_height=&#8221;1.4em&#8221; max_width_tablet=&#8221;&#8221; max_width_phone=&#8221;100%&#8221; max_width_last_edited=&#8221;on|phone&#8221; module_alignment=&#8221;center&#8221; custom_margin=&#8221;35px||||false|false&#8221; custom_padding=&#8221;|30px||30px|false|true&#8221; global_colors_info=&#8221;{}&#8221;]<\/p>\n<p><strong>Kako dolo\u010diti svojo prodajno tehniko?<\/strong><\/p>\n<p>[\/et_pb_text][\/et_pb_column][\/et_pb_row][et_pb_row use_custom_gutter=&#8221;on&#8221; gutter_width=&#8221;2&#8243; make_equal=&#8221;on&#8221; _builder_version=&#8221;4.16&#8243; _module_preset=&#8221;default&#8221; background_color=&#8221;#FFFFFF&#8221; background_size=&#8221;initial&#8221; background_position=&#8221;top_left&#8221; background_repeat=&#8221;repeat&#8221; z_index=&#8221;500&#8243; width=&#8221;90%&#8221; width_tablet=&#8221;90%&#8221; width_phone=&#8221;90%&#8221; width_last_edited=&#8221;on|tablet&#8221; max_width=&#8221;1200px&#8221; max_width_tablet=&#8221;90%&#8221; max_width_phone=&#8221;90%&#8221; max_width_last_edited=&#8221;on|desktop&#8221; custom_margin=&#8221;0px|auto|0px|auto|false|false&#8221; custom_padding=&#8221;0px||0px||false|false&#8221; box_shadow_style=&#8221;preset1&#8243; box_shadow_vertical=&#8221;45px&#8221; box_shadow_blur=&#8221;47px&#8221; global_colors_info=&#8221;{}&#8221;][et_pb_column type=&#8221;4_4&#8243; _builder_version=&#8221;4.16&#8243; _module_preset=&#8221;default&#8221; global_colors_info=&#8221;{}&#8221;][et_pb_text _builder_version=&#8221;4.18.0&#8243; _module_preset=&#8221;default&#8221; text_font=&#8221;||||||||&#8221; text_text_color=&#8221;#333&#8243; text_font_size=&#8221;17px&#8221; ul_line_height=&#8221;1.5em&#8221; header_2_font_size=&#8221;28px&#8221; header_2_line_height=&#8221;1.4em&#8221; max_width_tablet=&#8221;&#8221; max_width_phone=&#8221;100%&#8221; max_width_last_edited=&#8221;on|phone&#8221; module_alignment=&#8221;center&#8221; custom_margin=&#8221;0px||||false|false&#8221; custom_padding=&#8221;|30px||30px|false|true&#8221; global_colors_info=&#8221;{}&#8221;]Tako kot na drugih podro\u010djih \u017eivljenja imamo tudi v prodaji razli\u010dne talente. Gallupovi znanstveniki \u017ee desetletja preu\u010dujejo in merijo u\u010dinke razvoja mo\u010di na uspe\u0161nost v prodajnih organizacijah. Kar so odkrili, je pravzaprav povsem logi\u010dno &#8211; najuspe\u0161nej\u0161i so bili tisti prodajalci, ki so poznali svoje talente in jih uporabljali v svojih prodajnih tehnikah. Ker je vsak od nas edinstven, ni smiselno, da se ravnamo po tehniki nekoga drugega, temve\u010d morate prepoznati, kaj vas \u010daka, in razviti te prednosti ter jih spremeniti v osebni pristop. Ne glede na to, v katerem delu prodajne verige ste, ali ste neposredno vklju\u010deni v prodajo ali \u017eelite izbolj\u0161ati svojo ekipo, je pomembno, da razumete, kako spretnosti spremeniti v uspe\u0161ne prodajne rezultate. Ta pristop je uporaben tudi za tiste, ki \u017ee imajo nekaj uspeha, a \u010de bi se za\u010deli osredoto\u010dati na svoje talente, bi se ta le \u0161e pove\u010dal.[\/et_pb_text][\/et_pb_column][\/et_pb_row][et_pb_row use_custom_gutter=&#8221;on&#8221; gutter_width=&#8221;2&#8243; make_equal=&#8221;on&#8221; _builder_version=&#8221;4.16&#8243; _module_preset=&#8221;default&#8221; background_color=&#8221;#FFFFFF&#8221; background_size=&#8221;initial&#8221; background_position=&#8221;top_left&#8221; background_repeat=&#8221;repeat&#8221; z_index=&#8221;500&#8243; width=&#8221;90%&#8221; width_tablet=&#8221;90%&#8221; width_phone=&#8221;90%&#8221; width_last_edited=&#8221;on|tablet&#8221; max_width=&#8221;1200px&#8221; max_width_tablet=&#8221;90%&#8221; max_width_phone=&#8221;90%&#8221; max_width_last_edited=&#8221;on|desktop&#8221; custom_margin=&#8221;||||false|false&#8221; custom_margin_tablet=&#8221;-80px||||false|false&#8221; custom_margin_phone=&#8221;0px||||false|false&#8221; custom_margin_last_edited=&#8221;on|phone&#8221; custom_padding=&#8221;0px||0px||false|false&#8221; box_shadow_style=&#8221;preset1&#8243; box_shadow_vertical=&#8221;45px&#8221; box_shadow_blur=&#8221;47px&#8221; global_colors_info=&#8221;{}&#8221;][et_pb_column type=&#8221;4_4&#8243; _builder_version=&#8221;4.16&#8243; _module_preset=&#8221;default&#8221; global_colors_info=&#8221;{}&#8221;][et_pb_text _builder_version=&#8221;4.18.0&#8243; _module_preset=&#8221;default&#8221; text_font=&#8221;Barlow||||||||&#8221; text_text_color=&#8221;#333&#8243; text_font_size=&#8221;20px&#8221; header_2_font_size=&#8221;28px&#8221; header_2_line_height=&#8221;1.4em&#8221; max_width_tablet=&#8221;&#8221; max_width_phone=&#8221;100%&#8221; max_width_last_edited=&#8221;on|phone&#8221; module_alignment=&#8221;center&#8221; custom_margin=&#8221;35px||||false|false&#8221; custom_padding=&#8221;|30px||30px|false|true&#8221; global_colors_info=&#8221;{}&#8221;]<\/p>\n<p><strong>Kaj je pravzaprav prodajni pristop, ki temelji na mo\u010deh?<\/strong><\/p>\n<p>[\/et_pb_text][\/et_pb_column][\/et_pb_row][et_pb_row use_custom_gutter=&#8221;on&#8221; gutter_width=&#8221;2&#8243; make_equal=&#8221;on&#8221; _builder_version=&#8221;4.16&#8243; _module_preset=&#8221;default&#8221; background_color=&#8221;#FFFFFF&#8221; background_size=&#8221;initial&#8221; background_position=&#8221;top_left&#8221; background_repeat=&#8221;repeat&#8221; z_index=&#8221;500&#8243; width=&#8221;90%&#8221; width_tablet=&#8221;90%&#8221; width_phone=&#8221;90%&#8221; width_last_edited=&#8221;on|tablet&#8221; max_width=&#8221;1200px&#8221; max_width_tablet=&#8221;90%&#8221; max_width_phone=&#8221;90%&#8221; max_width_last_edited=&#8221;on|desktop&#8221; custom_margin=&#8221;0px||||false|false&#8221; custom_padding=&#8221;0px||50px||false|false&#8221; box_shadow_style=&#8221;preset1&#8243; box_shadow_vertical=&#8221;45px&#8221; box_shadow_blur=&#8221;47px&#8221; global_colors_info=&#8221;{}&#8221;][et_pb_column type=&#8221;4_4&#8243; _builder_version=&#8221;4.16&#8243; _module_preset=&#8221;default&#8221; global_colors_info=&#8221;{}&#8221;][et_pb_text _builder_version=&#8221;4.18.0&#8243; _module_preset=&#8221;default&#8221; text_font=&#8221;||||||||&#8221; text_text_color=&#8221;#333&#8243; text_font_size=&#8221;17px&#8221; header_2_font_size=&#8221;28px&#8221; header_2_line_height=&#8221;1.4em&#8221; max_width_tablet=&#8221;&#8221; max_width_phone=&#8221;100%&#8221; max_width_last_edited=&#8221;on|phone&#8221; module_alignment=&#8221;center&#8221; custom_margin=&#8221;0px||||false|false&#8221; custom_padding=&#8221;|30px||30px|false|true&#8221; global_colors_info=&#8221;{}&#8221;]Samostojen pristop k prodaji prepoznava edinstvene in zna\u010dilne lastnosti vsakega prodajalca ter te talente spreminja v prednosti in orodja. \u010ce bomo sodelovali, lahko prepoznam va\u0161e sposobnosti in vas nau\u010dim, kako jih uporabiti v prodaji. Ko boste za\u010deli uporabljati svoje prednosti in na njih graditi tehniko, boste lahko zgradili bolj\u0161e poslovne odnose in stranki ponudili nekaj edinstvenega, nekaj, zaradi \u010desar ste posebni. <\/p>\n<p><b>Prodajalci dosegajo najbolj\u0161e rezultate z izbolj\u0161evanjem tega, kar \u017ee so, najve\u010dja nevarnost pa se skriva v tem, da pogosto \u017eelimo biti nekdo, ki nismo.<\/b><\/p>\n<p>Tako kot v vsakdanjem \u017eivljenju tudi v svetu prodaje ni dveh enakih posameznikov. Prav tako ne bi smelo biti enakih prodajnih pristopov. Nekdo se lahko najbolje odre\u017ee z nadvse analiti\u010dnim delom, medtem ko drugi najbolje deluje z vzpostavljanjem odnosa s stranko. Vsak od nas ima nekaj svojega, na podlagi \u010desar lahko gradi tehnologijo in tako osvaja poslovni svet. \u010ce prodajalec pozna svoje sposobnosti, prepozna svoje talente ter se posku\u0161a razvijati in delovati na tem podro\u010dju, bo razvil tudi bolj\u0161o samozavest, ki mu bo pomagala pri vzpostavljanju novih poslovnih odnosov.<\/p>\n<p><b>\u010ce ste vodja ekipe, razmislite o naslednjih idejah:<\/b><\/p>\n<p>1. Dajte ekipi prilo\u017enost, da opi\u0161e svoje uspehe ali najbolj\u0161e trenutke.<\/p>\n<p>2. Prepoznajte talente svoje ekipe in razumite, zakaj jim je v dolo\u010denih trenutkih uspelo.<\/p>\n<p>3. Dajte jim prilo\u017enosti, da bodo lahko naredili ve\u010d tistega, v \u010demer so najbolj\u0161i.<\/p>\n<p>4. Ne posku\u0161ajte spreminjati ljudi v to, kar \u017eelite, da bi bili, ali v nekaj, kar niso.<\/p>\n<p>Nima smisla upo\u0161tevati zastarelih pravil in standardov, vsak \u010dlan va\u0161e ekipe je edinstven in najbolje je, da prepoznate njegove talente in ga spodbudite, da jih uporabi. \u010ce boste zaposlene spodbujali, da uporabljajo svoje naravne prednosti, namesto da jih posku\u0161ate spremeniti v nekaj, kar niso, boste ugotovili, kako uspe\u0161en je ta pristop. Ta pristop <b>vam bo kot<\/b><b>vodji<\/b> koristil za dobi\u010dek in timsko delo va\u0161ih zaposlenih, <b>va\u0161i ekipi<\/b>, ker bodo delali na sebi in jim bo prihod na delo pomenil razvoj v smeri, ki jim je naravna, namesto da se pretvarjajo, da pripadajo nekim normam, in <b>va\u0161im strankam<\/b>, ker jim boste pokazali nekaj pristnega, kar ponujate samo vi. Tako kot se prodaja osredoto\u010da na ciljno skupino in v skladu s tem prilagaja tr\u017eenjski pristop, tudi prodaja temelji na prednostih in pojasnjuje prodajni talent posameznika ter kako ga prepoznati in \u010dim bolj izkoristiti.[\/et_pb_text][\/et_pb_column][\/et_pb_row][\/et_pb_section]<\/p>\n","protected":false},"excerpt":{"rendered":"<p>Vsakomur, ki je kdaj posku\u0161al kaj prodati, je jasno, da ni enega samega popolnega na\u010dina prodaje. Kar deluje pri nekaterih, ne deluje pri drugih. &#8220;Pravega na\u010dina prodaje ni. Predstavnikov prodaje je toliko kot tehnik prodaje.&#8221; Ta citat dobro opisuje bistvo problema &#8211; recepta za popolno prodajo ni in to dobro vem iz lastnih izku\u0161enj. Zato [&hellip;]<\/p>\n","protected":false},"author":1,"featured_media":0,"parent":0,"menu_order":0,"comment_status":"closed","ping_status":"closed","template":"","meta":{"_et_pb_use_builder":"on","_et_pb_old_content":"","_et_gb_content_width":""},"_links":{"self":[{"href":"https:\/\/transakcijskaanaliza.com\/sl\/wp-json\/wp\/v2\/pages\/29931"}],"collection":[{"href":"https:\/\/transakcijskaanaliza.com\/sl\/wp-json\/wp\/v2\/pages"}],"about":[{"href":"https:\/\/transakcijskaanaliza.com\/sl\/wp-json\/wp\/v2\/types\/page"}],"author":[{"embeddable":true,"href":"https:\/\/transakcijskaanaliza.com\/sl\/wp-json\/wp\/v2\/users\/1"}],"replies":[{"embeddable":true,"href":"https:\/\/transakcijskaanaliza.com\/sl\/wp-json\/wp\/v2\/comments?post=29931"}],"version-history":[{"count":5,"href":"https:\/\/transakcijskaanaliza.com\/sl\/wp-json\/wp\/v2\/pages\/29931\/revisions"}],"predecessor-version":[{"id":30191,"href":"https:\/\/transakcijskaanaliza.com\/sl\/wp-json\/wp\/v2\/pages\/29931\/revisions\/30191"}],"wp:attachment":[{"href":"https:\/\/transakcijskaanaliza.com\/sl\/wp-json\/wp\/v2\/media?parent=29931"}],"curies":[{"name":"wp","href":"https:\/\/api.w.org\/{rel}","templated":true}]}}