{"id":29923,"date":"2022-06-09T13:34:45","date_gmt":"2022-06-09T12:34:45","guid":{"rendered":"https:\/\/transakcijskaanaliza.com\/strength-based-coaching\/"},"modified":"2023-04-13T16:45:07","modified_gmt":"2023-04-13T15:45:07","slug":"strength-based-coaching","status":"publish","type":"page","link":"https:\/\/transakcijskaanaliza.com\/sl\/strength-based-coaching\/","title":{"rendered":"Strength-based coaching"},"content":{"rendered":"<p>[et_pb_section fb_built=&#8221;1&#8243; custom_padding_last_edited=&#8221;on|phone&#8221; admin_label=&#8221;section&#8221; _builder_version=&#8221;4.16&#8243; background_color=&#8221;#444444&#8243; use_background_color_gradient=&#8221;on&#8221; background_color_gradient_stops=&#8221;rgba(0,0,0,0.49) 0%|rgba(0,0,0,0.49) 100%&#8221; background_color_gradient_overlays_image=&#8221;on&#8221; background_color_gradient_start=&#8221;rgba(0,0,0,0.49)&#8221; background_color_gradient_end=&#8221;rgba(0,0,0,0.49)&#8221; background_image=&#8221;https:\/\/transakcijskaanaliza.com\/wp-content\/uploads\/2022\/07\/alan-gregorec-life-coaching.jpg&#8221; background_enable_video_mp4=&#8221;off&#8221; custom_padding=&#8221;90px||137px||false|false&#8221; custom_padding_tablet=&#8221;&#8221; custom_padding_phone=&#8221;65px||25px||false|false&#8221; saved_tabs=&#8221;all&#8221; global_colors_info=&#8221;{}&#8221; global_module=&#8221;29833&#8243; theme_builder_area=&#8221;post_content&#8221;][et_pb_row use_custom_gutter=&#8221;on&#8221; gutter_width=&#8221;2&#8243; make_equal=&#8221;on&#8221; admin_label=&#8221;row&#8221; _builder_version=&#8221;4.16&#8243; background_size=&#8221;initial&#8221; background_position=&#8221;top_left&#8221; background_repeat=&#8221;repeat&#8221; width=&#8221;65%&#8221; width_tablet=&#8221;90%&#8221; width_phone=&#8221;90%&#8221; width_last_edited=&#8221;on|tablet&#8221; max_width=&#8221;1200px&#8221; max_width_tablet=&#8221;90%&#8221; max_width_phone=&#8221;90%&#8221; max_width_last_edited=&#8221;on|desktop&#8221; custom_padding=&#8221;||9px|||&#8221; animation_style=&#8221;fade&#8221; global_colors_info=&#8221;{}&#8221; theme_builder_area=&#8221;post_content&#8221;][et_pb_column type=&#8221;4_4&#8243; _builder_version=&#8221;4.16&#8243; custom_padding=&#8221;|||&#8221; global_colors_info=&#8221;{}&#8221; custom_padding__hover=&#8221;|||&#8221; theme_builder_area=&#8221;post_content&#8221;][et_pb_post_title meta=&#8221;off&#8221; _builder_version=&#8221;4.16&#8243; _module_preset=&#8221;default&#8221; title_text_align=&#8221;center&#8221; title_text_color=&#8221;#FFFFFF&#8221; title_font_size=&#8221;40px&#8221; title_line_height=&#8221;1.3em&#8221; global_colors_info=&#8221;{}&#8221; theme_builder_area=&#8221;post_content&#8221;][\/et_pb_post_title][\/et_pb_column][\/et_pb_row][et_pb_row use_custom_gutter=&#8221;on&#8221; gutter_width=&#8221;1&#8243; make_equal=&#8221;on&#8221; admin_label=&#8221;row&#8221; _builder_version=&#8221;4.16&#8243; background_size=&#8221;initial&#8221; background_position=&#8221;top_left&#8221; background_repeat=&#8221;repeat&#8221; width=&#8221;90%&#8221; width_tablet=&#8221;90%&#8221; width_phone=&#8221;90%&#8221; width_last_edited=&#8221;on|tablet&#8221; max_width=&#8221;1200px&#8221; max_width_tablet=&#8221;90%&#8221; max_width_phone=&#8221;90%&#8221; max_width_last_edited=&#8221;on|desktop&#8221; custom_padding=&#8221;12px||33px||false|false&#8221; animation_style=&#8221;fade&#8221; global_colors_info=&#8221;{}&#8221; theme_builder_area=&#8221;post_content&#8221;][et_pb_column type=&#8221;4_4&#8243; _builder_version=&#8221;4.16&#8243; custom_padding=&#8221;|||&#8221; global_colors_info=&#8221;{}&#8221; custom_padding__hover=&#8221;|||&#8221; theme_builder_area=&#8221;post_content&#8221;][et_pb_button button_url=&#8221;#besplatan-uvodni-razgovor&#8221; button_text=&#8221;U bilo koje doba me slobodno nazovite&#8221; button_alignment=&#8221;center&#8221; button_alignment_tablet=&#8221;center&#8221; button_alignment_phone=&#8221;center&#8221; button_alignment_last_edited=&#8221;on|desktop&#8221; _builder_version=&#8221;4.16&#8243; custom_button=&#8221;on&#8221; button_text_size=&#8221;15px&#8221; button_text_color=&#8221;#ffffff&#8221; button_bg_color=&#8221;#A86500&#8243; button_border_color=&#8221;#A86500&#8243; button_border_radius=&#8221;0px&#8221; button_letter_spacing=&#8221;1px&#8221; button_font=&#8221;Barlow|600||on|||||&#8221; button_use_icon=&#8221;off&#8221; custom_padding=&#8221;16px|36px|16px|36px|true|true&#8221; global_colors_info=&#8221;{}&#8221; button_text_color__hover_enabled=&#8221;on|hover&#8221; button_text_color__hover=&#8221;#ffffff&#8221; button_bg_color__hover_enabled=&#8221;on|hover&#8221; button_bg_color__hover=&#8221;#333333&#8243; button_bg_enable_color__hover=&#8221;on&#8221; button_border_color__hover_enabled=&#8221;on|hover&#8221; button_border_color__hover=&#8221;#333&#8243; button_letter_spacing__hover_enabled=&#8221;on|desktop&#8221; button_letter_spacing__hover=&#8221;1px&#8221; theme_builder_area=&#8221;post_content&#8221;][\/et_pb_button][\/et_pb_column][\/et_pb_row][\/et_pb_section][et_pb_section fb_built=&#8221;1&#8243; admin_label=&#8221;section&#8221; _builder_version=&#8221;4.16&#8243; background_color=&#8221;#F4F4F4&#8243; custom_padding=&#8221;1px||0px||false|false&#8221; global_colors_info=&#8221;{}&#8221;][et_pb_row use_custom_gutter=&#8221;on&#8221; gutter_width=&#8221;2&#8243; make_equal=&#8221;on&#8221; admin_label=&#8221;row&#8221; _builder_version=&#8221;4.16&#8243; background_size=&#8221;initial&#8221; background_position=&#8221;top_left&#8221; background_repeat=&#8221;repeat&#8221; z_index=&#8221;500&#8243; width=&#8221;90%&#8221; width_tablet=&#8221;90%&#8221; width_phone=&#8221;90%&#8221; width_last_edited=&#8221;on|tablet&#8221; max_width=&#8221;1200px&#8221; max_width_tablet=&#8221;90%&#8221; max_width_phone=&#8221;90%&#8221; max_width_last_edited=&#8221;on|desktop&#8221; custom_margin=&#8221;-80px||||false|false&#8221; custom_margin_tablet=&#8221;-80px||||false|false&#8221; custom_margin_phone=&#8221;0px||||false|false&#8221; custom_margin_last_edited=&#8221;on|phone&#8221; custom_padding=&#8221;1px||0px||false|false&#8221; global_colors_info=&#8221;{}&#8221;][et_pb_column type=&#8221;4_4&#8243; _builder_version=&#8221;4.16&#8243; background_color=&#8221;#ffffff&#8221; custom_padding=&#8221;||80px||false|false&#8221; custom_padding_tablet=&#8221;||80px||false|false&#8221; custom_padding_phone=&#8221;||0px||false|false&#8221; custom_padding_last_edited=&#8221;on|phone&#8221; box_shadow_style=&#8221;preset1&#8243; box_shadow_vertical=&#8221;21px&#8221; box_shadow_blur=&#8221;47px&#8221; box_shadow_color=&#8221;rgba(181,181,181,0.3)&#8221; global_colors_info=&#8221;{}&#8221; custom_padding__hover=&#8221;|||&#8221;][et_pb_text _builder_version=&#8221;4.18.0&#8243; text_font=&#8221;||||||||&#8221; text_text_color=&#8221;#333&#8243; text_font_size=&#8221;17px&#8221; header_2_font_size=&#8221;28px&#8221; header_2_line_height=&#8221;1.4em&#8221; max_width_tablet=&#8221;&#8221; max_width_phone=&#8221;100%&#8221; max_width_last_edited=&#8221;on|phone&#8221; module_alignment=&#8221;center&#8221; custom_margin=&#8221;50px||||false|false&#8221; custom_padding=&#8221;|30px||30px|false|true&#8221; hover_enabled=&#8221;0&#8243; global_colors_info=&#8221;{}&#8221; sticky_enabled=&#8221;0&#8243;]<\/p>\n<p><span style=\"color: #333333; font-size: 12pt;\"><span style=\"font-family: Open Sans, serif;\">Verjetno ste \u017ee vsaj enkrat sli\u0161ali, da lahko postanete karkoli, \u010de dovolj verjamete vase. To je le delno res, vendar samo vera ni dovolj, za uspeh moramo imeti neko osnovo za to, v \u010dem \u017eelimo biti dobri. Ta temelj so na\u0161i talenti. Pomembno je, da poznamo sebe in svoje prednosti, da lahko dose\u017eemo svoj polni potencial. Vsak od nas je edinstven, gradi nas ve\u010d razli\u010dnih talentov in vsak od nas se najbolje razvija v edinstveni smeri. Na\u0161i talenti nas lo\u010dijo od drugih, prirojeno nam je, da se obna\u0161amo po njih, vendar v\u010dasih potrebujemo nekaj pomo\u010di, da jih razvijemo v celoti. Ko bomo spoznali svoje talente, bomo odkrili nova obzorja in si omogo\u010dili, da dose\u017eemo svojo najbolj\u0161o mo\u017eno razli\u010dico.<\/span><\/span><\/p>\n<p><span style=\"font-weight: 400;\"><img loading=\"lazy\" class=\"wp-image-29116 alignnone size-full\" src=\"https:\/\/transakcijskaanaliza.com\/wp-content\/uploads\/2022\/07\/Strength-based-coaching-img.jpg\" alt=\"\" width=\"1200\" height=\"600\" srcset=\"https:\/\/transakcijskaanaliza.com\/wp-content\/uploads\/2022\/07\/Strength-based-coaching-img.jpg 1200w, https:\/\/transakcijskaanaliza.com\/wp-content\/uploads\/2022\/07\/Strength-based-coaching-img-980x490.jpg 980w, https:\/\/transakcijskaanaliza.com\/wp-content\/uploads\/2022\/07\/Strength-based-coaching-img-480x240.jpg 480w\" sizes=\"(min-width: 0px) and (max-width: 480px) 480px, (min-width: 481px) and (max-width: 980px) 980px, (min-width: 981px) 1200px, 100vw\" \/><\/span><\/p>\n<p>[\/et_pb_text][\/et_pb_column][\/et_pb_row][et_pb_row use_custom_gutter=&#8221;on&#8221; gutter_width=&#8221;2&#8243; make_equal=&#8221;on&#8221; _builder_version=&#8221;4.16&#8243; _module_preset=&#8221;default&#8221; background_color=&#8221;#FFFFFF&#8221; background_size=&#8221;initial&#8221; background_position=&#8221;top_left&#8221; background_repeat=&#8221;repeat&#8221; z_index=&#8221;500&#8243; width=&#8221;90%&#8221; width_tablet=&#8221;90%&#8221; width_phone=&#8221;90%&#8221; width_last_edited=&#8221;on|tablet&#8221; max_width=&#8221;1200px&#8221; max_width_tablet=&#8221;90%&#8221; max_width_phone=&#8221;90%&#8221; max_width_last_edited=&#8221;on|desktop&#8221; custom_margin=&#8221;-80px||||false|false&#8221; custom_margin_tablet=&#8221;-80px||||false|false&#8221; custom_margin_phone=&#8221;0px||||false|false&#8221; custom_margin_last_edited=&#8221;on|phone&#8221; custom_padding=&#8221;1px||6px||false|false&#8221; box_shadow_style=&#8221;preset1&#8243; box_shadow_vertical=&#8221;45px&#8221; box_shadow_blur=&#8221;47px&#8221; global_colors_info=&#8221;{}&#8221;][et_pb_column type=&#8221;4_4&#8243; _builder_version=&#8221;4.16&#8243; _module_preset=&#8221;default&#8221; global_colors_info=&#8221;{}&#8221;][et_pb_text _builder_version=&#8221;4.18.0&#8243; _module_preset=&#8221;default&#8221; text_font=&#8221;Barlow||||||||&#8221; text_text_color=&#8221;#333&#8243; text_font_size=&#8221;20px&#8221; header_2_font_size=&#8221;28px&#8221; header_2_line_height=&#8221;1.4em&#8221; max_width_tablet=&#8221;&#8221; max_width_phone=&#8221;100%&#8221; max_width_last_edited=&#8221;on|phone&#8221; module_alignment=&#8221;center&#8221; custom_margin=&#8221;35px||||false|false&#8221; custom_padding=&#8221;|30px||30px|false|true&#8221; hover_enabled=&#8221;0&#8243; global_colors_info=&#8221;{}&#8221; sticky_enabled=&#8221;0&#8243;]<\/p>\n<p><span style=\"font-family: Open Sans, serif;\"><span style=\"font-size: x-large;\"><b><span style=\"color: #333333;\">Razvoj, ki temelji na va\u0161ih naravnih mo\u010deh (strengths), je edinstven, saj gradi na podro\u010djih najve\u010djih potencialov, ne pa na premagovanju va\u0161ih slabosti.<\/span><\/b><\/span><\/span><\/p>\n<p>[\/et_pb_text][\/et_pb_column][\/et_pb_row][et_pb_row use_custom_gutter=&#8221;on&#8221; gutter_width=&#8221;2&#8243; make_equal=&#8221;on&#8221; _builder_version=&#8221;4.16&#8243; _module_preset=&#8221;default&#8221; background_color=&#8221;#FFFFFF&#8221; background_size=&#8221;initial&#8221; background_position=&#8221;top_left&#8221; background_repeat=&#8221;repeat&#8221; z_index=&#8221;500&#8243; width=&#8221;90%&#8221; width_tablet=&#8221;90%&#8221; width_phone=&#8221;90%&#8221; width_last_edited=&#8221;on|tablet&#8221; max_width=&#8221;1200px&#8221; max_width_tablet=&#8221;90%&#8221; max_width_phone=&#8221;90%&#8221; max_width_last_edited=&#8221;on|desktop&#8221; custom_margin=&#8221;0px|auto|0px|auto|false|false&#8221; custom_padding=&#8221;0px||0px||false|false&#8221; box_shadow_style=&#8221;preset1&#8243; box_shadow_vertical=&#8221;45px&#8221; box_shadow_blur=&#8221;47px&#8221; global_colors_info=&#8221;{}&#8221;][et_pb_column type=&#8221;4_4&#8243; _builder_version=&#8221;4.16&#8243; _module_preset=&#8221;default&#8221; global_colors_info=&#8221;{}&#8221;][et_pb_text _builder_version=&#8221;4.18.0&#8243; _module_preset=&#8221;default&#8221; text_font=&#8221;||||||||&#8221; text_text_color=&#8221;#333&#8243; text_font_size=&#8221;17px&#8221; ul_line_height=&#8221;1.5em&#8221; header_2_font_size=&#8221;28px&#8221; header_2_line_height=&#8221;1.4em&#8221; max_width_tablet=&#8221;&#8221; max_width_phone=&#8221;100%&#8221; max_width_last_edited=&#8221;on|phone&#8221; module_alignment=&#8221;center&#8221; custom_margin=&#8221;0px||||false|false&#8221; custom_padding=&#8221;|30px||30px|false|true&#8221; hover_enabled=&#8221;0&#8243; global_colors_info=&#8221;{}&#8221; sticky_enabled=&#8221;0&#8243;]<\/p>\n<p><span style=\"font-size: 12pt;\"><span style=\"font-family: Open Sans, serif;\"><span style=\"color: #333333;\">Ljudje se najpogosteje osredoto\u010damo na svoje slabosti, to nam prepre\u010duje rast in preve\u010d energije vlagamo v re\u0161evanje ne\u010desa, kar nam ni prirojeno. <\/span><\/span><span style=\"font-family: Open Sans, serif;\"><b><span style=\"color: #333333;\">Najbolj\u0161i na\u010din za napredek je, da se osredoto\u010dite na svoje talente.<\/span><\/b><\/span><span style=\"font-family: Open Sans, serif;\"><span style=\"color: #333333;\"> Namesto da silimo na podro\u010dje, ki nam ne gre, se moramo potruditi, da razvijemo podro\u010dje talenta. Po podatkih Gallupa, najve\u010djega svetovnega podjetja za raziskovanje javnega mnenja, je delo na svojih talentih najbolj\u0161i na\u010din za rast in razvoj. Ideja je, da si s prepoznavanjem tega, kar nas dela edinstvene, in dolo\u010danjem podro\u010dij, na katerih se lahko najbolj razvijemo, omogo\u010dimo nadaljnji napredek. Mo\u010d izhaja iz dela s talenti, iz te mo\u010di pa so vidni vsi potenciali osebe. To je nekaj, kar nam je prirojeno, talenti ka\u017eejo, kdo smo, kaj \u010dutimo in mislimo, in prej ko jih prepoznamo in se osredoto\u010dimo nanje, u\u010dinkovitej\u0161i bomo.<\/span><\/span><\/span><\/p>\n<p><span style=\"font-size: 12pt;\"><span style=\"font-family: Open Sans, serif;\"><span style=\"color: #333333;\">Gallup je razvil test prepoznavanja talentov, tako imenovani<\/span><\/span><span style=\"font-family: Open Sans, serif;\"><b><span style=\"color: #333333;\"> Clifton Strengths Finder<\/span><\/b><\/span><span style=\"font-family: Open Sans, serif;\"><span style=\"color: #333333;\">. V njem si skozi 34 podro\u010dij talentov in 177 vpra\u0161anj prek spleta prepoznate podro\u010dja svoje nadarjenosti. Mo\u010dne strani, kot jih opredeljuje Gallup, so razdeljene na 4 podro\u010dja: <\/span><\/span><span style=\"font-family: Open Sans, serif;\"><b><span style=\"color: #333333;\">strate\u0161ko razmi\u0161ljanje<\/span><\/b><\/span><span style=\"font-family: Open Sans, serif;\"><span style=\"color: #333333;\">, <\/span><\/span><span style=\"font-family: Open Sans, serif;\"><b><span style=\"color: #333333;\">vzpostavljanje odnosov<\/span><\/b><\/span><span style=\"font-family: Open Sans, serif;\"><span style=\"color: #333333;\">, <\/span><\/span><span style=\"font-family: Open Sans, serif;\"><b><span style=\"color: #333333;\">vplivanje<\/span><\/b><\/span><span style=\"font-family: Open Sans, serif;\"><span style=\"color: #333333;\"> in <\/span><\/span><span style=\"font-family: Open Sans, serif;\"><b><span style=\"color: #333333;\">izvr\u0161evanje<\/span><\/b><\/span><span style=\"font-family: Open Sans, serif;\"><span style=\"color: #333333;\">. Posledi\u010dno vam bo sam vpra\u0161alnik predstavil pet najbolj\u0161ih podro\u010dij, na katerih se lahko najbolje razvijete. Ta vpra\u0161alnik je uporaben pri strength-based coachingu, ki temelji na lastnih mo\u010deh, saj nam daje osnovo za to, na katerih podro\u010djih je treba delati na sebi in na kaj osredoto\u010diti.<\/span><\/span><\/span><\/p>\n<p>[\/et_pb_text][\/et_pb_column][\/et_pb_row][et_pb_row use_custom_gutter=&#8221;on&#8221; gutter_width=&#8221;2&#8243; make_equal=&#8221;on&#8221; _builder_version=&#8221;4.16&#8243; _module_preset=&#8221;default&#8221; background_color=&#8221;#FFFFFF&#8221; background_size=&#8221;initial&#8221; background_position=&#8221;top_left&#8221; background_repeat=&#8221;repeat&#8221; z_index=&#8221;500&#8243; width=&#8221;90%&#8221; width_tablet=&#8221;90%&#8221; width_phone=&#8221;90%&#8221; width_last_edited=&#8221;on|tablet&#8221; max_width=&#8221;1200px&#8221; max_width_tablet=&#8221;90%&#8221; max_width_phone=&#8221;90%&#8221; max_width_last_edited=&#8221;on|desktop&#8221; custom_margin=&#8221;0px||||false|false&#8221; custom_margin_tablet=&#8221;-80px||||false|false&#8221; custom_margin_phone=&#8221;0px||||false|false&#8221; custom_margin_last_edited=&#8221;on|phone&#8221; custom_padding=&#8221;0px||0px||false|false&#8221; box_shadow_style=&#8221;preset1&#8243; box_shadow_vertical=&#8221;45px&#8221; box_shadow_blur=&#8221;47px&#8221; global_colors_info=&#8221;{}&#8221;][et_pb_column type=&#8221;4_4&#8243; _builder_version=&#8221;4.16&#8243; _module_preset=&#8221;default&#8221; global_colors_info=&#8221;{}&#8221;][et_pb_text _builder_version=&#8221;4.18.0&#8243; _module_preset=&#8221;default&#8221; text_font=&#8221;Barlow||||||||&#8221; text_text_color=&#8221;#333&#8243; text_font_size=&#8221;20px&#8221; header_2_font_size=&#8221;28px&#8221; header_2_line_height=&#8221;1.4em&#8221; max_width_tablet=&#8221;&#8221; max_width_phone=&#8221;100%&#8221; max_width_last_edited=&#8221;on|phone&#8221; module_alignment=&#8221;center&#8221; custom_margin=&#8221;35px||||false|false&#8221; custom_padding=&#8221;|30px||30px|false|true&#8221; hover_enabled=&#8221;0&#8243; global_colors_info=&#8221;{}&#8221; sticky_enabled=&#8221;0&#8243;]<\/p>\n<p><span style=\"font-family: Open Sans, serif;\"><span style=\"font-size: x-large;\"><b><span style=\"color: #333333;\">Najve\u010d mo\u017enosti za uspeh imate, \u010de gradite to, kar \u017ee ste, in ne posku\u0161ate postati nekdo, kar niste.<\/span><\/b><\/span><\/span><\/p>\n<p>[\/et_pb_text][\/et_pb_column][\/et_pb_row][et_pb_row use_custom_gutter=&#8221;on&#8221; gutter_width=&#8221;2&#8243; make_equal=&#8221;on&#8221; _builder_version=&#8221;4.16&#8243; _module_preset=&#8221;default&#8221; background_color=&#8221;#FFFFFF&#8221; background_size=&#8221;initial&#8221; background_position=&#8221;top_left&#8221; background_repeat=&#8221;repeat&#8221; z_index=&#8221;500&#8243; width=&#8221;90%&#8221; width_tablet=&#8221;90%&#8221; width_phone=&#8221;90%&#8221; width_last_edited=&#8221;on|tablet&#8221; max_width=&#8221;1200px&#8221; max_width_tablet=&#8221;90%&#8221; max_width_phone=&#8221;90%&#8221; max_width_last_edited=&#8221;on|desktop&#8221; custom_margin=&#8221;0px||||false|false&#8221; custom_padding=&#8221;0px||50px||false|false&#8221; box_shadow_style=&#8221;preset1&#8243; box_shadow_vertical=&#8221;45px&#8221; box_shadow_blur=&#8221;47px&#8221; global_colors_info=&#8221;{}&#8221;][et_pb_column type=&#8221;4_4&#8243; _builder_version=&#8221;4.16&#8243; _module_preset=&#8221;default&#8221; global_colors_info=&#8221;{}&#8221;][et_pb_text _builder_version=&#8221;4.18.0&#8243; _module_preset=&#8221;default&#8221; text_font=&#8221;||||||||&#8221; text_text_color=&#8221;#333&#8243; text_font_size=&#8221;17px&#8221; header_2_font_size=&#8221;28px&#8221; header_2_line_height=&#8221;1.4em&#8221; max_width_tablet=&#8221;&#8221; max_width_phone=&#8221;100%&#8221; max_width_last_edited=&#8221;on|phone&#8221; module_alignment=&#8221;center&#8221; custom_margin=&#8221;0px||||false|false&#8221; custom_padding=&#8221;|30px||30px|false|true&#8221; hover_enabled=&#8221;0&#8243; global_colors_info=&#8221;{}&#8221; sticky_enabled=&#8221;0&#8243;]<\/p>\n<p><span style=\"color: #333333; font-size: 12pt;\"><span style=\"font-family: Open Sans, serif;\">To je temeljna ideja strength-based coachinga. Namesto da se osredoto\u010damo na pomanjkljivosti, se ukvarjamo z va\u0161imi prednostmi. Le redko kdo bo izjemno uspe\u0161en na podro\u010dju, ki ni naravno &#8211; da, pomembno je vlo\u017eiti delo, vendar je talent temelj, ki slu\u017ei kot odsko\u010dna deska. Zato se pri tem na\u010delu ne osredoto\u010damo le na prepoznavanje talentov, temve\u010d tudi na u\u010denje ljudi, kako jih uporabiti. Delo na talentih tu pomeni nalo\u017ebo (predvsem \u010dasovno, pa tudi miselno), ki je potrebna za razvoj talentov.<\/span><\/span><\/p>\n<p><span style=\"font-size: 12pt;\"><span style=\"font-family: Open Sans, serif;\"><span style=\"color: #333333;\">Formula uspeha:\u00a0<\/span><\/span><span style=\"font-family: Open Sans, serif;\"><b><span style=\"color: #333333;\">TALENT x\u00a0INVESTICIJA\u00a0= MO\u010c (strength)<\/span><\/b><\/span><\/span><\/p>\n<p><span style=\"font-size: 12pt;\"><span style=\"font-family: Open Sans, serif;\"><b><span style=\"color: #333333;\">Talent<\/span><\/b><\/span><span style=\"font-family: Open Sans, serif;\"><span style=\"color: #333333;\">: naravni na\u010din razmi\u0161ljanja, \u010dustvovanja in vedenja.<br \/><\/span><\/span><\/span><span style=\"font-size: 12pt;\"><span style=\"font-family: Open Sans, serif;\"><b><span style=\"color: #333333;\">Investicija<\/span><\/b><\/span><span style=\"font-family: Open Sans, serif;\"><span style=\"color: #333333;\">: \u010das, porabljen za vadbo, razvijanje spretnosti in gradnjo baze znanja.<br \/><\/span><\/span><\/span><span style=\"font-size: 12pt;\"><span style=\"font-family: Open Sans, serif;\"><b><span style=\"color: #333333;\">Mo\u010d:<\/span><\/b><\/span><span style=\"font-family: Open Sans, serif;\"><span style=\"color: #333333;\"> Zmo\u017enost doslednega doseganja skoraj popolnih rezultatov.<\/span><\/span><\/span><\/p>\n<p><span style=\"font-family: 'Open Sans', serif; font-size: 12pt;\"><span style=\"color: #333333;\">Iz zgornje formule je jasno razvidno, kaj naredi nekoga mo\u010dnega &#8211; talent in investicija sta obvezni sestavini za uresni\u010ditev va\u0161ega potenciala, moja vloga pa je, da vam pomagam prepoznati in razviti obe sestavini.<\/span><\/span><\/p>\n<p><span style=\"font-size: 12pt;\"><span style=\"font-family: Open Sans, serif;\"><span style=\"color: #333333;\">Pri svojem dosedanjem delu sem se sre\u010dal z razli\u010dnimi pristopi coachinga in razli\u010dnimi testi osebnostnih tipov. Gallupov pristop se je izkazal za naju\u010dinkovitej\u0161ega, saj podpira ljudi pri tem, kako \u010dim bolj izkoristiti svoj neskon\u010dni potencial. <\/span><\/span><span style=\"font-family: Open Sans, serif;\"><b><span style=\"color: #333333;\">Da ne razumejo le tega, kdo so, ampak tudi to, kdo lahko postanejo! <\/span><\/b><\/span><span style=\"font-family: Open Sans, serif;\"><span style=\"color: #333333;\">Moj pristop temelji na tem na\u010delu &#8211; tu sem, da skupaj z vami odkrijem va\u0161e talente in vam pomagam, da jih razvijete ter izkoristite svoj polni potencial. Ne pozabite, da sta tako talent kot nalo\u017eba obvezna dela gradnje na\u0161ih mo\u010di.<\/span><\/span><\/span><\/p>\n<p>[\/et_pb_text][\/et_pb_column][\/et_pb_row][\/et_pb_section]<\/p>\n","protected":false},"excerpt":{"rendered":"<p>Verjetno ste \u017ee vsaj enkrat sli\u0161ali, da lahko postanete karkoli, \u010de dovolj verjamete vase. To je le delno res, vendar samo vera ni dovolj, za uspeh moramo imeti neko osnovo za to, v \u010dem \u017eelimo biti dobri. Ta temelj so na\u0161i talenti. Pomembno je, da poznamo sebe in svoje prednosti, da lahko dose\u017eemo svoj polni [&hellip;]<\/p>\n","protected":false},"author":1,"featured_media":0,"parent":0,"menu_order":0,"comment_status":"closed","ping_status":"closed","template":"","meta":{"_et_pb_use_builder":"on","_et_pb_old_content":"","_et_gb_content_width":""},"_links":{"self":[{"href":"https:\/\/transakcijskaanaliza.com\/sl\/wp-json\/wp\/v2\/pages\/29923"}],"collection":[{"href":"https:\/\/transakcijskaanaliza.com\/sl\/wp-json\/wp\/v2\/pages"}],"about":[{"href":"https:\/\/transakcijskaanaliza.com\/sl\/wp-json\/wp\/v2\/types\/page"}],"author":[{"embeddable":true,"href":"https:\/\/transakcijskaanaliza.com\/sl\/wp-json\/wp\/v2\/users\/1"}],"replies":[{"embeddable":true,"href":"https:\/\/transakcijskaanaliza.com\/sl\/wp-json\/wp\/v2\/comments?post=29923"}],"version-history":[{"count":1,"href":"https:\/\/transakcijskaanaliza.com\/sl\/wp-json\/wp\/v2\/pages\/29923\/revisions"}],"predecessor-version":[{"id":29925,"href":"https:\/\/transakcijskaanaliza.com\/sl\/wp-json\/wp\/v2\/pages\/29923\/revisions\/29925"}],"wp:attachment":[{"href":"https:\/\/transakcijskaanaliza.com\/sl\/wp-json\/wp\/v2\/media?parent=29923"}],"curies":[{"name":"wp","href":"https:\/\/api.w.org\/{rel}","templated":true}]}}