{"id":29915,"date":"2022-05-30T10:07:58","date_gmt":"2022-05-30T09:07:58","guid":{"rendered":"https:\/\/transakcijskaanaliza.com\/partnerska-terapija\/"},"modified":"2026-02-16T11:40:45","modified_gmt":"2026-02-16T10:40:45","slug":"partnersko-svetovanja","status":"publish","type":"page","link":"https:\/\/transakcijskaanaliza.com\/sl\/partnersko-svetovanja\/","title":{"rendered":"Partnersko svetovanje"},"content":{"rendered":"<p>[et_pb_section fb_built=&#8221;1&#8243; custom_padding_last_edited=&#8221;on|phone&#8221; admin_label=&#8221;section&#8221; _builder_version=&#8221;4.16&#8243; background_color=&#8221;#444444&#8243; use_background_color_gradient=&#8221;on&#8221; background_color_gradient_stops=&#8221;rgba(0,0,0,0.49) 0%|rgba(0,0,0,0.49) 100%&#8221; background_color_gradient_overlays_image=&#8221;on&#8221; background_color_gradient_start=&#8221;rgba(0,0,0,0.49)&#8221; background_color_gradient_end=&#8221;rgba(0,0,0,0.49)&#8221; background_image=&#8221;https:\/\/transakcijskaanaliza.com\/wp-content\/uploads\/2022\/07\/alan-gregorec-life-coaching.jpg&#8221; background_enable_video_mp4=&#8221;off&#8221; custom_padding=&#8221;90px||137px||false|false&#8221; custom_padding_tablet=&#8221;&#8221; custom_padding_phone=&#8221;65px||25px||false|false&#8221; global_module=&#8221;29833&#8243; saved_tabs=&#8221;all&#8221; global_colors_info=&#8221;{}&#8221;][et_pb_row use_custom_gutter=&#8221;on&#8221; gutter_width=&#8221;2&#8243; make_equal=&#8221;on&#8221; admin_label=&#8221;row&#8221; _builder_version=&#8221;4.16&#8243; background_size=&#8221;initial&#8221; background_position=&#8221;top_left&#8221; background_repeat=&#8221;repeat&#8221; width=&#8221;65%&#8221; width_tablet=&#8221;90%&#8221; width_phone=&#8221;90%&#8221; width_last_edited=&#8221;on|tablet&#8221; max_width=&#8221;1200px&#8221; max_width_tablet=&#8221;90%&#8221; max_width_phone=&#8221;90%&#8221; max_width_last_edited=&#8221;on|desktop&#8221; custom_padding=&#8221;||9px|||&#8221; animation_style=&#8221;fade&#8221; global_colors_info=&#8221;{}&#8221;][et_pb_column type=&#8221;4_4&#8243; _builder_version=&#8221;4.16&#8243; custom_padding=&#8221;|||&#8221; global_colors_info=&#8221;{}&#8221; custom_padding__hover=&#8221;|||&#8221;][et_pb_post_title meta=&#8221;off&#8221; _builder_version=&#8221;4.16&#8243; _module_preset=&#8221;default&#8221; title_text_align=&#8221;center&#8221; title_text_color=&#8221;#FFFFFF&#8221; title_font_size=&#8221;40px&#8221; title_line_height=&#8221;1.3em&#8221; global_colors_info=&#8221;{}&#8221;][\/et_pb_post_title][\/et_pb_column][\/et_pb_row][et_pb_row use_custom_gutter=&#8221;on&#8221; gutter_width=&#8221;1&#8243; make_equal=&#8221;on&#8221; disabled_on=&#8221;on|on|on&#8221; admin_label=&#8221;row&#8221; _builder_version=&#8221;4.18.0&#8243; background_size=&#8221;initial&#8221; background_position=&#8221;top_left&#8221; background_repeat=&#8221;repeat&#8221; width=&#8221;90%&#8221; width_tablet=&#8221;90%&#8221; width_phone=&#8221;90%&#8221; width_last_edited=&#8221;on|tablet&#8221; max_width=&#8221;1200px&#8221; max_width_tablet=&#8221;90%&#8221; max_width_phone=&#8221;90%&#8221; max_width_last_edited=&#8221;on|desktop&#8221; custom_padding=&#8221;12px||33px||false|false&#8221; animation_style=&#8221;fade&#8221; disabled=&#8221;on&#8221; global_colors_info=&#8221;{}&#8221;][et_pb_column type=&#8221;4_4&#8243; _builder_version=&#8221;4.16&#8243; custom_padding=&#8221;|||&#8221; global_colors_info=&#8221;{}&#8221; custom_padding__hover=&#8221;|||&#8221;][et_pb_button button_url=&#8221;#besplatan-uvodni-razgovor&#8221; button_text=&#8221;Kontakt&#8221; button_alignment=&#8221;center&#8221; button_alignment_tablet=&#8221;center&#8221; button_alignment_phone=&#8221;center&#8221; button_alignment_last_edited=&#8221;on|desktop&#8221; _builder_version=&#8221;4.18.0&#8243; custom_button=&#8221;on&#8221; button_text_size=&#8221;15px&#8221; button_text_color=&#8221;#ffffff&#8221; button_bg_color=&#8221;#A86500&#8243; button_border_color=&#8221;#A86500&#8243; button_border_radius=&#8221;0px&#8221; button_letter_spacing=&#8221;1px&#8221; button_font=&#8221;Barlow|600||on|||||&#8221; button_use_icon=&#8221;off&#8221; custom_padding=&#8221;16px|36px|16px|36px|true|true&#8221; global_colors_info=&#8221;{}&#8221; button_text_color__hover_enabled=&#8221;on|hover&#8221; button_text_color__hover=&#8221;#ffffff&#8221; button_bg_color__hover_enabled=&#8221;on|hover&#8221; button_bg_color__hover=&#8221;#333333&#8243; button_bg_enable_color__hover=&#8221;on&#8221; button_border_color__hover_enabled=&#8221;on|hover&#8221; button_border_color__hover=&#8221;#333&#8243; button_letter_spacing__hover_enabled=&#8221;on|desktop&#8221; button_letter_spacing__hover=&#8221;1px&#8221;][\/et_pb_button][\/et_pb_column][\/et_pb_row][\/et_pb_section][et_pb_section fb_built=&#8221;1&#8243; admin_label=&#8221;section&#8221; _builder_version=&#8221;4.16&#8243; background_color=&#8221;#F4F4F4&#8243; custom_padding=&#8221;1px||0px||false|false&#8221; global_colors_info=&#8221;{}&#8221;][et_pb_row use_custom_gutter=&#8221;on&#8221; gutter_width=&#8221;2&#8243; make_equal=&#8221;on&#8221; admin_label=&#8221;row&#8221; _builder_version=&#8221;4.16&#8243; background_size=&#8221;initial&#8221; background_position=&#8221;top_left&#8221; background_repeat=&#8221;repeat&#8221; z_index=&#8221;500&#8243; width=&#8221;90%&#8221; width_tablet=&#8221;90%&#8221; width_phone=&#8221;90%&#8221; width_last_edited=&#8221;on|tablet&#8221; max_width=&#8221;1200px&#8221; max_width_tablet=&#8221;90%&#8221; max_width_phone=&#8221;90%&#8221; max_width_last_edited=&#8221;on|desktop&#8221; custom_margin=&#8221;-80px||||false|false&#8221; custom_margin_tablet=&#8221;-80px||||false|false&#8221; custom_margin_phone=&#8221;0px||||false|false&#8221; custom_margin_last_edited=&#8221;on|phone&#8221; custom_padding=&#8221;1px||0px||false|false&#8221; global_colors_info=&#8221;{}&#8221;][et_pb_column type=&#8221;4_4&#8243; _builder_version=&#8221;4.16&#8243; background_color=&#8221;#ffffff&#8221; custom_padding=&#8221;||80px||false|false&#8221; custom_padding_tablet=&#8221;||80px||false|false&#8221; custom_padding_phone=&#8221;||0px||false|false&#8221; custom_padding_last_edited=&#8221;on|phone&#8221; box_shadow_style=&#8221;preset1&#8243; box_shadow_vertical=&#8221;21px&#8221; box_shadow_blur=&#8221;47px&#8221; box_shadow_color=&#8221;rgba(181,181,181,0.3)&#8221; global_colors_info=&#8221;{}&#8221; custom_padding__hover=&#8221;|||&#8221;][et_pb_text _builder_version=&#8221;4.18.0&#8243; text_font=&#8221;||||||||&#8221; text_text_color=&#8221;#333&#8243; text_font_size=&#8221;17px&#8221; header_2_font_size=&#8221;28px&#8221; header_2_line_height=&#8221;1.4em&#8221; max_width_tablet=&#8221;&#8221; max_width_phone=&#8221;100%&#8221; max_width_last_edited=&#8221;on|phone&#8221; module_alignment=&#8221;center&#8221; custom_margin=&#8221;50px||||false|false&#8221; custom_padding=&#8221;|30px||30px|false|true&#8221; global_colors_info=&#8221;{}&#8221;]<\/p>\n<p>Ve\u010dina ljubezenskih razmerij je sprva idili\u010dnih, sploh si ne morete predstavljati, da bi lahko \u0161lo kaj narobe, in ni\u010d vas pri partnerju ne moti. Optimizem je na za\u010detku razmerja na vrhuncu in s\u010dasoma se zaljubljenost le \u0161e pove\u010duje. Vendar se je treba zavedati, da tudi na videz popolna razmerja zahtevajo trdo delo in trud. Na za\u010detku razmerja se mnogi resni\u010dno trudijo, da bi bila druga oseba sre\u010dna, vendar s\u010dasoma popustijo in oblak sre\u010de postopoma izgine. Po drugi strani pa v\u010dasih za te\u017eave v razmerju nista kriva partnerja, ampak je \u017eivljenje preprosto nepredvidljivo; nepri\u010dakovane situacije lahko vplivajo na stabilnost va\u0161ega razmerja. Z mo\u010dnej\u0161o povezanostjo in dolgotrajnej\u0161im razmerjem pridejo ve\u010dja odgovornost in mo\u010dnej\u0161a \u010dustva, pri tem bi lahko rekli, da so stave vi\u0161je. Zato je pomembno, da redno skrbimo za partnerski odnos &#8211; <b>lahko bi rekli, da je zakonsko ali partnersko svetovanje del osnovne partnerske psihohigiene.<\/b><\/p>\n<p><span style=\"font-weight: 400;\"><img loading=\"lazy\" class=\"wp-image-29120 alignnone size-full\" src=\"https:\/\/transakcijskaanaliza.com\/wp-content\/uploads\/2022\/07\/partnerska-terapija-img.jpg\" alt=\"\" width=\"1200\" height=\"632\" srcset=\"https:\/\/transakcijskaanaliza.com\/wp-content\/uploads\/2022\/07\/partnerska-terapija-img.jpg 1200w, https:\/\/transakcijskaanaliza.com\/wp-content\/uploads\/2022\/07\/partnerska-terapija-img-980x516.jpg 980w, https:\/\/transakcijskaanaliza.com\/wp-content\/uploads\/2022\/07\/partnerska-terapija-img-480x253.jpg 480w\" sizes=\"(min-width: 0px) and (max-width: 480px) 480px, (min-width: 481px) and (max-width: 980px) 980px, (min-width: 981px) 1200px, 100vw\" \/><\/span><\/p>\n<p class=\"western\"><span style=\"font-family: 'Open Sans', serif; font-size: 12pt;\"><span style=\"color: #333333;\">Partnersko svetovanje vam ponuja orodja za obnovo odnosov in ponovno vzpostavitev nekaterih stvari, tretja oseba, strokovnjak, bo objektivno preu\u010dil va\u0161e te\u017eave in vam svetoval, kako naprej. Merilo uspe\u0161nosti partnerskega svetovanja ni vedno ostati v odnosu, temve\u010d re\u0161iti te\u017eavo na zdrav in odgovoren na\u010din, tako da se najde optimalna re\u0161itev za vse vpletene.<\/span><\/span><\/p>\n<p>[\/et_pb_text][\/et_pb_column][\/et_pb_row][et_pb_row use_custom_gutter=&#8221;on&#8221; gutter_width=&#8221;2&#8243; make_equal=&#8221;on&#8221; _builder_version=&#8221;4.16&#8243; _module_preset=&#8221;default&#8221; background_color=&#8221;#FFFFFF&#8221; background_size=&#8221;initial&#8221; background_position=&#8221;top_left&#8221; background_repeat=&#8221;repeat&#8221; z_index=&#8221;500&#8243; width=&#8221;90%&#8221; width_tablet=&#8221;90%&#8221; width_phone=&#8221;90%&#8221; width_last_edited=&#8221;on|tablet&#8221; max_width=&#8221;1200px&#8221; max_width_tablet=&#8221;90%&#8221; max_width_phone=&#8221;90%&#8221; max_width_last_edited=&#8221;on|desktop&#8221; custom_margin=&#8221;-80px||||false|false&#8221; custom_margin_tablet=&#8221;-80px||||false|false&#8221; custom_margin_phone=&#8221;0px||||false|false&#8221; custom_margin_last_edited=&#8221;on|phone&#8221; custom_padding=&#8221;1px||||false|false&#8221; box_shadow_style=&#8221;preset1&#8243; box_shadow_vertical=&#8221;45px&#8221; box_shadow_blur=&#8221;47px&#8221; global_colors_info=&#8221;{}&#8221;][et_pb_column type=&#8221;4_4&#8243; _builder_version=&#8221;4.16&#8243; _module_preset=&#8221;default&#8221; global_colors_info=&#8221;{}&#8221;][et_pb_text _builder_version=&#8221;4.24.2&#8243; _module_preset=&#8221;default&#8221; text_font=&#8221;Barlow||||||||&#8221; text_text_color=&#8221;#333&#8243; text_font_size=&#8221;20px&#8221; header_2_font_size=&#8221;28px&#8221; header_2_line_height=&#8221;1.4em&#8221; max_width_tablet=&#8221;&#8221; max_width_phone=&#8221;100%&#8221; max_width_last_edited=&#8221;on|phone&#8221; module_alignment=&#8221;center&#8221; custom_margin=&#8221;35px||||false|false&#8221; custom_padding=&#8221;|30px||30px|false|true&#8221; global_colors_info=&#8221;{}&#8221;]<\/p>\n<p><strong>Kako prepoznati, kdaj je pravi \u010das za partnersko svetovanje?<\/strong><\/p>\n<p>[\/et_pb_text][\/et_pb_column][\/et_pb_row][et_pb_row use_custom_gutter=&#8221;on&#8221; gutter_width=&#8221;2&#8243; make_equal=&#8221;on&#8221; _builder_version=&#8221;4.16&#8243; _module_preset=&#8221;default&#8221; background_color=&#8221;#FFFFFF&#8221; background_size=&#8221;initial&#8221; background_position=&#8221;top_left&#8221; background_repeat=&#8221;repeat&#8221; z_index=&#8221;500&#8243; width=&#8221;90%&#8221; width_tablet=&#8221;90%&#8221; width_phone=&#8221;90%&#8221; width_last_edited=&#8221;on|tablet&#8221; max_width=&#8221;1200px&#8221; max_width_tablet=&#8221;90%&#8221; max_width_phone=&#8221;90%&#8221; max_width_last_edited=&#8221;on|desktop&#8221; custom_margin=&#8221;0px|auto|0px|auto|false|false&#8221; custom_padding=&#8221;0px||0px||false|false&#8221; box_shadow_style=&#8221;preset1&#8243; box_shadow_vertical=&#8221;45px&#8221; box_shadow_blur=&#8221;47px&#8221; global_colors_info=&#8221;{}&#8221;][et_pb_column type=&#8221;4_4&#8243; _builder_version=&#8221;4.16&#8243; _module_preset=&#8221;default&#8221; global_colors_info=&#8221;{}&#8221;][et_pb_text _builder_version=&#8221;4.24.2&#8243; _module_preset=&#8221;default&#8221; text_font=&#8221;||||||||&#8221; text_text_color=&#8221;#333&#8243; text_font_size=&#8221;17px&#8221; ul_line_height=&#8221;1.5em&#8221; header_2_font_size=&#8221;28px&#8221; header_2_line_height=&#8221;1.4em&#8221; max_width_tablet=&#8221;&#8221; max_width_phone=&#8221;100%&#8221; max_width_last_edited=&#8221;on|phone&#8221; module_alignment=&#8221;center&#8221; custom_margin=&#8221;0px||||false|false&#8221; custom_padding=&#8221;|30px||30px|false|true&#8221; global_colors_info=&#8221;{}&#8221;]<\/p>\n<p>Dober pokazatelj, da ste dosegli to to\u010dko v razmerju, je, \u010de \u017ee resno razmi\u0161ljate o podpori od zunaj. Pogosto je &#8220;spro\u017eilec&#8221; ob\u010dutek, da va\u0161e \u017eivljenje postaja prete\u017eko, komunikacija pa ni\u010dvredna, zato s partnerjem obti\u010dita v krogu, ne da bi kar koli re\u0161ila. Vendar pa obstajajo tudi nekateri bolj specifi\u010dni kazalniki, kot so &#8220;izdajalski&#8221; znaki, ki so dober signal, da bo va\u0161emu odnosu koristilo partnersko svetovanje:<\/p>\n<ul>\n<li>Pogosti konflikti,<\/li>\n<li>odtujenost,<\/li>\n<li>utrujenost,<\/li>\n<li>ljubosumje,<\/li>\n<li>\u010dustvena hladnost,<\/li>\n<li>te\u017eave v komunikaciji,<\/li>\n<li>psihi\u010dno nasilje,<\/li>\n<li>spolne te\u017eave,<\/li>\n<li>razmi\u0161ljanje o lo\u010ditvi.<\/li>\n<\/ul>\n<p class=\"western\">Vse na\u0161teto je \u0161kodljivo za vas in va\u0161ega partnerja, \u0161e posebej pa za va\u0161e otroke. \u010ce boste te te\u017eave ignorirali, jim boste dovolili, da se razrastejo in dose\u017eejo meje, od katerih se je te\u017eko vrniti, in \u0161kodovali boste svojemu du\u0161evnemu zdravju. Pogosti in veliki konflikti pustijo globoko \u010dustveno brazgotino, saj s seboj prinesejo te\u017eke besede, ki si jih boste \u0161e dolgo zapomnili in po\u010dasi zastrupljajo odnos.<\/p>\n<p>[\/et_pb_text][\/et_pb_column][\/et_pb_row][et_pb_row use_custom_gutter=&#8221;on&#8221; gutter_width=&#8221;2&#8243; make_equal=&#8221;on&#8221; _builder_version=&#8221;4.16&#8243; _module_preset=&#8221;default&#8221; background_color=&#8221;#FFFFFF&#8221; background_size=&#8221;initial&#8221; background_position=&#8221;top_left&#8221; background_repeat=&#8221;repeat&#8221; z_index=&#8221;500&#8243; width=&#8221;90%&#8221; width_tablet=&#8221;90%&#8221; width_phone=&#8221;90%&#8221; width_last_edited=&#8221;on|tablet&#8221; max_width=&#8221;1200px&#8221; max_width_tablet=&#8221;90%&#8221; max_width_phone=&#8221;90%&#8221; max_width_last_edited=&#8221;on|desktop&#8221; custom_margin=&#8221;-80px||||false|false&#8221; custom_margin_tablet=&#8221;-80px||||false|false&#8221; custom_margin_phone=&#8221;0px||||false|false&#8221; custom_margin_last_edited=&#8221;on|phone&#8221; custom_padding=&#8221;0px||0px||false|false&#8221; box_shadow_style=&#8221;preset1&#8243; box_shadow_vertical=&#8221;45px&#8221; box_shadow_blur=&#8221;47px&#8221; global_colors_info=&#8221;{}&#8221;][et_pb_column type=&#8221;4_4&#8243; _builder_version=&#8221;4.16&#8243; _module_preset=&#8221;default&#8221; global_colors_info=&#8221;{}&#8221;][et_pb_text _builder_version=&#8221;4.18.0&#8243; _module_preset=&#8221;default&#8221; text_font=&#8221;Barlow||||||||&#8221; text_text_color=&#8221;#333&#8243; text_font_size=&#8221;20px&#8221; header_2_font_size=&#8221;28px&#8221; header_2_line_height=&#8221;1.4em&#8221; max_width_tablet=&#8221;&#8221; max_width_phone=&#8221;100%&#8221; max_width_last_edited=&#8221;on|phone&#8221; module_alignment=&#8221;center&#8221; custom_margin=&#8221;35px||||false|false&#8221; custom_padding=&#8221;|30px||30px|false|true&#8221; global_colors_info=&#8221;{}&#8221;]<\/p>\n<h2><strong>\u010custvena distanca se pogosto pojavi neopazno. Navadno jo opazite \u0161ele takrat, ko se partner popolnoma oddalji od vas, vi pa se po\u010dutite osamljeni in negotovi.<\/strong><\/h2>\n<p>[\/et_pb_text][\/et_pb_column][\/et_pb_row][et_pb_row use_custom_gutter=&#8221;on&#8221; gutter_width=&#8221;2&#8243; make_equal=&#8221;on&#8221; _builder_version=&#8221;4.16&#8243; _module_preset=&#8221;default&#8221; background_color=&#8221;#FFFFFF&#8221; background_size=&#8221;initial&#8221; background_position=&#8221;top_left&#8221; background_repeat=&#8221;repeat&#8221; z_index=&#8221;500&#8243; width=&#8221;90%&#8221; width_tablet=&#8221;90%&#8221; width_phone=&#8221;90%&#8221; width_last_edited=&#8221;on|tablet&#8221; max_width=&#8221;1200px&#8221; max_width_tablet=&#8221;90%&#8221; max_width_phone=&#8221;90%&#8221; max_width_last_edited=&#8221;on|desktop&#8221; custom_margin=&#8221;0px||||false|false&#8221; custom_padding=&#8221;0px||55px||false|false&#8221; box_shadow_style=&#8221;preset1&#8243; box_shadow_vertical=&#8221;45px&#8221; box_shadow_blur=&#8221;47px&#8221; global_colors_info=&#8221;{}&#8221;][et_pb_column type=&#8221;4_4&#8243; _builder_version=&#8221;4.16&#8243; _module_preset=&#8221;default&#8221; global_colors_info=&#8221;{}&#8221;][et_pb_text _builder_version=&#8221;4.24.2&#8243; _module_preset=&#8221;default&#8221; text_font=&#8221;||||||||&#8221; text_text_color=&#8221;#333&#8243; text_font_size=&#8221;17px&#8221; header_2_font_size=&#8221;28px&#8221; header_2_line_height=&#8221;1.4em&#8221; max_width_tablet=&#8221;&#8221; max_width_phone=&#8221;100%&#8221; max_width_last_edited=&#8221;on|phone&#8221; module_alignment=&#8221;center&#8221; custom_margin=&#8221;0px||||false|false&#8221; custom_padding=&#8221;|30px|0px|30px|false|true&#8221; global_colors_info=&#8221;{}&#8221;]<\/p>\n<p>Dobra novica je, da izku\u0161nje iz prakse ka\u017eejo, da pravo\u010dasno delo delo na odnosu bistveno prispeva k uspehu. Vendar ljudje pogosto predolgo \u010dakajo, preden poi\u0161\u010dejo strokovno pomo\u010d &#8211; nekateri no\u010dejo priznati, da imajo te\u017eave, ker jih je sram, ali pa se niso pripravljeni soo\u010diti s svojimi ob\u010dutki oziroma mislijo, da se bo vse uredilo samo od sebe. Verjemite mi, vedno je bolje, da pomo\u010d poi\u0161\u010dete pravo\u010dasno, saj sem v preteklosti delal s \u0161tevilnimi pari, ki so predolgo \u010dakali, in \u0161koda je bila prevelika, da bi lahko re\u0161ili razmerje. Kot tretja, nevtralna oseba in strokovnjak vam lahko pomagam s konkretnimi strategijami in orodji, ki olaj\u0161ajo komunikacijo ter vas podprejo pri razvoju zdrave in konstruktivne dinamike v va\u0161em odnosu. Zato je pomembno, da o podpori razmislite pravo\u010dasno in jo poi\u0161\u010dete, preden se te\u017eave \u0161e poglobijo.<\/p>\n<p>[\/et_pb_text][\/et_pb_column][\/et_pb_row][\/et_pb_section]<\/p>\n","protected":false},"excerpt":{"rendered":"<p>Ve\u010dina ljubezenskih razmerij je sprva idili\u010dnih, sploh si ne morete predstavljati, da bi lahko \u0161lo kaj narobe, in ni\u010d vas pri partnerju ne moti. Optimizem je na za\u010detku razmerja na vrhuncu in s\u010dasoma se zaljubljenost le \u0161e pove\u010duje. Vendar se je treba zavedati, da tudi na videz popolna razmerja zahtevajo trdo delo in trud. Na [&hellip;]<\/p>\n","protected":false},"author":1,"featured_media":0,"parent":0,"menu_order":0,"comment_status":"closed","ping_status":"closed","template":"","meta":{"_et_pb_use_builder":"on","_et_pb_old_content":"","_et_gb_content_width":""},"_links":{"self":[{"href":"https:\/\/transakcijskaanaliza.com\/sl\/wp-json\/wp\/v2\/pages\/29915"}],"collection":[{"href":"https:\/\/transakcijskaanaliza.com\/sl\/wp-json\/wp\/v2\/pages"}],"about":[{"href":"https:\/\/transakcijskaanaliza.com\/sl\/wp-json\/wp\/v2\/types\/page"}],"author":[{"embeddable":true,"href":"https:\/\/transakcijskaanaliza.com\/sl\/wp-json\/wp\/v2\/users\/1"}],"replies":[{"embeddable":true,"href":"https:\/\/transakcijskaanaliza.com\/sl\/wp-json\/wp\/v2\/comments?post=29915"}],"version-history":[{"count":9,"href":"https:\/\/transakcijskaanaliza.com\/sl\/wp-json\/wp\/v2\/pages\/29915\/revisions"}],"predecessor-version":[{"id":30383,"href":"https:\/\/transakcijskaanaliza.com\/sl\/wp-json\/wp\/v2\/pages\/29915\/revisions\/30383"}],"wp:attachment":[{"href":"https:\/\/transakcijskaanaliza.com\/sl\/wp-json\/wp\/v2\/media?parent=29915"}],"curies":[{"name":"wp","href":"https:\/\/api.w.org\/{rel}","templated":true}]}}