{"id":29903,"date":"2022-06-10T07:37:11","date_gmt":"2022-06-10T06:37:11","guid":{"rendered":"https:\/\/transakcijskaanaliza.com\/upravljanje-vlastitom-energijom\/"},"modified":"2026-02-16T12:05:34","modified_gmt":"2026-02-16T11:05:34","slug":"podrocja-dela","status":"publish","type":"page","link":"https:\/\/transakcijskaanaliza.com\/sl\/podrocja-dela\/","title":{"rendered":"Podro\u010dja dela"},"content":{"rendered":"<p>[et_pb_section fb_built=&#8221;1&#8243; custom_padding_last_edited=&#8221;on|phone&#8221; admin_label=&#8221;section&#8221; _builder_version=&#8221;4.16&#8243; background_color=&#8221;#444444&#8243; use_background_color_gradient=&#8221;on&#8221; background_color_gradient_stops=&#8221;rgba(0,0,0,0.49) 0%|rgba(0,0,0,0.49) 100%&#8221; background_color_gradient_overlays_image=&#8221;on&#8221; background_color_gradient_start=&#8221;rgba(0,0,0,0.49)&#8221; background_color_gradient_end=&#8221;rgba(0,0,0,0.49)&#8221; background_image=&#8221;https:\/\/transakcijskaanaliza.com\/wp-content\/uploads\/2022\/07\/alan-gregorec-life-coaching.jpg&#8221; background_enable_video_mp4=&#8221;off&#8221; custom_padding=&#8221;90px||137px||false|false&#8221; custom_padding_tablet=&#8221;&#8221; custom_padding_phone=&#8221;65px||25px||false|false&#8221; global_module=&#8221;29833&#8243; saved_tabs=&#8221;all&#8221; global_colors_info=&#8221;{}&#8221;][et_pb_row use_custom_gutter=&#8221;on&#8221; gutter_width=&#8221;2&#8243; make_equal=&#8221;on&#8221; admin_label=&#8221;row&#8221; _builder_version=&#8221;4.16&#8243; background_size=&#8221;initial&#8221; background_position=&#8221;top_left&#8221; background_repeat=&#8221;repeat&#8221; width=&#8221;65%&#8221; width_tablet=&#8221;90%&#8221; width_phone=&#8221;90%&#8221; width_last_edited=&#8221;on|tablet&#8221; max_width=&#8221;1200px&#8221; max_width_tablet=&#8221;90%&#8221; max_width_phone=&#8221;90%&#8221; max_width_last_edited=&#8221;on|desktop&#8221; custom_padding=&#8221;||9px|||&#8221; animation_style=&#8221;fade&#8221; global_colors_info=&#8221;{}&#8221;][et_pb_column type=&#8221;4_4&#8243; _builder_version=&#8221;4.16&#8243; custom_padding=&#8221;|||&#8221; global_colors_info=&#8221;{}&#8221; custom_padding__hover=&#8221;|||&#8221;][et_pb_post_title meta=&#8221;off&#8221; _builder_version=&#8221;4.16&#8243; _module_preset=&#8221;default&#8221; title_text_align=&#8221;center&#8221; title_text_color=&#8221;#FFFFFF&#8221; title_font_size=&#8221;40px&#8221; title_line_height=&#8221;1.3em&#8221; global_colors_info=&#8221;{}&#8221;][\/et_pb_post_title][\/et_pb_column][\/et_pb_row][et_pb_row use_custom_gutter=&#8221;on&#8221; gutter_width=&#8221;1&#8243; make_equal=&#8221;on&#8221; disabled_on=&#8221;on|on|on&#8221; admin_label=&#8221;row&#8221; _builder_version=&#8221;4.18.0&#8243; background_size=&#8221;initial&#8221; background_position=&#8221;top_left&#8221; background_repeat=&#8221;repeat&#8221; width=&#8221;90%&#8221; width_tablet=&#8221;90%&#8221; width_phone=&#8221;90%&#8221; width_last_edited=&#8221;on|tablet&#8221; max_width=&#8221;1200px&#8221; max_width_tablet=&#8221;90%&#8221; max_width_phone=&#8221;90%&#8221; max_width_last_edited=&#8221;on|desktop&#8221; custom_padding=&#8221;12px||33px||false|false&#8221; animation_style=&#8221;fade&#8221; disabled=&#8221;on&#8221; global_colors_info=&#8221;{}&#8221;][et_pb_column type=&#8221;4_4&#8243; _builder_version=&#8221;4.16&#8243; custom_padding=&#8221;|||&#8221; global_colors_info=&#8221;{}&#8221; custom_padding__hover=&#8221;|||&#8221;][et_pb_button button_url=&#8221;#besplatan-uvodni-razgovor&#8221; button_text=&#8221;Kontakt&#8221; button_alignment=&#8221;center&#8221; button_alignment_tablet=&#8221;center&#8221; button_alignment_phone=&#8221;center&#8221; button_alignment_last_edited=&#8221;on|desktop&#8221; _builder_version=&#8221;4.18.0&#8243; custom_button=&#8221;on&#8221; button_text_size=&#8221;15px&#8221; button_text_color=&#8221;#ffffff&#8221; button_bg_color=&#8221;#A86500&#8243; button_border_color=&#8221;#A86500&#8243; button_border_radius=&#8221;0px&#8221; button_letter_spacing=&#8221;1px&#8221; button_font=&#8221;Barlow|600||on|||||&#8221; button_use_icon=&#8221;off&#8221; custom_padding=&#8221;16px|36px|16px|36px|true|true&#8221; global_colors_info=&#8221;{}&#8221; button_text_color__hover_enabled=&#8221;on|hover&#8221; button_text_color__hover=&#8221;#ffffff&#8221; button_bg_color__hover_enabled=&#8221;on|hover&#8221; button_bg_color__hover=&#8221;#333333&#8243; button_bg_enable_color__hover=&#8221;on&#8221; button_border_color__hover_enabled=&#8221;on|hover&#8221; button_border_color__hover=&#8221;#333&#8243; button_letter_spacing__hover_enabled=&#8221;on|desktop&#8221; button_letter_spacing__hover=&#8221;1px&#8221;][\/et_pb_button][\/et_pb_column][\/et_pb_row][\/et_pb_section][et_pb_section fb_built=&#8221;1&#8243; admin_label=&#8221;section&#8221; _builder_version=&#8221;4.16&#8243; background_color=&#8221;#F4F4F4&#8243; custom_padding=&#8221;1px||0px||false|false&#8221; global_colors_info=&#8221;{}&#8221;][et_pb_row use_custom_gutter=&#8221;on&#8221; gutter_width=&#8221;2&#8243; make_equal=&#8221;on&#8221; admin_label=&#8221;row&#8221; _builder_version=&#8221;4.18.0&#8243; background_color=&#8221;#FFFFFF&#8221; background_size=&#8221;initial&#8221; background_position=&#8221;top_left&#8221; background_repeat=&#8221;repeat&#8221; z_index=&#8221;500&#8243; width=&#8221;90%&#8221; width_tablet=&#8221;90%&#8221; width_phone=&#8221;90%&#8221; width_last_edited=&#8221;on|tablet&#8221; max_width=&#8221;1200px&#8221; max_width_tablet=&#8221;90%&#8221; max_width_phone=&#8221;90%&#8221; max_width_last_edited=&#8221;on|desktop&#8221; custom_margin=&#8221;0px||||false|false&#8221; custom_padding=&#8221;0px||0px||false|false&#8221; box_shadow_style=&#8221;preset1&#8243; box_shadow_vertical=&#8221;45px&#8221; box_shadow_blur=&#8221;47px&#8221; global_colors_info=&#8221;{}&#8221;][et_pb_column type=&#8221;4_4&#8243; _builder_version=&#8221;4.18.0&#8243; background_color=&#8221;#ffffff&#8221; custom_padding=&#8221;||||false|false&#8221; custom_padding_tablet=&#8221;||80px||false|false&#8221; custom_padding_phone=&#8221;||0px||false|false&#8221; custom_padding_last_edited=&#8221;on|phone&#8221; box_shadow_style=&#8221;preset1&#8243; box_shadow_vertical=&#8221;21px&#8221; box_shadow_blur=&#8221;47px&#8221; box_shadow_color=&#8221;rgba(181,181,181,0.3)&#8221; global_colors_info=&#8221;{}&#8221; custom_padding__hover=&#8221;|||&#8221;][et_pb_text _builder_version=&#8221;4.18.0&#8243; text_font=&#8221;||||||||&#8221; text_text_color=&#8221;#333&#8243; text_font_size=&#8221;17px&#8221; header_2_font_size=&#8221;28px&#8221; header_2_line_height=&#8221;1.4em&#8221; max_width_tablet=&#8221;&#8221; max_width_phone=&#8221;100%&#8221; max_width_last_edited=&#8221;on|phone&#8221; module_alignment=&#8221;center&#8221; custom_margin=&#8221;50px||0px||false|false&#8221; custom_padding=&#8221;12px|30px|0px|30px|false|true&#8221; global_colors_info=&#8221;{}&#8221;]<\/p>\n<p data-path-to-node=\"4\">Kot edukant psihoterapije pod supervizijo izhajam iz temeljne predpostavke, da je komunikacija na\u0161a primarna \u010dlove\u0161ka potreba; nujna je za na\u0161e pre\u017eivetje in \u010dustveno dobrobit. Vsako, \u0161e tako majhno enoto priznanja, ki jo namenimo drugemu \u2013 naj bo to nasmeh, prikimavanje ali beseda \u2013 v transakcijski analizi imenujemo &#8220;stroke&#8221; (enota pozornosti). To je hrana za na\u0161o psiho. Vendar pa je pomembno razumeti, da o uspe\u0161nosti te izmenjave oziroma o tem, kako je sporo\u010dilo sprejeto, odlo\u010da izklju\u010divo prejemnik.<\/p>\n<p data-path-to-node=\"5\">Moj pristop temelji na razumevanju teh nezavednih vzorcev komunikacije, pa tudi na raziskovanju globljih \u010dustvenih korenin in vzrokov, ki le\u017eijo pod povr\u0161jem na\u0161ih te\u017eav. V okviru terapevtskega dela pod supervizijo vam nudim podporo pri soo\u010danju z naslednjimi izzivi:<\/p>\n<p><span style=\"font-weight: 400;\"><img loading=\"lazy\" class=\"wp-image-29173 alignnone size-full\" src=\"https:\/\/transakcijskaanaliza.com\/wp-content\/uploads\/2022\/07\/Upravljanje-vlastitom-energijom-img.jpg\" alt=\"\" width=\"1200\" height=\"736\" srcset=\"https:\/\/transakcijskaanaliza.com\/wp-content\/uploads\/2022\/07\/Upravljanje-vlastitom-energijom-img.jpg 1200w, https:\/\/transakcijskaanaliza.com\/wp-content\/uploads\/2022\/07\/Upravljanje-vlastitom-energijom-img-980x601.jpg 980w, https:\/\/transakcijskaanaliza.com\/wp-content\/uploads\/2022\/07\/Upravljanje-vlastitom-energijom-img-480x294.jpg 480w\" sizes=\"(min-width: 0px) and (max-width: 480px) 480px, (min-width: 481px) and (max-width: 980px) 980px, (min-width: 981px) 1200px, 100vw\" \/><\/span><\/p>\n<h4 data-path-to-node=\"6\"><b data-path-to-node=\"6\" data-index-in-node=\"0\">IZZIVI V ODNOSIH<\/b><\/h4>\n<ul data-path-to-node=\"7\">\n<li>\n<p data-path-to-node=\"7,0,0\">Delo na ponovni vzpostavitvi zaupanja ter predelava ob\u010dutkov ljubosumja ali frustracije.<\/p>\n<\/li>\n<li>\n<p data-path-to-node=\"7,1,0\">Prepoznavanje in spreminjanje vzorcev, ki vodijo do pogostih sporov.<\/p>\n<\/li>\n<li>\n<p data-path-to-node=\"7,2,0\">U\u010denje asertivnega izra\u017eanja lastnih potreb, \u017eelja in \u010dustev.<\/p>\n<\/li>\n<li>\n<p data-path-to-node=\"7,3,0\">Premagovanje izogibanja te\u017ekim pogovorom in nakopi\u010denih nesporazumov.<\/p>\n<\/li>\n<li>\n<p data-path-to-node=\"7,4,0\">Predelava ob\u010dutkov odtujenosti ter ponovno povezovanje v intimnih odnosih.<\/p>\n<\/li>\n<li>\n<p data-path-to-node=\"7,5,0\">\u010custvena podpora v procesih separacije in razveze.<\/p>\n<\/li>\n<li>\n<p data-path-to-node=\"7,6,0\">Postavljanje zdravih meja in u\u010denje, kako re\u010di &#8220;ne&#8221;.<\/p>\n<\/li>\n<\/ul>\n<h4 data-path-to-node=\"8\"><b data-path-to-node=\"8\" data-index-in-node=\"0\">KREPITEV SAMOZAVESTI IN OSEBNE VREDNOSTI<\/b><\/h4>\n<ul data-path-to-node=\"9\">\n<li>\n<p data-path-to-node=\"9,0,0\">Izgradnja varnosti v socialnih situacijah in premagovanje ob\u010dutka nezadostnosti.<\/p>\n<\/li>\n<li>\n<p data-path-to-node=\"9,1,0\">Delo na odlo\u010dnosti in zaupanju v lastne sposobnosti sprejemanja odlo\u010ditev.<\/p>\n<\/li>\n<li>\n<p data-path-to-node=\"9,2,0\">Razumevanje perfekcionizma kot obrambnega mehanizma in grajenje avtenti\u010dnega ob\u010dutka vrednosti.<\/p>\n<\/li>\n<li>\n<p data-path-to-node=\"9,3,0\">Okrevanje in opolnomo\u010denje po izku\u0161nji narcisti\u010dne zlorabe ali manipulativnih odnosov.<\/p>\n<\/li>\n<li>\n<p data-path-to-node=\"9,4,0\">Predelava dvoma vase in spodbujanje \u010dustvenega izra\u017eanja.<\/p>\n<\/li>\n<\/ul>\n<ul><\/ul>\n<h4 data-path-to-node=\"10\"><b data-path-to-node=\"10\" data-index-in-node=\"0\">STRES IN PSIHI\u010cNA IZ\u010cRPANOST (BURNOUT)<\/b><\/h4>\n<ul data-path-to-node=\"11\">\n<li>\n<p data-path-to-node=\"11,0,0\">Soo\u010denje z ob\u010dutkom nemo\u010di pred vsakodnevnimi pritiski.<\/p>\n<\/li>\n<li>\n<p data-path-to-node=\"11,1,0\">Delo na vzrokih kroni\u010dne utrujenosti in \u010dustvene iz\u010drpanosti.<\/p>\n<\/li>\n<li>\n<p data-path-to-node=\"11,2,0\">U\u010denje strategij za obvladovanje stresa in povrnitev ob\u010dutka nadzora nad lastnim \u017eivljenjem.<\/p>\n<\/li>\n<li>\n<p data-path-to-node=\"11,3,0\">Iskanje smisla in radosti v poklicnem in zasebnem okolju.<\/p>\n<\/li>\n<\/ul>\n<ul><\/ul>\n<p>[\/et_pb_text][\/et_pb_column][\/et_pb_row][et_pb_row use_custom_gutter=&#8221;on&#8221; gutter_width=&#8221;2&#8243; make_equal=&#8221;on&#8221; _builder_version=&#8221;4.18.0&#8243; _module_preset=&#8221;default&#8221; background_color=&#8221;#FFFFFF&#8221; background_size=&#8221;initial&#8221; background_position=&#8221;top_left&#8221; background_repeat=&#8221;repeat&#8221; z_index=&#8221;500&#8243; width=&#8221;90%&#8221; width_tablet=&#8221;90%&#8221; width_phone=&#8221;90%&#8221; width_last_edited=&#8221;on|tablet&#8221; max_width=&#8221;1200px&#8221; max_width_tablet=&#8221;90%&#8221; max_width_phone=&#8221;90%&#8221; max_width_last_edited=&#8221;on|desktop&#8221; custom_margin=&#8221;|auto||auto|false|false&#8221; custom_margin_tablet=&#8221;-80px||||false|false&#8221; custom_margin_phone=&#8221;0px||||false|false&#8221; custom_margin_last_edited=&#8221;on|phone&#8221; custom_padding=&#8221;1px||6px||false|false&#8221; box_shadow_style=&#8221;preset1&#8243; box_shadow_vertical=&#8221;45px&#8221; box_shadow_blur=&#8221;47px&#8221; global_colors_info=&#8221;{}&#8221;][et_pb_column type=&#8221;4_4&#8243; _builder_version=&#8221;4.18.0&#8243; _module_preset=&#8221;default&#8221; global_colors_info=&#8221;{}&#8221;][et_pb_text _builder_version=&#8221;4.18.0&#8243; _module_preset=&#8221;default&#8221; text_font=&#8221;||||||||&#8221; text_text_color=&#8221;#333&#8243; text_font_size=&#8221;17px&#8221; header_2_font_size=&#8221;28px&#8221; header_2_line_height=&#8221;1.4em&#8221; max_width_tablet=&#8221;&#8221; max_width_phone=&#8221;100%&#8221; max_width_last_edited=&#8221;on|phone&#8221; module_alignment=&#8221;center&#8221; custom_margin=&#8221;1px||||false|false&#8221; custom_padding=&#8221;|30px|0px|30px|false|true&#8221; global_colors_info=&#8221;{}&#8221;]<\/p>\n<h4 data-path-to-node=\"12\"><b data-path-to-node=\"12\" data-index-in-node=\"0\">PODPORA PRI ANKSIOZNIH IN DEPRESIVNIH STANJIH<\/b><\/h4>\n<ul data-path-to-node=\"13\">\n<li>\n<p data-path-to-node=\"13,0,0\">Razumevanje in ubla\u017eitev stanja stalne napetosti, strahu in zaskrbljenosti.<\/p>\n<\/li>\n<li>\n<p data-path-to-node=\"13,1,0\">Delo na prepoznavanju spro\u017eilcev za pani\u010dne napade in ob\u010dutek nemira.<\/p>\n<\/li>\n<li>\n<p data-path-to-node=\"13,2,0\">Predelava ob\u010dutkov nesmisla, potrtosti in kroni\u010dnega nezadovoljstva.<\/p>\n<\/li>\n<li>\n<p data-path-to-node=\"13,3,0\">Raziskovanje vzrokov za izgubo vitalnosti in interesa za bli\u017eino.<\/p>\n<\/li>\n<\/ul>\n<ul><\/ul>\n<p>[\/et_pb_text][\/et_pb_column][\/et_pb_row][et_pb_row use_custom_gutter=&#8221;on&#8221; gutter_width=&#8221;2&#8243; make_equal=&#8221;on&#8221; _builder_version=&#8221;4.18.0&#8243; _module_preset=&#8221;default&#8221; background_color=&#8221;#FFFFFF&#8221; background_size=&#8221;initial&#8221; background_position=&#8221;top_left&#8221; background_repeat=&#8221;repeat&#8221; z_index=&#8221;500&#8243; width=&#8221;90%&#8221; width_tablet=&#8221;90%&#8221; width_phone=&#8221;90%&#8221; width_last_edited=&#8221;on|tablet&#8221; max_width=&#8221;1200px&#8221; max_width_tablet=&#8221;90%&#8221; max_width_phone=&#8221;90%&#8221; max_width_last_edited=&#8221;on|desktop&#8221; custom_margin=&#8221;0px||||false|false&#8221; custom_padding=&#8221;0px||||false|false&#8221; box_shadow_style=&#8221;preset1&#8243; box_shadow_vertical=&#8221;45px&#8221; box_shadow_blur=&#8221;47px&#8221; global_colors_info=&#8221;{}&#8221;][et_pb_column type=&#8221;4_4&#8243; _builder_version=&#8221;4.16&#8243; _module_preset=&#8221;default&#8221; global_colors_info=&#8221;{}&#8221;][et_pb_text _builder_version=&#8221;4.18.0&#8243; _module_preset=&#8221;default&#8221; text_font=&#8221;||||||||&#8221; text_text_color=&#8221;#333&#8243; text_font_size=&#8221;17px&#8221; ul_line_height=&#8221;1.5em&#8221; ol_line_height=&#8221;1.9em&#8221; header_2_font_size=&#8221;28px&#8221; header_2_line_height=&#8221;1.4em&#8221; max_width_tablet=&#8221;&#8221; max_width_phone=&#8221;100%&#8221; max_width_last_edited=&#8221;on|phone&#8221; module_alignment=&#8221;center&#8221; custom_margin=&#8221;0px||8px||false|false&#8221; custom_padding=&#8221;|30px||30px|false|true&#8221; global_colors_info=&#8221;{}&#8221;]<\/p>\n<h4 data-path-to-node=\"14\"><b data-path-to-node=\"14\" data-index-in-node=\"0\">RAZUMEVANJE ODVISNI\u0160KIH VZORCEV IN TRAVMATSKIH IZKU\u0160ENJ<\/b><\/h4>\n<ul data-path-to-node=\"15\">\n<li>\n<p data-path-to-node=\"15,0,0\">Raziskovanje \u010dustvenega ozadja odvisni\u0161kih vedenj in delo na obvladovanju impulzov.<\/p>\n<\/li>\n<li>\n<p data-path-to-node=\"15,1,0\">Podpora v procesu okrevanja in stabilizacije po \u0161kodljivih navadah.<\/p>\n<\/li>\n<li>\n<p data-path-to-node=\"15,2,0\">Predelava travmati\u010dnih izku\u0161enj, ob\u010dutkov krivde, sramu in nizke samozavesti.<\/p>\n<\/li>\n<li>\n<p data-path-to-node=\"15,3,0\">Delo na integraciji te\u017ekih spominov in ubla\u017eitvi \u010dustvene bole\u010dine, povezane s preteklostjo.<\/p>\n<\/li>\n<\/ul>\n<ul><\/ul>\n<p>[\/et_pb_text][et_pb_text _builder_version=&#8221;4.18.0&#8243; _module_preset=&#8221;default&#8221; text_font=&#8221;||||||||&#8221; text_text_color=&#8221;#333&#8243; text_font_size=&#8221;17px&#8221; ul_line_height=&#8221;1.5em&#8221; ol_line_height=&#8221;1.9em&#8221; header_2_font_size=&#8221;28px&#8221; header_2_line_height=&#8221;1.4em&#8221; max_width_tablet=&#8221;&#8221; max_width_phone=&#8221;100%&#8221; max_width_last_edited=&#8221;on|phone&#8221; module_alignment=&#8221;center&#8221; custom_margin=&#8221;0px||||false|false&#8221; custom_padding=&#8221;|30px||30px|false|true&#8221; global_colors_info=&#8221;{}&#8221;][\/et_pb_text][\/et_pb_column][\/et_pb_row][\/et_pb_section]<\/p>\n","protected":false},"excerpt":{"rendered":"<p>Kot edukant psihoterapije pod supervizijo izhajam iz temeljne predpostavke, da je komunikacija na\u0161a primarna \u010dlove\u0161ka potreba; nujna je za na\u0161e pre\u017eivetje in \u010dustveno dobrobit. Vsako, \u0161e tako majhno enoto priznanja, ki jo namenimo drugemu \u2013 naj bo to nasmeh, prikimavanje ali beseda \u2013 v transakcijski analizi imenujemo &#8220;stroke&#8221; (enota pozornosti). To je hrana za na\u0161o [&hellip;]<\/p>\n","protected":false},"author":1,"featured_media":0,"parent":0,"menu_order":0,"comment_status":"closed","ping_status":"closed","template":"","meta":{"_et_pb_use_builder":"on","_et_pb_old_content":"","_et_gb_content_width":""},"_links":{"self":[{"href":"https:\/\/transakcijskaanaliza.com\/sl\/wp-json\/wp\/v2\/pages\/29903"}],"collection":[{"href":"https:\/\/transakcijskaanaliza.com\/sl\/wp-json\/wp\/v2\/pages"}],"about":[{"href":"https:\/\/transakcijskaanaliza.com\/sl\/wp-json\/wp\/v2\/types\/page"}],"author":[{"embeddable":true,"href":"https:\/\/transakcijskaanaliza.com\/sl\/wp-json\/wp\/v2\/users\/1"}],"replies":[{"embeddable":true,"href":"https:\/\/transakcijskaanaliza.com\/sl\/wp-json\/wp\/v2\/comments?post=29903"}],"version-history":[{"count":19,"href":"https:\/\/transakcijskaanaliza.com\/sl\/wp-json\/wp\/v2\/pages\/29903\/revisions"}],"predecessor-version":[{"id":30390,"href":"https:\/\/transakcijskaanaliza.com\/sl\/wp-json\/wp\/v2\/pages\/29903\/revisions\/30390"}],"wp:attachment":[{"href":"https:\/\/transakcijskaanaliza.com\/sl\/wp-json\/wp\/v2\/media?parent=29903"}],"curies":[{"name":"wp","href":"https:\/\/api.w.org\/{rel}","templated":true}]}}