{"id":29898,"date":"2022-05-30T08:07:03","date_gmt":"2022-05-30T07:07:03","guid":{"rendered":"https:\/\/transakcijskaanaliza.com\/nlp-intervencije\/"},"modified":"2026-02-17T09:23:38","modified_gmt":"2026-02-17T08:23:38","slug":"nlp-intervencije","status":"publish","type":"page","link":"https:\/\/transakcijskaanaliza.com\/sl\/nlp-intervencije\/","title":{"rendered":"NLP intervencije"},"content":{"rendered":"<p>[et_pb_section fb_built=&#8221;1&#8243; custom_padding_last_edited=&#8221;on|phone&#8221; admin_label=&#8221;section&#8221; _builder_version=&#8221;4.16&#8243; background_color=&#8221;#444444&#8243; use_background_color_gradient=&#8221;on&#8221; background_color_gradient_stops=&#8221;rgba(0,0,0,0.49) 0%|rgba(0,0,0,0.49) 100%&#8221; background_color_gradient_overlays_image=&#8221;on&#8221; background_color_gradient_start=&#8221;rgba(0,0,0,0.49)&#8221; background_color_gradient_end=&#8221;rgba(0,0,0,0.49)&#8221; background_image=&#8221;https:\/\/transakcijskaanaliza.com\/wp-content\/uploads\/2022\/07\/alan-gregorec-life-coaching.jpg&#8221; background_enable_video_mp4=&#8221;off&#8221; custom_padding=&#8221;90px||137px||false|false&#8221; custom_padding_tablet=&#8221;&#8221; custom_padding_phone=&#8221;65px||25px||false|false&#8221; global_module=&#8221;29833&#8243; saved_tabs=&#8221;all&#8221; global_colors_info=&#8221;{}&#8221;][et_pb_row use_custom_gutter=&#8221;on&#8221; gutter_width=&#8221;2&#8243; make_equal=&#8221;on&#8221; admin_label=&#8221;row&#8221; _builder_version=&#8221;4.16&#8243; background_size=&#8221;initial&#8221; background_position=&#8221;top_left&#8221; background_repeat=&#8221;repeat&#8221; width=&#8221;65%&#8221; width_tablet=&#8221;90%&#8221; width_phone=&#8221;90%&#8221; width_last_edited=&#8221;on|tablet&#8221; max_width=&#8221;1200px&#8221; max_width_tablet=&#8221;90%&#8221; max_width_phone=&#8221;90%&#8221; max_width_last_edited=&#8221;on|desktop&#8221; custom_padding=&#8221;||9px|||&#8221; animation_style=&#8221;fade&#8221; global_colors_info=&#8221;{}&#8221;][et_pb_column type=&#8221;4_4&#8243; _builder_version=&#8221;4.16&#8243; custom_padding=&#8221;|||&#8221; global_colors_info=&#8221;{}&#8221; custom_padding__hover=&#8221;|||&#8221;][et_pb_post_title meta=&#8221;off&#8221; _builder_version=&#8221;4.16&#8243; _module_preset=&#8221;default&#8221; title_text_align=&#8221;center&#8221; title_text_color=&#8221;#FFFFFF&#8221; title_font_size=&#8221;40px&#8221; title_line_height=&#8221;1.3em&#8221; global_colors_info=&#8221;{}&#8221;][\/et_pb_post_title][\/et_pb_column][\/et_pb_row][et_pb_row use_custom_gutter=&#8221;on&#8221; gutter_width=&#8221;1&#8243; make_equal=&#8221;on&#8221; disabled_on=&#8221;on|on|on&#8221; admin_label=&#8221;row&#8221; _builder_version=&#8221;4.18.0&#8243; background_size=&#8221;initial&#8221; background_position=&#8221;top_left&#8221; background_repeat=&#8221;repeat&#8221; width=&#8221;90%&#8221; width_tablet=&#8221;90%&#8221; width_phone=&#8221;90%&#8221; width_last_edited=&#8221;on|tablet&#8221; max_width=&#8221;1200px&#8221; max_width_tablet=&#8221;90%&#8221; max_width_phone=&#8221;90%&#8221; max_width_last_edited=&#8221;on|desktop&#8221; custom_padding=&#8221;12px||33px||false|false&#8221; animation_style=&#8221;fade&#8221; disabled=&#8221;on&#8221; global_colors_info=&#8221;{}&#8221;][et_pb_column type=&#8221;4_4&#8243; _builder_version=&#8221;4.16&#8243; custom_padding=&#8221;|||&#8221; global_colors_info=&#8221;{}&#8221; custom_padding__hover=&#8221;|||&#8221;][et_pb_button button_url=&#8221;#besplatan-uvodni-razgovor&#8221; button_text=&#8221;Kontakt&#8221; button_alignment=&#8221;center&#8221; button_alignment_tablet=&#8221;center&#8221; button_alignment_phone=&#8221;center&#8221; button_alignment_last_edited=&#8221;on|desktop&#8221; _builder_version=&#8221;4.18.0&#8243; custom_button=&#8221;on&#8221; button_text_size=&#8221;15px&#8221; button_text_color=&#8221;#ffffff&#8221; button_bg_color=&#8221;#A86500&#8243; button_border_color=&#8221;#A86500&#8243; button_border_radius=&#8221;0px&#8221; button_letter_spacing=&#8221;1px&#8221; button_font=&#8221;Barlow|600||on|||||&#8221; button_use_icon=&#8221;off&#8221; custom_padding=&#8221;16px|36px|16px|36px|true|true&#8221; global_colors_info=&#8221;{}&#8221; button_text_color__hover_enabled=&#8221;on|hover&#8221; button_text_color__hover=&#8221;#ffffff&#8221; button_bg_color__hover_enabled=&#8221;on|hover&#8221; button_bg_color__hover=&#8221;#333333&#8243; button_bg_enable_color__hover=&#8221;on&#8221; button_border_color__hover_enabled=&#8221;on|hover&#8221; button_border_color__hover=&#8221;#333&#8243; button_letter_spacing__hover_enabled=&#8221;on|desktop&#8221; button_letter_spacing__hover=&#8221;1px&#8221;][\/et_pb_button][\/et_pb_column][\/et_pb_row][\/et_pb_section][et_pb_section fb_built=&#8221;1&#8243; admin_label=&#8221;section&#8221; _builder_version=&#8221;4.16&#8243; background_color=&#8221;#F4F4F4&#8243; custom_padding=&#8221;1px||0px||false|false&#8221; global_colors_info=&#8221;{}&#8221;][et_pb_row use_custom_gutter=&#8221;on&#8221; gutter_width=&#8221;2&#8243; make_equal=&#8221;on&#8221; admin_label=&#8221;row&#8221; _builder_version=&#8221;4.16&#8243; background_size=&#8221;initial&#8221; background_position=&#8221;top_left&#8221; background_repeat=&#8221;repeat&#8221; z_index=&#8221;500&#8243; width=&#8221;90%&#8221; width_tablet=&#8221;90%&#8221; width_phone=&#8221;90%&#8221; width_last_edited=&#8221;on|tablet&#8221; max_width=&#8221;1200px&#8221; max_width_tablet=&#8221;90%&#8221; max_width_phone=&#8221;90%&#8221; max_width_last_edited=&#8221;on|desktop&#8221; custom_margin=&#8221;-80px||||false|false&#8221; custom_margin_tablet=&#8221;-80px||||false|false&#8221; custom_margin_phone=&#8221;0px||||false|false&#8221; custom_margin_last_edited=&#8221;on|phone&#8221; custom_padding=&#8221;1px||0px||false|false&#8221; global_colors_info=&#8221;{}&#8221;][et_pb_column type=&#8221;4_4&#8243; _builder_version=&#8221;4.16&#8243; background_color=&#8221;#ffffff&#8221; custom_padding=&#8221;||80px||false|false&#8221; custom_padding_tablet=&#8221;||80px||false|false&#8221; custom_padding_phone=&#8221;||0px||false|false&#8221; custom_padding_last_edited=&#8221;on|phone&#8221; box_shadow_style=&#8221;preset1&#8243; box_shadow_vertical=&#8221;21px&#8221; box_shadow_blur=&#8221;47px&#8221; box_shadow_color=&#8221;rgba(181,181,181,0.3)&#8221; global_colors_info=&#8221;{}&#8221; custom_padding__hover=&#8221;|||&#8221;][et_pb_text _builder_version=&#8221;4.18.0&#8243; text_font=&#8221;||||||||&#8221; text_text_color=&#8221;#333&#8243; text_font_size=&#8221;17px&#8221; header_2_font_size=&#8221;28px&#8221; header_2_line_height=&#8221;1.4em&#8221; max_width_tablet=&#8221;&#8221; max_width_phone=&#8221;100%&#8221; max_width_last_edited=&#8221;on|phone&#8221; module_alignment=&#8221;center&#8221; custom_margin=&#8221;50px||||false|false&#8221; custom_padding=&#8221;|30px||30px|false|true&#8221; global_colors_info=&#8221;{}&#8221;]<\/p>\n<p><span style=\"font-family: 'Times New Roman', serif; font-size: 12pt;\"><span style=\"color: #333333;\"><span style=\"font-family: Open Sans, serif;\">Nevrolingvisti\u010dno programiranje (NLP) je psiholo\u0161ki pristop, ki se osredoto\u010da na komunikacijo, osebni razvoj in terapijo ter povezuje nevrolo\u0161ke in vedenjske procese s posameznikovimi izku\u0161njami. Tako nevrolingvisti\u010dno programiranje povezuje misli, jezik in vedenjske vzorce, nau\u010dene z izku\u0161njami, z dolo\u010denimi rezultati. NLP vodi analiza tehnik uspe\u0161nih posameznikov, s katerimi dosegajo svoje cilje, in jih uporablja za pomo\u010d drugim, ki \u017eelijo izbolj\u0161ati svoje \u017eivljenje. Izku\u0161nje veljajo za vir spoznanj in orodje za izbolj\u0161anje, ne glede na to, ali je bila dolo\u010dena situacija iz preteklosti pozitivna ali negativna. Pri nevrolingvisti\u010dnem programiranju je izku\u0161nja eno od orodij za spremembe na bolje.<\/span><\/span><\/span><\/p>\n<p><span style=\"font-weight: 400;\"><img loading=\"lazy\" class=\"wp-image-29097 alignnone size-full\" src=\"https:\/\/transakcijskaanaliza.com\/wp-content\/uploads\/2022\/07\/nlp-img.jpg\" alt=\"\" width=\"1200\" height=\"662\" srcset=\"https:\/\/transakcijskaanaliza.com\/wp-content\/uploads\/2022\/07\/nlp-img.jpg 1200w, https:\/\/transakcijskaanaliza.com\/wp-content\/uploads\/2022\/07\/nlp-img-980x541.jpg 980w, https:\/\/transakcijskaanaliza.com\/wp-content\/uploads\/2022\/07\/nlp-img-480x265.jpg 480w\" sizes=\"(min-width: 0px) and (max-width: 480px) 480px, (min-width: 481px) and (max-width: 980px) 980px, (min-width: 981px) 1200px, 100vw\" \/><\/span><\/p>\n<p class=\"western\"><span style=\"font-family: 'Open Sans', serif; font-size: 12pt;\"><span style=\"color: #333333;\">NLP temelji na \u0161tevilnih metodah, vendar ve\u010dina od njih temelji na istih aksiomih. Dober primer je: &#8220;Ljudje imajo vse vire, ki jih potrebujejo za uspeh in doseganje \u017eelenih rezultatov.&#8221; Jasno je, da praktiki NLP verjamejo, da ima posameznik vse mo\u017enosti v sebi, le aktivirati jih mora. Vloga strokovnjaka je, da prepozna vzorce vedenja in to, od kod izvirajo, ter uporabi idealno metodo, da jih spremeni na bolje. <\/span><\/span><\/p>\n<p class=\"western\"><span style=\"font-size: 12pt;\"><span style=\"font-family: Open Sans, serif;\"><span style=\"color: #333333;\">Eden od osnovnih aksiomov NLP je: &#8220;<\/span><\/span><span style=\"font-family: Open Sans, serif;\"><b><span style=\"color: #333333;\">\u010ce nekaj ne uspe, poskusite z drugim pristopom ali spremenite svoj pristop, dokler ne dose\u017eete \u017eelenih rezultatov<\/span><\/b><\/span><span style=\"font-family: Open Sans, serif;\"><span style=\"color: #333333;\">.&#8221; Glavna ideja je, da ne morete \u010dakati, da se bo zgodila sprememba, medtem ko po\u010dnete vse kot prej. Nekaj morate storiti, zavzeti aktivno stali\u0161\u010de, pri tem pa so vam v pomo\u010d izvajalci NLP.<\/span><\/span><\/span><\/p>\n<p>[\/et_pb_text][\/et_pb_column][\/et_pb_row][et_pb_row use_custom_gutter=&#8221;on&#8221; gutter_width=&#8221;2&#8243; make_equal=&#8221;on&#8221; _builder_version=&#8221;4.16&#8243; _module_preset=&#8221;default&#8221; background_color=&#8221;#FFFFFF&#8221; background_size=&#8221;initial&#8221; background_position=&#8221;top_left&#8221; background_repeat=&#8221;repeat&#8221; z_index=&#8221;500&#8243; width=&#8221;90%&#8221; width_tablet=&#8221;90%&#8221; width_phone=&#8221;90%&#8221; width_last_edited=&#8221;on|tablet&#8221; max_width=&#8221;1200px&#8221; max_width_tablet=&#8221;90%&#8221; max_width_phone=&#8221;90%&#8221; max_width_last_edited=&#8221;on|desktop&#8221; custom_margin=&#8221;-80px||||false|false&#8221; custom_margin_tablet=&#8221;-80px||||false|false&#8221; custom_margin_phone=&#8221;0px||||false|false&#8221; custom_margin_last_edited=&#8221;on|phone&#8221; custom_padding=&#8221;1px||2px||false|false&#8221; box_shadow_style=&#8221;preset1&#8243; box_shadow_vertical=&#8221;45px&#8221; box_shadow_blur=&#8221;47px&#8221; global_colors_info=&#8221;{}&#8221;][et_pb_column type=&#8221;4_4&#8243; _builder_version=&#8221;4.16&#8243; _module_preset=&#8221;default&#8221; global_colors_info=&#8221;{}&#8221;][et_pb_text _builder_version=&#8221;4.18.0&#8243; _module_preset=&#8221;default&#8221; text_font=&#8221;Barlow||||||||&#8221; text_text_color=&#8221;#333&#8243; text_font_size=&#8221;20px&#8221; header_2_font_size=&#8221;28px&#8221; header_2_line_height=&#8221;1.4em&#8221; max_width_tablet=&#8221;&#8221; max_width_phone=&#8221;100%&#8221; max_width_last_edited=&#8221;on|phone&#8221; module_alignment=&#8221;center&#8221; custom_margin=&#8221;35px||||false|false&#8221; custom_padding=&#8221;|30px||30px|false|true&#8221; global_colors_info=&#8221;{}&#8221;]<\/p>\n<p><span style=\"font-size: medium;\"><span style=\"color: #333333;\"><span style=\"font-family: Open Sans, serif;\"><span style=\"font-size: x-large;\"><b><span style=\"font-family: Times New Roman, serif;\">Kaj je NLP intervencija?<\/span><\/b><\/span><\/span><\/span><\/span><\/p>\n<p>[\/et_pb_text][\/et_pb_column][\/et_pb_row][et_pb_row use_custom_gutter=&#8221;on&#8221; gutter_width=&#8221;2&#8243; make_equal=&#8221;on&#8221; _builder_version=&#8221;4.16&#8243; _module_preset=&#8221;default&#8221; background_color=&#8221;#FFFFFF&#8221; background_size=&#8221;initial&#8221; background_position=&#8221;top_left&#8221; background_repeat=&#8221;repeat&#8221; z_index=&#8221;500&#8243; width=&#8221;90%&#8221; width_tablet=&#8221;90%&#8221; width_phone=&#8221;90%&#8221; width_last_edited=&#8221;on|tablet&#8221; max_width=&#8221;1200px&#8221; max_width_tablet=&#8221;90%&#8221; max_width_phone=&#8221;90%&#8221; max_width_last_edited=&#8221;on|desktop&#8221; custom_margin=&#8221;0px|auto|0px|auto|false|false&#8221; custom_padding=&#8221;0px||0px||false|false&#8221; box_shadow_style=&#8221;preset1&#8243; box_shadow_vertical=&#8221;45px&#8221; box_shadow_blur=&#8221;47px&#8221; global_colors_info=&#8221;{}&#8221;][et_pb_column type=&#8221;4_4&#8243; _builder_version=&#8221;4.16&#8243; _module_preset=&#8221;default&#8221; global_colors_info=&#8221;{}&#8221;][et_pb_text _builder_version=&#8221;4.18.0&#8243; _module_preset=&#8221;default&#8221; text_font=&#8221;||||||||&#8221; text_text_color=&#8221;#333&#8243; text_font_size=&#8221;17px&#8221; header_2_font_size=&#8221;28px&#8221; header_2_line_height=&#8221;1.4em&#8221; max_width_tablet=&#8221;&#8221; max_width_phone=&#8221;100%&#8221; max_width_last_edited=&#8221;on|phone&#8221; module_alignment=&#8221;center&#8221; custom_margin=&#8221;0px||||false|false&#8221; custom_padding=&#8221;|30px||30px|false|true&#8221; global_colors_info=&#8221;{}&#8221;]<\/p>\n<p class=\"western\"><span style=\"font-family: 'Open Sans', serif; font-size: 12pt;\"><span style=\"color: #333333;\">Intervencija NLP vklju\u010duje \u0161tevilne metode dinami\u010dnega pristopa. Za intervencijo NLP potrebujete strokovnjaka kot osebo, na\u010delo pa je podobno klasi\u010dnemu pristopu coachinga, saj vas strokovnjak NLP vodi skozi te tehnike in vam pomaga dose\u010di va\u0161 cilj. Prav to je moje delo, ki ga kot licencirani praktik NLP, mojster in coach po metodi ustanovitelja NLP Richarda Bandlerja opravljam \u017ee 20 let, ko prakticiram svoje znanje in vlagam najve\u010d truda v pomo\u010d svojim strankam.<\/span><\/span><\/p>\n<p>[\/et_pb_text][\/et_pb_column][\/et_pb_row][et_pb_row use_custom_gutter=&#8221;on&#8221; gutter_width=&#8221;2&#8243; make_equal=&#8221;on&#8221; _builder_version=&#8221;4.16&#8243; _module_preset=&#8221;default&#8221; background_color=&#8221;#FFFFFF&#8221; background_size=&#8221;initial&#8221; background_position=&#8221;top_left&#8221; background_repeat=&#8221;repeat&#8221; z_index=&#8221;500&#8243; width=&#8221;90%&#8221; width_tablet=&#8221;90%&#8221; width_phone=&#8221;90%&#8221; width_last_edited=&#8221;on|tablet&#8221; max_width=&#8221;1200px&#8221; max_width_tablet=&#8221;90%&#8221; max_width_phone=&#8221;90%&#8221; max_width_last_edited=&#8221;on|desktop&#8221; custom_margin=&#8221;0px||||false|false&#8221; custom_padding=&#8221;0px||0px||false|false&#8221; box_shadow_style=&#8221;preset1&#8243; box_shadow_vertical=&#8221;45px&#8221; box_shadow_blur=&#8221;47px&#8221; global_colors_info=&#8221;{}&#8221;][et_pb_column type=&#8221;4_4&#8243; _builder_version=&#8221;4.16&#8243; _module_preset=&#8221;default&#8221; global_colors_info=&#8221;{}&#8221;][et_pb_text _builder_version=&#8221;4.16&#8243; _module_preset=&#8221;default&#8221; text_font=&#8221;Barlow||||||||&#8221; text_text_color=&#8221;#333&#8243; text_font_size=&#8221;20px&#8221; header_2_font_size=&#8221;28px&#8221; header_2_line_height=&#8221;1.4em&#8221; max_width_tablet=&#8221;&#8221; max_width_phone=&#8221;100%&#8221; max_width_last_edited=&#8221;on|phone&#8221; module_alignment=&#8221;center&#8221; custom_margin=&#8221;35px||||false|false&#8221; custom_padding=&#8221;|30px||30px|false|true&#8221; global_colors_info=&#8221;{}&#8221;]<\/p>\n<h2><b>Neke od najpoznatijih intervencija:<\/b><\/h2>\n<p>[\/et_pb_text][\/et_pb_column][\/et_pb_row][et_pb_row use_custom_gutter=&#8221;on&#8221; gutter_width=&#8221;2&#8243; make_equal=&#8221;on&#8221; _builder_version=&#8221;4.16&#8243; _module_preset=&#8221;default&#8221; background_color=&#8221;#FFFFFF&#8221; background_size=&#8221;initial&#8221; background_position=&#8221;top_left&#8221; background_repeat=&#8221;repeat&#8221; z_index=&#8221;500&#8243; width=&#8221;90%&#8221; width_tablet=&#8221;90%&#8221; width_phone=&#8221;90%&#8221; width_last_edited=&#8221;on|tablet&#8221; max_width=&#8221;1200px&#8221; max_width_tablet=&#8221;90%&#8221; max_width_phone=&#8221;90%&#8221; max_width_last_edited=&#8221;on|desktop&#8221; custom_margin=&#8221;-80px||||false|false&#8221; custom_margin_tablet=&#8221;-80px||||false|false&#8221; custom_margin_phone=&#8221;0px||||false|false&#8221; custom_margin_last_edited=&#8221;on|phone&#8221; custom_padding=&#8221;0px||0px||false|false&#8221; box_shadow_style=&#8221;preset1&#8243; box_shadow_vertical=&#8221;45px&#8221; box_shadow_blur=&#8221;47px&#8221; global_colors_info=&#8221;{}&#8221;][et_pb_column type=&#8221;4_4&#8243; _builder_version=&#8221;4.16&#8243; _module_preset=&#8221;default&#8221; global_colors_info=&#8221;{}&#8221;][et_pb_text _builder_version=&#8221;4.18.0&#8243; _module_preset=&#8221;default&#8221; text_font=&#8221;||||||||&#8221; text_text_color=&#8221;#333&#8243; text_font_size=&#8221;17px&#8221; header_2_font_size=&#8221;28px&#8221; header_2_line_height=&#8221;1.4em&#8221; max_width_tablet=&#8221;&#8221; max_width_phone=&#8221;100%&#8221; max_width_last_edited=&#8221;on|phone&#8221; module_alignment=&#8221;center&#8221; custom_margin=&#8221;||||false|false&#8221; custom_padding=&#8221;|30px||30px|false|true&#8221; global_colors_info=&#8221;{}&#8221;]<\/p>\n<p><b>DISSOCIATION<\/b><span style=\"font-weight: 400;\"> (disocijacija), <\/span><span style=\"font-size: 12pt;\"><span style=\"color: #333333;\"><span style=\"font-family: Open Sans, serif;\"><span style=\"font-family: Times New Roman, serif;\">kot pove \u017ee ime, slu\u017ei temu, da se posameznik odmakne od negativnih \u010dustev in na izku\u0161njo pogleda z druge perspektive. Namesto da vas nepri\u010dakovana situacija ohromi, se lahko odmaknete od vsega in situacijo racionalno obravnavate, tako da se lahko hitreje umirite in greste naprej<\/span><\/span><span style=\"font-family: Open Sans, serif;\"><b>.<\/b><\/span><\/span><\/span><\/p>\n<p><b>REFRAMING<\/b><span style=\"font-weight: 400;\"> (preoblikovanje) <\/span><span style=\"font-size: medium;\"><span style=\"color: #333333;\"><span style=\"font-family: 'Open Sans', serif; font-size: 12pt;\"><span style=\"font-family: Times New Roman, serif;\">je tehnika, pri kateri s spremembo pogleda na dogodek spremenite njegov pomen za vas. S tem lahko spremenite svoje vedenje in se veliko la\u017eje soo\u010dite z dolo\u010deno situacijo.<\/span><\/span><b> <\/b><\/span><\/span><\/p>\n<p><b>ANCHORING<\/b><span style=\"font-weight: 400;\"> (sidranje) <\/span><span style=\"font-size: 12pt;\"><span style=\"color: #333333;\"><span style=\"font-family: Open Sans, serif;\"><span style=\"font-family: Times New Roman, serif;\">nam pomaga povezati izku\u0161njo (zvok, sliko, vonj) z na\u0161imi ob\u010dutki. S to metodo retrospektivno pove\u010damo svoje zavedanje o okolju v dolo\u010deni situaciji in je mogo\u010de navidezno spremeniti izku\u0161njo ter tako premagati travmo, kar nam posledi\u010dno omogo\u010da gradnjo bolj\u0161e prihodnosti.<\/span><\/span><\/span><\/span><\/p>\n<p><b>RAPPORT<\/b><span style=\"font-weight: 400;\"> (odnos) <\/span><span style=\"font-family: 'Open Sans', serif; font-size: 12pt;\"><span style=\"color: #333333;\">pomeni vzpostavljanje stika in vam pomaga nau\u010diti se, kako vzpostaviti dober stik z drugo osebo. S pomo\u010djo te ve\u0161\u010dine se lahko prilagodite vsakomur in vodilnemu v pogovoru ter ga usmerite, kot se vam zdi primerno.<\/span><\/span><\/p>\n<p><b>SWISH <\/b><span style=\"font-size: 12pt;\"><span style=\"font-family: Open Sans, serif;\"><span style=\"color: #333333;\">tehnika<\/span><\/span> <span style=\"font-family: Open Sans, serif;\"><span style=\"color: #333333;\">se nana\u0161a na reprogramiranje uma, tako da en tok misli vodi k \u017eelenemu vedenju namesto k neza\u017eelenemu. S tem lahko popravite slabe navade in reakcije ter vzpostavite nove poti, ki vodijo v bolj\u0161e vzorce. Pomaga tudi pri iskanju &#8220;spro\u017eilcev&#8221; za dolo\u010deno te\u017eavo.<\/span><\/span><\/span><\/p>\n<p>[\/et_pb_text][\/et_pb_column][\/et_pb_row][et_pb_row use_custom_gutter=&#8221;on&#8221; gutter_width=&#8221;2&#8243; make_equal=&#8221;on&#8221; _builder_version=&#8221;4.16&#8243; _module_preset=&#8221;default&#8221; background_color=&#8221;#FFFFFF&#8221; background_size=&#8221;initial&#8221; background_position=&#8221;top_left&#8221; background_repeat=&#8221;repeat&#8221; z_index=&#8221;500&#8243; width=&#8221;90%&#8221; width_tablet=&#8221;90%&#8221; width_phone=&#8221;90%&#8221; width_last_edited=&#8221;on|tablet&#8221; max_width=&#8221;1200px&#8221; max_width_tablet=&#8221;90%&#8221; max_width_phone=&#8221;90%&#8221; max_width_last_edited=&#8221;on|desktop&#8221; custom_margin=&#8221;||||false|false&#8221; custom_padding=&#8221;1px||0px||false|false&#8221; box_shadow_style=&#8221;preset1&#8243; box_shadow_vertical=&#8221;45px&#8221; box_shadow_blur=&#8221;47px&#8221; global_colors_info=&#8221;{}&#8221;][et_pb_column type=&#8221;4_4&#8243; _builder_version=&#8221;4.16&#8243; _module_preset=&#8221;default&#8221; global_colors_info=&#8221;{}&#8221;][et_pb_text _builder_version=&#8221;4.24.2&#8243; _module_preset=&#8221;default&#8221; text_font=&#8221;Barlow||||||||&#8221; text_text_color=&#8221;#333&#8243; text_font_size=&#8221;20px&#8221; header_2_font_size=&#8221;28px&#8221; header_2_line_height=&#8221;1.4em&#8221; max_width_tablet=&#8221;&#8221; max_width_phone=&#8221;100%&#8221; max_width_last_edited=&#8221;on|phone&#8221; module_alignment=&#8221;center&#8221; custom_margin=&#8221;35px||||false|false&#8221; custom_padding=&#8221;|30px||30px|false|true&#8221; global_colors_info=&#8221;{}&#8221;]<\/p>\n<p><span style=\"font-size: medium;\"><span style=\"color: #333333;\"><span style=\"font-family: Open Sans, serif;\"><span style=\"font-size: x-large;\"><b><span style=\"font-family: Times New Roman, serif;\">NLP za spodbujanje osebnih sprememb<\/span><\/b><\/span><\/span><\/span><\/span><\/p>\n<p>[\/et_pb_text][\/et_pb_column][\/et_pb_row][et_pb_row use_custom_gutter=&#8221;on&#8221; gutter_width=&#8221;2&#8243; make_equal=&#8221;on&#8221; _builder_version=&#8221;4.16&#8243; _module_preset=&#8221;default&#8221; background_color=&#8221;#FFFFFF&#8221; background_size=&#8221;initial&#8221; background_position=&#8221;top_left&#8221; background_repeat=&#8221;repeat&#8221; z_index=&#8221;500&#8243; width=&#8221;90%&#8221; width_tablet=&#8221;90%&#8221; width_phone=&#8221;90%&#8221; width_last_edited=&#8221;on|tablet&#8221; max_width=&#8221;1200px&#8221; max_width_tablet=&#8221;90%&#8221; max_width_phone=&#8221;90%&#8221; max_width_last_edited=&#8221;on|desktop&#8221; custom_margin=&#8221;0px||||false|false&#8221; custom_padding=&#8221;0px||55px||false|false&#8221; box_shadow_style=&#8221;preset1&#8243; box_shadow_vertical=&#8221;45px&#8221; box_shadow_blur=&#8221;47px&#8221; global_colors_info=&#8221;{}&#8221;][et_pb_column type=&#8221;4_4&#8243; _builder_version=&#8221;4.16&#8243; _module_preset=&#8221;default&#8221; global_colors_info=&#8221;{}&#8221;][et_pb_text _builder_version=&#8221;4.18.0&#8243; _module_preset=&#8221;default&#8221; text_font=&#8221;||||||||&#8221; text_text_color=&#8221;#333&#8243; text_font_size=&#8221;17px&#8221; header_2_font_size=&#8221;28px&#8221; header_2_line_height=&#8221;1.4em&#8221; max_width_tablet=&#8221;&#8221; max_width_phone=&#8221;100%&#8221; max_width_last_edited=&#8221;on|phone&#8221; module_alignment=&#8221;center&#8221; custom_margin=&#8221;0px||||false|false&#8221; custom_padding=&#8221;|30px||30px|false|true&#8221; global_colors_info=&#8221;{}&#8221;]<\/p>\n<p>Vsak posameznik svet zaznava na svoj edinstven na\u010din. Bistvo sodelovanja med NLP praktikom in stranko je prav v prepoznavanju teh specifi\u010dnih zaznavnih vzorcev ter njihovem usmerjanju k ciljem, ki si jih stranka zastavi sama. Z osredoto\u010danjem na podzavestne vzorce vedenja nudim podporo pri odkrivanju novih perspektiv in razvijanju kreativnih pristopov k vsakodnevnim izzivom. \u010ce ste odprti za osebni razvoj in \u017eelite raziskati mo\u017enosti, ki jih ponuja NLP pristop, vas vabim, da me kontaktirate za dogovor o terminu in za\u010detku najinega sodelovanja.<\/p>\n<p>[\/et_pb_text][\/et_pb_column][\/et_pb_row][\/et_pb_section]<\/p>\n","protected":false},"excerpt":{"rendered":"<p>Nevrolingvisti\u010dno programiranje (NLP) je psiholo\u0161ki pristop, ki se osredoto\u010da na komunikacijo, osebni razvoj in terapijo ter povezuje nevrolo\u0161ke in vedenjske procese s posameznikovimi izku\u0161njami. Tako nevrolingvisti\u010dno programiranje povezuje misli, jezik in vedenjske vzorce, nau\u010dene z izku\u0161njami, z dolo\u010denimi rezultati. NLP vodi analiza tehnik uspe\u0161nih posameznikov, s katerimi dosegajo svoje cilje, in jih uporablja za pomo\u010d [&hellip;]<\/p>\n","protected":false},"author":1,"featured_media":0,"parent":0,"menu_order":0,"comment_status":"closed","ping_status":"closed","template":"","meta":{"_et_pb_use_builder":"on","_et_pb_old_content":"","_et_gb_content_width":""},"_links":{"self":[{"href":"https:\/\/transakcijskaanaliza.com\/sl\/wp-json\/wp\/v2\/pages\/29898"}],"collection":[{"href":"https:\/\/transakcijskaanaliza.com\/sl\/wp-json\/wp\/v2\/pages"}],"about":[{"href":"https:\/\/transakcijskaanaliza.com\/sl\/wp-json\/wp\/v2\/types\/page"}],"author":[{"embeddable":true,"href":"https:\/\/transakcijskaanaliza.com\/sl\/wp-json\/wp\/v2\/users\/1"}],"replies":[{"embeddable":true,"href":"https:\/\/transakcijskaanaliza.com\/sl\/wp-json\/wp\/v2\/comments?post=29898"}],"version-history":[{"count":5,"href":"https:\/\/transakcijskaanaliza.com\/sl\/wp-json\/wp\/v2\/pages\/29898\/revisions"}],"predecessor-version":[{"id":30407,"href":"https:\/\/transakcijskaanaliza.com\/sl\/wp-json\/wp\/v2\/pages\/29898\/revisions\/30407"}],"wp:attachment":[{"href":"https:\/\/transakcijskaanaliza.com\/sl\/wp-json\/wp\/v2\/media?parent=29898"}],"curies":[{"name":"wp","href":"https:\/\/api.w.org\/{rel}","templated":true}]}}