{"id":29879,"date":"2022-06-08T05:36:42","date_gmt":"2022-06-08T04:36:42","guid":{"rendered":"https:\/\/transakcijskaanaliza.com\/mentalno-zdravlje\/"},"modified":"2026-02-13T16:27:53","modified_gmt":"2026-02-13T15:27:53","slug":"osebni-razvoj","status":"publish","type":"page","link":"https:\/\/transakcijskaanaliza.com\/sl\/osebni-razvoj\/","title":{"rendered":"Osebni razvoj"},"content":{"rendered":"<p>[et_pb_section fb_built=&#8221;1&#8243; custom_padding_last_edited=&#8221;on|phone&#8221; admin_label=&#8221;section&#8221; _builder_version=&#8221;4.16&#8243; background_color=&#8221;#444444&#8243; use_background_color_gradient=&#8221;on&#8221; background_color_gradient_stops=&#8221;rgba(0,0,0,0.49) 0%|rgba(0,0,0,0.49) 100%&#8221; background_color_gradient_overlays_image=&#8221;on&#8221; background_color_gradient_start=&#8221;rgba(0,0,0,0.49)&#8221; background_color_gradient_end=&#8221;rgba(0,0,0,0.49)&#8221; background_image=&#8221;https:\/\/transakcijskaanaliza.com\/wp-content\/uploads\/2022\/07\/alan-gregorec-life-coaching.jpg&#8221; background_enable_video_mp4=&#8221;off&#8221; custom_padding=&#8221;90px||137px||false|false&#8221; custom_padding_tablet=&#8221;&#8221; custom_padding_phone=&#8221;65px||25px||false|false&#8221; global_module=&#8221;29833&#8243; saved_tabs=&#8221;all&#8221; global_colors_info=&#8221;{}&#8221;][et_pb_row use_custom_gutter=&#8221;on&#8221; gutter_width=&#8221;2&#8243; make_equal=&#8221;on&#8221; admin_label=&#8221;row&#8221; _builder_version=&#8221;4.16&#8243; background_size=&#8221;initial&#8221; background_position=&#8221;top_left&#8221; background_repeat=&#8221;repeat&#8221; width=&#8221;65%&#8221; width_tablet=&#8221;90%&#8221; width_phone=&#8221;90%&#8221; width_last_edited=&#8221;on|tablet&#8221; max_width=&#8221;1200px&#8221; max_width_tablet=&#8221;90%&#8221; max_width_phone=&#8221;90%&#8221; max_width_last_edited=&#8221;on|desktop&#8221; custom_padding=&#8221;||9px|||&#8221; animation_style=&#8221;fade&#8221; global_colors_info=&#8221;{}&#8221;][et_pb_column type=&#8221;4_4&#8243; _builder_version=&#8221;4.16&#8243; custom_padding=&#8221;|||&#8221; global_colors_info=&#8221;{}&#8221; custom_padding__hover=&#8221;|||&#8221;][et_pb_post_title meta=&#8221;off&#8221; _builder_version=&#8221;4.16&#8243; _module_preset=&#8221;default&#8221; title_text_align=&#8221;center&#8221; title_text_color=&#8221;#FFFFFF&#8221; title_font_size=&#8221;40px&#8221; title_line_height=&#8221;1.3em&#8221; global_colors_info=&#8221;{}&#8221;][\/et_pb_post_title][\/et_pb_column][\/et_pb_row][et_pb_row use_custom_gutter=&#8221;on&#8221; gutter_width=&#8221;1&#8243; make_equal=&#8221;on&#8221; admin_label=&#8221;row&#8221; _builder_version=&#8221;4.16&#8243; background_size=&#8221;initial&#8221; background_position=&#8221;top_left&#8221; background_repeat=&#8221;repeat&#8221; width=&#8221;90%&#8221; width_tablet=&#8221;90%&#8221; width_phone=&#8221;90%&#8221; width_last_edited=&#8221;on|tablet&#8221; max_width=&#8221;1200px&#8221; max_width_tablet=&#8221;90%&#8221; max_width_phone=&#8221;90%&#8221; max_width_last_edited=&#8221;on|desktop&#8221; custom_padding=&#8221;12px||33px||false|false&#8221; animation_style=&#8221;fade&#8221; global_colors_info=&#8221;{}&#8221;][et_pb_column type=&#8221;4_4&#8243; _builder_version=&#8221;4.16&#8243; custom_padding=&#8221;|||&#8221; global_colors_info=&#8221;{}&#8221; custom_padding__hover=&#8221;|||&#8221;][et_pb_button button_url=&#8221;#besplatan-uvodni-razgovor&#8221; button_text=&#8221;Kontakt&#8221; button_alignment=&#8221;center&#8221; button_alignment_tablet=&#8221;center&#8221; button_alignment_phone=&#8221;center&#8221; button_alignment_last_edited=&#8221;on|desktop&#8221; _builder_version=&#8221;4.18.0&#8243; custom_button=&#8221;on&#8221; button_text_size=&#8221;15px&#8221; button_text_color=&#8221;#ffffff&#8221; button_bg_color=&#8221;#A86500&#8243; button_border_color=&#8221;#A86500&#8243; button_border_radius=&#8221;0px&#8221; button_letter_spacing=&#8221;1px&#8221; button_font=&#8221;Barlow|600||on|||||&#8221; button_use_icon=&#8221;off&#8221; custom_padding=&#8221;16px|36px|16px|36px|true|true&#8221; global_colors_info=&#8221;{}&#8221; button_text_color__hover_enabled=&#8221;on|hover&#8221; button_text_color__hover=&#8221;#ffffff&#8221; button_bg_color__hover_enabled=&#8221;on|hover&#8221; button_bg_color__hover=&#8221;#333333&#8243; button_bg_enable_color__hover=&#8221;on&#8221; button_border_color__hover_enabled=&#8221;on|hover&#8221; button_border_color__hover=&#8221;#333&#8243; button_letter_spacing__hover_enabled=&#8221;on|desktop&#8221; button_letter_spacing__hover=&#8221;1px&#8221;][\/et_pb_button][\/et_pb_column][\/et_pb_row][\/et_pb_section][et_pb_section fb_built=&#8221;1&#8243; admin_label=&#8221;section&#8221; _builder_version=&#8221;4.16&#8243; background_color=&#8221;#F4F4F4&#8243; custom_padding=&#8221;1px||0px||false|false&#8221; global_colors_info=&#8221;{}&#8221;][et_pb_row use_custom_gutter=&#8221;on&#8221; gutter_width=&#8221;2&#8243; make_equal=&#8221;on&#8221; admin_label=&#8221;row&#8221; _builder_version=&#8221;4.16&#8243; background_size=&#8221;initial&#8221; background_position=&#8221;top_left&#8221; background_repeat=&#8221;repeat&#8221; z_index=&#8221;500&#8243; width=&#8221;90%&#8221; width_tablet=&#8221;90%&#8221; width_phone=&#8221;90%&#8221; width_last_edited=&#8221;on|tablet&#8221; max_width=&#8221;1200px&#8221; max_width_tablet=&#8221;90%&#8221; max_width_phone=&#8221;90%&#8221; max_width_last_edited=&#8221;on|desktop&#8221; custom_margin=&#8221;-80px||||false|false&#8221; custom_margin_tablet=&#8221;-80px||||false|false&#8221; custom_margin_phone=&#8221;0px||||false|false&#8221; custom_margin_last_edited=&#8221;on|phone&#8221; custom_padding=&#8221;1px||0px||false|false&#8221; global_colors_info=&#8221;{}&#8221;][et_pb_column type=&#8221;4_4&#8243; _builder_version=&#8221;4.16&#8243; background_color=&#8221;#ffffff&#8221; custom_padding=&#8221;||80px||false|false&#8221; custom_padding_tablet=&#8221;||80px||false|false&#8221; custom_padding_phone=&#8221;||0px||false|false&#8221; custom_padding_last_edited=&#8221;on|phone&#8221; box_shadow_style=&#8221;preset1&#8243; box_shadow_vertical=&#8221;21px&#8221; box_shadow_blur=&#8221;47px&#8221; box_shadow_color=&#8221;rgba(181,181,181,0.3)&#8221; global_colors_info=&#8221;{}&#8221; custom_padding__hover=&#8221;|||&#8221;][et_pb_text _builder_version=&#8221;4.18.0&#8243; text_font=&#8221;||||||||&#8221; text_text_color=&#8221;#333&#8243; text_font_size=&#8221;17px&#8221; header_2_font_size=&#8221;25px&#8221; header_2_line_height=&#8221;1.4em&#8221; max_width_tablet=&#8221;&#8221; max_width_phone=&#8221;100%&#8221; max_width_last_edited=&#8221;on|phone&#8221; module_alignment=&#8221;center&#8221; custom_margin=&#8221;50px||||false|false&#8221; custom_padding=&#8221;|30px||30px|false|true&#8221; global_colors_info=&#8221;{}&#8221;]<\/p>\n<p><span style=\"color: #333333;\"><span style=\"font-family: Open Sans, serif;\">Mnogi ljudje \u0161e danes ne posve\u010dajo preve\u010d pozornosti svojemu du\u0161evnemu zdravju in menijo, da je manj pomembno od telesnega. <\/span><\/span><\/p>\n<p><span style=\"color: #333333;\"><span style=\"font-family: Open Sans, serif;\">Nekateri se zavedajo stanja svojega du\u0161evnega zdravja, vendar te\u017eave ignorirajo in ne storijo ni\u010desar. \u010ceprav so simptomi slabega du\u0161evnega zdravja na prvi pogled manj vidni kot simptomi telesnih bolezni, se dejansko odra\u017eajo v vseh vidikih na\u0161ega \u017eivljenja. <\/span><\/span><\/p>\n<p><span style=\"color: #333333;\"><span style=\"font-family: Open Sans, serif;\">Ni nekaj, kar bi se zaklju\u010dilo in popravilo z dedovanjem po star\u0161ih, in je zelo spremenljivo, bodisi v pozitivno bodisi v negativno smer. Zato je pomembno, da ga ohranjamo enako dobro kot telesno zdravje, \u010de ne \u0161e bolj. <\/span><\/span><\/p>\n<p><span style=\"color: #333333;\"><span style=\"font-family: Open Sans, serif;\">Leta, ko je bilo du\u0161evno zdravje zanemarjeno, so \u017ee za nami. Danes je splo\u0161no znano, da je du\u0161evno stanje lahko prizadeto prav tako kot drugi vidiki posameznikove homeostaze. <\/span><\/span><\/p>\n<p><span style=\"color: #333333;\"><span style=\"font-family: Open Sans, serif;\">Pomembno se je zavedati, da nikogar\u0161nje stanje ni fiksno in &#8220;dokon\u010dano delo&#8221;, vzponi in padci se dogajajo vsakomur, prav tako pa tudi nepri\u010dakovane \u017eivljenjske situacije, ki nas lahko povsem zmotijo. <\/span><\/span><\/p>\n<p><span style=\"color: #333333;\"><span style=\"font-family: Open Sans, serif;\">\u010ce boste zavestno in redno skrbeli za svoje du\u0161evno zdravje, se boste la\u017eje izvlekli iz situacij, ki so vas upo\u010dasnile, in se la\u017eje vrnili v ustaljeno rutino.<\/span><\/span><\/p>\n<p><span style=\"font-weight: 400;\"><img loading=\"lazy\" class=\"wp-image-29279 alignnone size-full\" src=\"https:\/\/transakcijskaanaliza.com\/wp-content\/uploads\/2022\/07\/mentalno-zdravlje.jpg\" alt=\"\" width=\"1200\" height=\"644\" srcset=\"https:\/\/transakcijskaanaliza.com\/wp-content\/uploads\/2022\/07\/mentalno-zdravlje.jpg 1200w, https:\/\/transakcijskaanaliza.com\/wp-content\/uploads\/2022\/07\/mentalno-zdravlje-980x526.jpg 980w, https:\/\/transakcijskaanaliza.com\/wp-content\/uploads\/2022\/07\/mentalno-zdravlje-480x258.jpg 480w\" sizes=\"(min-width: 0px) and (max-width: 480px) 480px, (min-width: 481px) and (max-width: 980px) 980px, (min-width: 981px) 1200px, 100vw\" \/><\/span><\/p>\n<p>[\/et_pb_text][\/et_pb_column][\/et_pb_row][et_pb_row use_custom_gutter=&#8221;on&#8221; gutter_width=&#8221;2&#8243; make_equal=&#8221;on&#8221; _builder_version=&#8221;4.16&#8243; _module_preset=&#8221;default&#8221; background_color=&#8221;#FFFFFF&#8221; background_size=&#8221;initial&#8221; background_position=&#8221;top_left&#8221; background_repeat=&#8221;repeat&#8221; z_index=&#8221;500&#8243; width=&#8221;90%&#8221; width_tablet=&#8221;90%&#8221; width_phone=&#8221;90%&#8221; width_last_edited=&#8221;on|tablet&#8221; max_width=&#8221;1200px&#8221; max_width_tablet=&#8221;90%&#8221; max_width_phone=&#8221;90%&#8221; max_width_last_edited=&#8221;on|desktop&#8221; custom_margin=&#8221;-80px||||false|false&#8221; custom_margin_tablet=&#8221;-80px||||false|false&#8221; custom_margin_phone=&#8221;0px||||false|false&#8221; custom_margin_last_edited=&#8221;on|phone&#8221; custom_padding=&#8221;1px||6px||false|false&#8221; box_shadow_style=&#8221;preset1&#8243; box_shadow_vertical=&#8221;45px&#8221; box_shadow_blur=&#8221;47px&#8221; global_colors_info=&#8221;{}&#8221;][et_pb_column type=&#8221;4_4&#8243; _builder_version=&#8221;4.16&#8243; _module_preset=&#8221;default&#8221; global_colors_info=&#8221;{}&#8221;][et_pb_text _builder_version=&#8221;4.18.0&#8243; _module_preset=&#8221;default&#8221; text_font=&#8221;Barlow||||||||&#8221; text_text_color=&#8221;#333&#8243; text_font_size=&#8221;17px&#8221; header_2_font_size=&#8221;25px&#8221; header_2_line_height=&#8221;1.4em&#8221; max_width_tablet=&#8221;&#8221; max_width_phone=&#8221;100%&#8221; max_width_last_edited=&#8221;on|phone&#8221; module_alignment=&#8221;center&#8221; custom_margin=&#8221;35px||||false|false&#8221; custom_padding=&#8221;|30px||30px|false|true&#8221; global_colors_info=&#8221;{}&#8221;]<\/p>\n<p><span style=\"font-family: Open Sans, serif;\"><span style=\"font-size: x-large;\"><b><span style=\"color: #333333;\">Kaj je du\u0161evno zdravje?<\/span><\/b><\/span><\/span><\/p>\n<p>[\/et_pb_text][\/et_pb_column][\/et_pb_row][et_pb_row use_custom_gutter=&#8221;on&#8221; gutter_width=&#8221;2&#8243; make_equal=&#8221;on&#8221; _builder_version=&#8221;4.16&#8243; _module_preset=&#8221;default&#8221; background_color=&#8221;#FFFFFF&#8221; background_size=&#8221;initial&#8221; background_position=&#8221;top_left&#8221; background_repeat=&#8221;repeat&#8221; z_index=&#8221;500&#8243; width=&#8221;90%&#8221; width_tablet=&#8221;90%&#8221; width_phone=&#8221;90%&#8221; width_last_edited=&#8221;on|tablet&#8221; max_width=&#8221;1200px&#8221; max_width_tablet=&#8221;90%&#8221; max_width_phone=&#8221;90%&#8221; max_width_last_edited=&#8221;on|desktop&#8221; custom_margin=&#8221;0px|auto|0px|auto|false|false&#8221; custom_padding=&#8221;0px||0px||false|false&#8221; box_shadow_style=&#8221;preset1&#8243; box_shadow_vertical=&#8221;45px&#8221; box_shadow_blur=&#8221;47px&#8221; global_colors_info=&#8221;{}&#8221;][et_pb_column type=&#8221;4_4&#8243; _builder_version=&#8221;4.16&#8243; _module_preset=&#8221;default&#8221; global_colors_info=&#8221;{}&#8221;][et_pb_text _builder_version=&#8221;4.18.0&#8243; _module_preset=&#8221;default&#8221; text_font=&#8221;||||||||&#8221; text_text_color=&#8221;#333&#8243; text_font_size=&#8221;17px&#8221; ul_line_height=&#8221;1.5em&#8221; header_2_font_size=&#8221;25px&#8221; header_2_line_height=&#8221;1.4em&#8221; max_width_tablet=&#8221;&#8221; max_width_phone=&#8221;100%&#8221; max_width_last_edited=&#8221;on|phone&#8221; module_alignment=&#8221;center&#8221; custom_margin=&#8221;0px||||false|false&#8221; custom_padding=&#8221;|30px||30px|false|true&#8221; global_colors_info=&#8221;{}&#8221;]<\/p>\n<p><span style=\"font-family: Open Sans, serif;\"><span style=\"color: #333333;\">Ta izraz se nana\u0161a na na\u0161e \u010dustveno in kognitivno stanje ter socialno vedenje. Pravzaprav gre za posameznikovo sposobnost, da prenese obi\u010dajen stres, je produktiven in prispeva k svoji skupnosti. Veliko ljudi misli, da odsotnost klasi\u010dnih du\u0161evnih bolezni, kot so depresija, anksioznost, obsesivno-kompulzivna motnja in podobno, samodejno pomeni dobro du\u0161evno zdravje, vendar je to napa\u010dno. Samo zato, ker posameznik nima posebne diagnoze, \u0161e ne pomeni, da je v popolnem du\u0161evnem zdravju. Lahko imate ve\u010d razli\u010dnih te\u017eav, ki vas ovirajo, ne da bi skupaj pomenile specifi\u010dno du\u0161evno bolezen, vendar imajo zelo viden vpliv na va\u0161o psiho.<\/span><\/span><\/p>\n<p><span style=\"color: #333333;\"><span style=\"font-family: Open Sans, serif;\">Dobra novica je, da du\u0161evnih te\u017eav ni treba re\u0161evati \u0161ele, ko se pojavijo, temve\u010d obstajajo prakse za izbolj\u0161anje delovanja mo\u017eganov &#8211; tako imenovani mo\u017eganski fitnes, ki vklju\u010duje razli\u010dne vaje, s katerimi naj bi postali bolj pozorni in odporni proti avtomatizmu. Ve\u010dinoma gre za namerne majhne spremembe v vsakdanjem \u017eivljenju, ki vas spodbujajo k ustvarjalnosti in pogosto slu\u017eijo za izbolj\u0161anje spomina. Nikoli ni prezgodaj, da za\u010dnete vaditi mo\u017egane, saj du\u0161evno zdravje ni tesno povezano s starostjo.<\/span><\/span><\/p>\n<p class=\"western\"><span style=\"font-family: 'Open Sans', serif; font-size: 12pt;\"><span style=\"color: #333333;\">Seveda na du\u0161evno zdravje vplivajo tudi genetika (du\u0161evne bolezni v dru\u017eini), ravnovesje hormonov in \u0161tevilni drugi dejavniki &#8211; navsezadnje je kemija v mo\u017eganih nepogre\u0161ljiv dejavnik. Prav tako se je treba zavedati, da sta na\u0161e telo in um del ve\u010dje celote, zato ne moremo re\u010di, da smo popolnoma zdravi, \u010de telesni ali du\u0161evni del ni povsem v redu. Prav tako lahko du\u0161evno zdravje zelo dobro vpliva na telesno stanje, mo\u010d uma je neverjetna stvar in nepredstavljivo je, kaj vse lahko \u010dlovek nezavedno spodbuja svoje telo, bodisi pozitivno bodisi negativno. Tudi nenadzorovan stres pu\u0161\u010da velike brazgotine na du\u0161evnem in telesnem zdravju, zato je pomembno, da se nau\u010dimo obvladovati svoja \u010dustva in se z njimi zdravo spopadati.<\/span><\/span><\/p>\n<p>[\/et_pb_text][\/et_pb_column][\/et_pb_row][et_pb_row use_custom_gutter=&#8221;on&#8221; gutter_width=&#8221;2&#8243; make_equal=&#8221;on&#8221; _builder_version=&#8221;4.16&#8243; _module_preset=&#8221;default&#8221; background_color=&#8221;#FFFFFF&#8221; background_size=&#8221;initial&#8221; background_position=&#8221;top_left&#8221; background_repeat=&#8221;repeat&#8221; z_index=&#8221;500&#8243; width=&#8221;90%&#8221; width_tablet=&#8221;90%&#8221; width_phone=&#8221;90%&#8221; width_last_edited=&#8221;on|tablet&#8221; max_width=&#8221;1200px&#8221; max_width_tablet=&#8221;90%&#8221; max_width_phone=&#8221;90%&#8221; max_width_last_edited=&#8221;on|desktop&#8221; custom_margin=&#8221;||||false|false&#8221; custom_margin_tablet=&#8221;-80px||||false|false&#8221; custom_margin_phone=&#8221;0px||||false|false&#8221; custom_margin_last_edited=&#8221;on|phone&#8221; custom_padding=&#8221;0px||0px||false|false&#8221; box_shadow_style=&#8221;preset1&#8243; box_shadow_vertical=&#8221;45px&#8221; box_shadow_blur=&#8221;47px&#8221; global_colors_info=&#8221;{}&#8221;][et_pb_column type=&#8221;4_4&#8243; _builder_version=&#8221;4.16&#8243; _module_preset=&#8221;default&#8221; global_colors_info=&#8221;{}&#8221;][et_pb_text _builder_version=&#8221;4.18.0&#8243; _module_preset=&#8221;default&#8221; text_font=&#8221;Barlow||||||||&#8221; text_text_color=&#8221;#333&#8243; text_font_size=&#8221;17px&#8221; header_2_font_size=&#8221;25px&#8221; header_2_line_height=&#8221;1.4em&#8221; max_width_tablet=&#8221;&#8221; max_width_phone=&#8221;100%&#8221; max_width_last_edited=&#8221;on|phone&#8221; module_alignment=&#8221;center&#8221; custom_margin=&#8221;35px||||false|false&#8221; custom_padding=&#8221;|30px||30px|false|true&#8221; hover_enabled=&#8221;0&#8243; global_colors_info=&#8221;{}&#8221; sticky_enabled=&#8221;0&#8243;]<\/p>\n<h2><strong>Nikoli ne zakopavajte svojih te\u017eav in jih ignorirajte, dokler ne prerastejo v nekaj ve\u010djega.<\/strong><\/h2>\n<p>[\/et_pb_text][\/et_pb_column][\/et_pb_row][et_pb_row use_custom_gutter=&#8221;on&#8221; gutter_width=&#8221;2&#8243; make_equal=&#8221;on&#8221; _builder_version=&#8221;4.16&#8243; _module_preset=&#8221;default&#8221; background_color=&#8221;#FFFFFF&#8221; background_size=&#8221;initial&#8221; background_position=&#8221;top_left&#8221; background_repeat=&#8221;repeat&#8221; z_index=&#8221;500&#8243; width=&#8221;90%&#8221; width_tablet=&#8221;90%&#8221; width_phone=&#8221;90%&#8221; width_last_edited=&#8221;on|tablet&#8221; max_width=&#8221;1200px&#8221; max_width_tablet=&#8221;90%&#8221; max_width_phone=&#8221;90%&#8221; max_width_last_edited=&#8221;on|desktop&#8221; custom_margin=&#8221;0px||||false|false&#8221; custom_padding=&#8221;0px||50px||false|false&#8221; box_shadow_style=&#8221;preset1&#8243; box_shadow_vertical=&#8221;45px&#8221; box_shadow_blur=&#8221;47px&#8221; global_colors_info=&#8221;{}&#8221;][et_pb_column type=&#8221;4_4&#8243; _builder_version=&#8221;4.16&#8243; _module_preset=&#8221;default&#8221; global_colors_info=&#8221;{}&#8221;][et_pb_text _builder_version=&#8221;4.18.0&#8243; _module_preset=&#8221;default&#8221; text_font=&#8221;||||||||&#8221; text_text_color=&#8221;#333&#8243; text_font_size=&#8221;17px&#8221; header_2_font_size=&#8221;25px&#8221; header_2_line_height=&#8221;1.4em&#8221; max_width_tablet=&#8221;&#8221; max_width_phone=&#8221;100%&#8221; max_width_last_edited=&#8221;on|phone&#8221; module_alignment=&#8221;center&#8221; custom_margin=&#8221;0px||||false|false&#8221; custom_padding=&#8221;|30px||30px|false|true&#8221; global_colors_info=&#8221;{}&#8221;]<\/p>\n<p><span style=\"font-family: Open Sans, serif;\"><span style=\"color: #333333;\">Delati morate na svojem du\u0161evnem zdravju in ga razvijati tako kot mi\u0161ice, pri tem se je dobro se zavedati, da niste sami. Strokovnjaki so tu, da vam pomagajo in vas usmerjajo na poti do bolj\u0161ega du\u0161evnega zdravja, vendar morate tako kot pri vsem drugem tudi tu narediti prvi korak. Naj vas vodi zavedanje, da bo s\u010dasoma la\u017eje. Ko boste za\u010deli izvajati prakse, potrebne za ohranjanje du\u0161evnega zdravja, boste imeli druga\u010den pogled na svet. Zdrav odnos do svojih \u010dustev in obvladovanje stresa vam bosta omogo\u010dila kakovostnej\u0161e \u017eivljenje in bolj\u0161e odnose z drugimi ljudmi. Posledi\u010dno se boste zaradi uspe\u0161nih dru\u017eabnih odnosov bolje po\u010dutili in va\u0161e zdravje se bo nekoliko izbolj\u0161alo. Ve\u010dja storilnost in prispevek k skupnosti vam bosta omogo\u010dila, da boste imeli koristi od skupnosti, ljudje pa smo dru\u017ebena bitja, ki ne delujejo brez zdravih dru\u017ebenih odnosov. S skrbjo za du\u0161evno zdravje spremenite svoj \u017eivljenjski slog in si odprete \u0161tevilna nova vrata, o katerih prej morda niste niti sanjali. Skratka, du\u0161evno zdravje nikakor ni nekaj, kar bi morali zanemariti, in njegovo vzdr\u017eevanje bo va\u0161o kakovost \u017eivljenja dvignilo na vi\u0161jo raven.<\/span><\/span><\/p>\n<p>[\/et_pb_text][\/et_pb_column][\/et_pb_row][\/et_pb_section]<\/p>\n","protected":false},"excerpt":{"rendered":"<p>Mnogi ljudje \u0161e danes ne posve\u010dajo preve\u010d pozornosti svojemu du\u0161evnemu zdravju in menijo, da je manj pomembno od telesnega. Nekateri se zavedajo stanja svojega du\u0161evnega zdravja, vendar te\u017eave ignorirajo in ne storijo ni\u010desar. \u010ceprav so simptomi slabega du\u0161evnega zdravja na prvi pogled manj vidni kot simptomi telesnih bolezni, se dejansko odra\u017eajo v vseh vidikih na\u0161ega [&hellip;]<\/p>\n","protected":false},"author":1,"featured_media":0,"parent":0,"menu_order":0,"comment_status":"closed","ping_status":"closed","template":"","meta":{"_et_pb_use_builder":"on","_et_pb_old_content":"","_et_gb_content_width":""},"_links":{"self":[{"href":"https:\/\/transakcijskaanaliza.com\/sl\/wp-json\/wp\/v2\/pages\/29879"}],"collection":[{"href":"https:\/\/transakcijskaanaliza.com\/sl\/wp-json\/wp\/v2\/pages"}],"about":[{"href":"https:\/\/transakcijskaanaliza.com\/sl\/wp-json\/wp\/v2\/types\/page"}],"author":[{"embeddable":true,"href":"https:\/\/transakcijskaanaliza.com\/sl\/wp-json\/wp\/v2\/users\/1"}],"replies":[{"embeddable":true,"href":"https:\/\/transakcijskaanaliza.com\/sl\/wp-json\/wp\/v2\/comments?post=29879"}],"version-history":[{"count":4,"href":"https:\/\/transakcijskaanaliza.com\/sl\/wp-json\/wp\/v2\/pages\/29879\/revisions"}],"predecessor-version":[{"id":30310,"href":"https:\/\/transakcijskaanaliza.com\/sl\/wp-json\/wp\/v2\/pages\/29879\/revisions\/30310"}],"wp:attachment":[{"href":"https:\/\/transakcijskaanaliza.com\/sl\/wp-json\/wp\/v2\/media?parent=29879"}],"curies":[{"name":"wp","href":"https:\/\/api.w.org\/{rel}","templated":true}]}}