{"id":29866,"date":"2022-06-11T19:06:03","date_gmt":"2022-06-11T18:06:03","guid":{"rendered":"https:\/\/transakcijskaanaliza.com\/o-meni\/"},"modified":"2026-02-13T17:35:22","modified_gmt":"2026-02-13T16:35:22","slug":"o-meni","status":"publish","type":"page","link":"https:\/\/transakcijskaanaliza.com\/sl\/o-meni\/","title":{"rendered":"O meni"},"content":{"rendered":"<p>[et_pb_section fb_built=&#8221;1&#8243; custom_padding_last_edited=&#8221;on|phone&#8221; admin_label=&#8221;section&#8221; _builder_version=&#8221;4.16&#8243; background_color=&#8221;#444444&#8243; use_background_color_gradient=&#8221;on&#8221; background_color_gradient_stops=&#8221;rgba(0,0,0,0.49) 0%|rgba(0,0,0,0.49) 100%&#8221; background_color_gradient_overlays_image=&#8221;on&#8221; background_color_gradient_start=&#8221;rgba(0,0,0,0.49)&#8221; background_color_gradient_end=&#8221;rgba(0,0,0,0.49)&#8221; background_image=&#8221;https:\/\/transakcijskaanaliza.com\/wp-content\/uploads\/2022\/07\/alan-gregorec-life-coaching.jpg&#8221; background_enable_video_mp4=&#8221;off&#8221; custom_padding=&#8221;90px||137px||false|false&#8221; custom_padding_tablet=&#8221;&#8221; custom_padding_phone=&#8221;65px||25px||false|false&#8221; global_module=&#8221;29833&#8243; saved_tabs=&#8221;all&#8221; global_colors_info=&#8221;{}&#8221;][et_pb_row use_custom_gutter=&#8221;on&#8221; gutter_width=&#8221;2&#8243; make_equal=&#8221;on&#8221; admin_label=&#8221;row&#8221; _builder_version=&#8221;4.16&#8243; background_size=&#8221;initial&#8221; background_position=&#8221;top_left&#8221; background_repeat=&#8221;repeat&#8221; width=&#8221;65%&#8221; width_tablet=&#8221;90%&#8221; width_phone=&#8221;90%&#8221; width_last_edited=&#8221;on|tablet&#8221; max_width=&#8221;1200px&#8221; max_width_tablet=&#8221;90%&#8221; max_width_phone=&#8221;90%&#8221; max_width_last_edited=&#8221;on|desktop&#8221; custom_padding=&#8221;||9px|||&#8221; animation_style=&#8221;fade&#8221; global_colors_info=&#8221;{}&#8221;][et_pb_column type=&#8221;4_4&#8243; _builder_version=&#8221;4.16&#8243; custom_padding=&#8221;|||&#8221; global_colors_info=&#8221;{}&#8221; custom_padding__hover=&#8221;|||&#8221;][et_pb_post_title meta=&#8221;off&#8221; _builder_version=&#8221;4.16&#8243; _module_preset=&#8221;default&#8221; title_text_align=&#8221;center&#8221; title_text_color=&#8221;#FFFFFF&#8221; title_font_size=&#8221;40px&#8221; title_line_height=&#8221;1.3em&#8221; global_colors_info=&#8221;{}&#8221;][\/et_pb_post_title][\/et_pb_column][\/et_pb_row][et_pb_row use_custom_gutter=&#8221;on&#8221; gutter_width=&#8221;1&#8243; make_equal=&#8221;on&#8221; disabled_on=&#8221;on|on|on&#8221; admin_label=&#8221;row&#8221; _builder_version=&#8221;4.18.0&#8243; background_size=&#8221;initial&#8221; background_position=&#8221;top_left&#8221; background_repeat=&#8221;repeat&#8221; width=&#8221;90%&#8221; width_tablet=&#8221;90%&#8221; width_phone=&#8221;90%&#8221; width_last_edited=&#8221;on|tablet&#8221; max_width=&#8221;1200px&#8221; max_width_tablet=&#8221;90%&#8221; max_width_phone=&#8221;90%&#8221; max_width_last_edited=&#8221;on|desktop&#8221; custom_padding=&#8221;12px||33px||false|false&#8221; animation_style=&#8221;fade&#8221; disabled=&#8221;on&#8221; global_colors_info=&#8221;{}&#8221;][et_pb_column type=&#8221;4_4&#8243; _builder_version=&#8221;4.16&#8243; custom_padding=&#8221;|||&#8221; global_colors_info=&#8221;{}&#8221; custom_padding__hover=&#8221;|||&#8221;][et_pb_button button_url=&#8221;#besplatan-uvodni-razgovor&#8221; button_text=&#8221;Kontakt&#8221; button_alignment=&#8221;center&#8221; button_alignment_tablet=&#8221;center&#8221; button_alignment_phone=&#8221;center&#8221; button_alignment_last_edited=&#8221;on|desktop&#8221; _builder_version=&#8221;4.18.0&#8243; custom_button=&#8221;on&#8221; button_text_size=&#8221;15px&#8221; button_text_color=&#8221;#ffffff&#8221; button_bg_color=&#8221;#A86500&#8243; button_border_color=&#8221;#A86500&#8243; button_border_radius=&#8221;0px&#8221; button_letter_spacing=&#8221;1px&#8221; button_font=&#8221;Barlow|600||on|||||&#8221; button_use_icon=&#8221;off&#8221; custom_padding=&#8221;16px|36px|16px|36px|true|true&#8221; global_colors_info=&#8221;{}&#8221; button_text_color__hover_enabled=&#8221;on|hover&#8221; button_text_color__hover=&#8221;#ffffff&#8221; button_bg_color__hover_enabled=&#8221;on|hover&#8221; button_bg_color__hover=&#8221;#333333&#8243; button_bg_enable_color__hover=&#8221;on&#8221; button_border_color__hover_enabled=&#8221;on|hover&#8221; button_border_color__hover=&#8221;#333&#8243; button_letter_spacing__hover_enabled=&#8221;on|desktop&#8221; button_letter_spacing__hover=&#8221;1px&#8221;][\/et_pb_button][\/et_pb_column][\/et_pb_row][\/et_pb_section][et_pb_section fb_built=&#8221;1&#8243; admin_label=&#8221;section&#8221; _builder_version=&#8221;4.16&#8243; background_color=&#8221;#F4F4F4&#8243; custom_padding=&#8221;1px||0px||false|false&#8221; global_colors_info=&#8221;{}&#8221;][et_pb_row use_custom_gutter=&#8221;on&#8221; gutter_width=&#8221;2&#8243; make_equal=&#8221;on&#8221; admin_label=&#8221;row&#8221; _builder_version=&#8221;4.16&#8243; background_size=&#8221;initial&#8221; background_position=&#8221;top_left&#8221; background_repeat=&#8221;repeat&#8221; z_index=&#8221;500&#8243; width=&#8221;90%&#8221; width_tablet=&#8221;90%&#8221; width_phone=&#8221;90%&#8221; width_last_edited=&#8221;on|tablet&#8221; max_width=&#8221;1200px&#8221; max_width_tablet=&#8221;90%&#8221; max_width_phone=&#8221;90%&#8221; max_width_last_edited=&#8221;on|desktop&#8221; custom_margin=&#8221;-80px||||false|false&#8221; custom_padding=&#8221;1px||0px||false|false&#8221; global_colors_info=&#8221;{}&#8221;][et_pb_column type=&#8221;4_4&#8243; _builder_version=&#8221;4.16&#8243; background_color=&#8221;#ffffff&#8221; custom_padding=&#8221;||80px||false|false&#8221; box_shadow_style=&#8221;preset1&#8243; box_shadow_vertical=&#8221;21px&#8221; box_shadow_blur=&#8221;47px&#8221; box_shadow_color=&#8221;rgba(181,181,181,0.3)&#8221; global_colors_info=&#8221;{}&#8221; custom_padding__hover=&#8221;|||&#8221;][et_pb_text _builder_version=&#8221;4.18.0&#8243; text_font=&#8221;||||||||&#8221; text_text_color=&#8221;#333&#8243; text_font_size=&#8221;17px&#8221; header_2_font_size=&#8221;25px&#8221; header_2_line_height=&#8221;1.4em&#8221; max_width_tablet=&#8221;&#8221; max_width_phone=&#8221;80%&#8221; max_width_last_edited=&#8221;on|phone&#8221; module_alignment=&#8221;center&#8221; custom_margin=&#8221;50px||||false|false&#8221; custom_padding=&#8221;|30px||30px|false|true&#8221; global_colors_info=&#8221;{}&#8221;]<\/p>\n<p data-start=\"40\" data-end=\"354\">Sem edukant psihoterapije pod supervizijo, smer Transakcijska analiza, z bogatimi izku\u0161njami v podpori ljudem pri premagovanju izzivov in gradnji kakovostnih odnosov tako v zasebnem kot poslovnem \u017eivljenju. Moje delo izhaja iz prepri\u010danja, da vsak posameznik zaslu\u017ei podporo in prilo\u017enost, da uresni\u010di svoj polni potencial.<\/p>\n<p data-start=\"356\" data-end=\"634\">Transakcijska analiza je priznana metoda, ki raziskuje, kako ljudje komunicirajo in gradijo odnose. S TA pomagam klientom prepoznati vzorce vedenja, prepri\u010danja in medosebne interakcije, razumeti, zakaj reagirajo na dolo\u010den na\u010din, in kako to lahko izbolj\u0161ajo.<\/p>\n<p data-start=\"636\" data-end=\"1080\">Vsak od nas ima notranji sistem vrednot, ki usmerja na\u0161e odlo\u010ditve \u2013 bodisi zavestno ali nezavedno. S prepoznavanjem korenskega vzroka svojih dejanj, stali\u0161\u010d in prepri\u010danj postanemo sposobni delovati v skladu s svojimi vrednotami. S pogovori in preverjenimi metodami pomagam klientom prepoznati njihove vrednote in upravljati svoje \u017eivljenje. Nikoli ni prepozno za\u010deti nekaj dobrega in trajnega, vsak dan pa je prilo\u017enost za rast, razvoj in spremembe.<\/p>\n<p data-start=\"1082\" data-end=\"1388\">Moj pristop temelji na razumevanju in podpori, a ob\u010dasno vam postavim ogledalo, da spodbudim refleksijo o va\u0161em vedenju, prepri\u010danjih ali odlo\u010ditvah. To je klju\u010dno za razvoj samospo\u0161tovanja in izbolj\u0161anje odnosov. Verjamem, da je vsak posameznik edinstven in si zaslu\u017ei prilo\u017enost, da se izrazi in raste.<\/p>\n<p data-start=\"1390\" data-end=\"1776\">Strast je motor mojega dela; oblikuje kakovost \u017eivljenja in profesionalnega delovanja. Prav tako imam izku\u0161nje na podro\u010dju razvoja zaposlenih in organizacijske kulture ter njenega vpliva na u\u010dinkovitost podjetij. V ve\u010d kot 20 letih dela v \u0161tirih mednarodnih podjetjih mi je delo z posamezniki in ekipami omogo\u010dilo, da uspe\u0161no podpiram podjetja pri razvoju mo\u010dnih in u\u010dinkovitih vodij.<\/p>\n<p data-start=\"1778\" data-end=\"2176\">Vsak posameznik ima svojo zgodbo in edinstvene izku\u0161nje. Zanima me va\u0161a zgodba. Sodelujem z vami z globokim spo\u0161tovanjem do va\u0161e individualnosti in ob\u010dutljivosti ter ustvarjam prostor, kjer se lahko izrazite brez strahu pred obsojanjem. Skupaj bomo raziskali va\u0161e misli, \u010dustva in cilje ter razvili ve\u0161\u010dine za bolj\u0161e odnose, premagovanje stresa, depresije, tesnobe in drugih \u017eivljenjskih izzivov.<\/p>\n<p data-start=\"2178\" data-end=\"2307\">Hvala, da ste si vzeli \u010das za spoznavanje z mano. Upam, da bomo skupaj ustvarili prostor za pozitivne spremembe in osebno rast.<\/p>\n<p><b>\u010clanstvo v psihoterapevtskih organizacijah:<\/b><\/p>\n<ul>\n<li style=\"font-weight: 400;\" aria-level=\"1\"><span style=\"font-weight: 400;\">\u00a0Dru\u0161tvo za Transakcijsko analizo (Sloventa)<\/span><\/li>\n<li><span style=\"font-weight: 400;\">\u00a0Udruga <\/span><span style=\"font-weight: 400;\">Transakcijske analize (UTA)<\/span><span style=\"font-weight: 400;\"><\/span><\/li>\n<li style=\"font-weight: 400;\" aria-level=\"1\"><span style=\"font-weight: 400;\">\u00a0European Association for Transactional Analyses (EATA)<\/span><\/li>\n<\/ul>\n<p>[\/et_pb_text][\/et_pb_column][\/et_pb_row][\/et_pb_section]<\/p>\n","protected":false},"excerpt":{"rendered":"<p>Sem edukant psihoterapije pod supervizijo, smer Transakcijska analiza, z bogatimi izku\u0161njami v podpori ljudem pri premagovanju izzivov in gradnji kakovostnih odnosov tako v zasebnem kot poslovnem \u017eivljenju. Moje delo izhaja iz prepri\u010danja, da vsak posameznik zaslu\u017ei podporo in prilo\u017enost, da uresni\u010di svoj polni potencial. Transakcijska analiza je priznana metoda, ki raziskuje, kako ljudje komunicirajo in [&hellip;]<\/p>\n","protected":false},"author":1,"featured_media":0,"parent":0,"menu_order":0,"comment_status":"closed","ping_status":"closed","template":"","meta":{"_et_pb_use_builder":"on","_et_pb_old_content":"","_et_gb_content_width":""},"_links":{"self":[{"href":"https:\/\/transakcijskaanaliza.com\/sl\/wp-json\/wp\/v2\/pages\/29866"}],"collection":[{"href":"https:\/\/transakcijskaanaliza.com\/sl\/wp-json\/wp\/v2\/pages"}],"about":[{"href":"https:\/\/transakcijskaanaliza.com\/sl\/wp-json\/wp\/v2\/types\/page"}],"author":[{"embeddable":true,"href":"https:\/\/transakcijskaanaliza.com\/sl\/wp-json\/wp\/v2\/users\/1"}],"replies":[{"embeddable":true,"href":"https:\/\/transakcijskaanaliza.com\/sl\/wp-json\/wp\/v2\/comments?post=29866"}],"version-history":[{"count":9,"href":"https:\/\/transakcijskaanaliza.com\/sl\/wp-json\/wp\/v2\/pages\/29866\/revisions"}],"predecessor-version":[{"id":30341,"href":"https:\/\/transakcijskaanaliza.com\/sl\/wp-json\/wp\/v2\/pages\/29866\/revisions\/30341"}],"wp:attachment":[{"href":"https:\/\/transakcijskaanaliza.com\/sl\/wp-json\/wp\/v2\/media?parent=29866"}],"curies":[{"name":"wp","href":"https:\/\/api.w.org\/{rel}","templated":true}]}}