{"id":29857,"date":"2022-05-01T18:34:29","date_gmt":"2022-05-01T17:34:29","guid":{"rendered":"https:\/\/transakcijskaanaliza.com\/akcijski-coaching\/"},"modified":"2023-04-30T06:46:55","modified_gmt":"2023-04-30T05:46:55","slug":"transformacijski-coaching","status":"publish","type":"page","link":"https:\/\/transakcijskaanaliza.com\/sl\/transformacijski-coaching\/","title":{"rendered":"Transformacijski coaching"},"content":{"rendered":"<p>[et_pb_section fb_built=&#8221;1&#8243; custom_padding_last_edited=&#8221;on|phone&#8221; admin_label=&#8221;section&#8221; _builder_version=&#8221;4.16&#8243; background_color=&#8221;#444444&#8243; use_background_color_gradient=&#8221;on&#8221; background_color_gradient_stops=&#8221;rgba(0,0,0,0.49) 0%|rgba(0,0,0,0.49) 100%&#8221; background_color_gradient_overlays_image=&#8221;on&#8221; background_color_gradient_start=&#8221;rgba(0,0,0,0.49)&#8221; background_color_gradient_end=&#8221;rgba(0,0,0,0.49)&#8221; background_image=&#8221;https:\/\/transakcijskaanaliza.com\/wp-content\/uploads\/2022\/07\/alan-gregorec-life-coaching.jpg&#8221; background_enable_video_mp4=&#8221;off&#8221; custom_padding=&#8221;90px||137px||false|false&#8221; custom_padding_tablet=&#8221;&#8221; custom_padding_phone=&#8221;65px||25px||false|false&#8221; global_module=&#8221;29833&#8243; saved_tabs=&#8221;all&#8221; global_colors_info=&#8221;{}&#8221;][et_pb_row use_custom_gutter=&#8221;on&#8221; gutter_width=&#8221;2&#8243; make_equal=&#8221;on&#8221; admin_label=&#8221;row&#8221; _builder_version=&#8221;4.16&#8243; background_size=&#8221;initial&#8221; background_position=&#8221;top_left&#8221; background_repeat=&#8221;repeat&#8221; width=&#8221;65%&#8221; width_tablet=&#8221;90%&#8221; width_phone=&#8221;90%&#8221; width_last_edited=&#8221;on|tablet&#8221; max_width=&#8221;1200px&#8221; max_width_tablet=&#8221;90%&#8221; max_width_phone=&#8221;90%&#8221; max_width_last_edited=&#8221;on|desktop&#8221; custom_padding=&#8221;||9px|||&#8221; animation_style=&#8221;fade&#8221; global_colors_info=&#8221;{}&#8221;][et_pb_column type=&#8221;4_4&#8243; _builder_version=&#8221;4.16&#8243; custom_padding=&#8221;|||&#8221; global_colors_info=&#8221;{}&#8221; custom_padding__hover=&#8221;|||&#8221;][et_pb_post_title meta=&#8221;off&#8221; _builder_version=&#8221;4.16&#8243; _module_preset=&#8221;default&#8221; title_text_align=&#8221;center&#8221; title_text_color=&#8221;#FFFFFF&#8221; title_font_size=&#8221;40px&#8221; title_line_height=&#8221;1.3em&#8221; global_colors_info=&#8221;{}&#8221;][\/et_pb_post_title][\/et_pb_column][\/et_pb_row][et_pb_row use_custom_gutter=&#8221;on&#8221; gutter_width=&#8221;1&#8243; make_equal=&#8221;on&#8221; admin_label=&#8221;row&#8221; _builder_version=&#8221;4.16&#8243; background_size=&#8221;initial&#8221; background_position=&#8221;top_left&#8221; background_repeat=&#8221;repeat&#8221; width=&#8221;90%&#8221; width_tablet=&#8221;90%&#8221; width_phone=&#8221;90%&#8221; width_last_edited=&#8221;on|tablet&#8221; max_width=&#8221;1200px&#8221; max_width_tablet=&#8221;90%&#8221; max_width_phone=&#8221;90%&#8221; max_width_last_edited=&#8221;on|desktop&#8221; custom_padding=&#8221;12px||33px||false|false&#8221; animation_style=&#8221;fade&#8221; global_colors_info=&#8221;{}&#8221;][et_pb_column type=&#8221;4_4&#8243; _builder_version=&#8221;4.16&#8243; custom_padding=&#8221;|||&#8221; global_colors_info=&#8221;{}&#8221; custom_padding__hover=&#8221;|||&#8221;][et_pb_button button_url=&#8221;#besplatan-uvodni-razgovor&#8221; button_text=&#8221;Kontakt&#8221; button_alignment=&#8221;center&#8221; button_alignment_tablet=&#8221;center&#8221; button_alignment_phone=&#8221;center&#8221; button_alignment_last_edited=&#8221;on|desktop&#8221; _builder_version=&#8221;4.18.0&#8243; custom_button=&#8221;on&#8221; button_text_size=&#8221;15px&#8221; button_text_color=&#8221;#ffffff&#8221; button_bg_color=&#8221;#A86500&#8243; button_border_color=&#8221;#A86500&#8243; button_border_radius=&#8221;0px&#8221; button_letter_spacing=&#8221;1px&#8221; button_font=&#8221;Barlow|600||on|||||&#8221; button_use_icon=&#8221;off&#8221; custom_padding=&#8221;16px|36px|16px|36px|true|true&#8221; global_colors_info=&#8221;{}&#8221; button_text_color__hover_enabled=&#8221;on|hover&#8221; button_text_color__hover=&#8221;#ffffff&#8221; button_bg_color__hover_enabled=&#8221;on|hover&#8221; button_bg_color__hover=&#8221;#333333&#8243; button_bg_enable_color__hover=&#8221;on&#8221; button_border_color__hover_enabled=&#8221;on|hover&#8221; button_border_color__hover=&#8221;#333&#8243; button_letter_spacing__hover_enabled=&#8221;on|desktop&#8221; button_letter_spacing__hover=&#8221;1px&#8221;][\/et_pb_button][\/et_pb_column][\/et_pb_row][\/et_pb_section][et_pb_section fb_built=&#8221;1&#8243; admin_label=&#8221;section&#8221; _builder_version=&#8221;4.16&#8243; background_color=&#8221;#F4F4F4&#8243; custom_padding=&#8221;1px||0px||false|false&#8221; global_colors_info=&#8221;{}&#8221;][et_pb_row use_custom_gutter=&#8221;on&#8221; gutter_width=&#8221;2&#8243; make_equal=&#8221;on&#8221; admin_label=&#8221;row&#8221; _builder_version=&#8221;4.16&#8243; background_size=&#8221;initial&#8221; background_position=&#8221;top_left&#8221; background_repeat=&#8221;repeat&#8221; z_index=&#8221;500&#8243; width=&#8221;90%&#8221; width_tablet=&#8221;90%&#8221; width_phone=&#8221;90%&#8221; width_last_edited=&#8221;on|tablet&#8221; max_width=&#8221;1200px&#8221; max_width_tablet=&#8221;90%&#8221; max_width_phone=&#8221;90%&#8221; max_width_last_edited=&#8221;on|desktop&#8221; custom_margin=&#8221;-80px||||false|false&#8221; custom_margin_tablet=&#8221;-80px||||false|false&#8221; custom_margin_phone=&#8221;0px||0px||false|false&#8221; custom_margin_last_edited=&#8221;on|desktop&#8221; custom_padding=&#8221;1px||0px||false|false&#8221; global_colors_info=&#8221;{}&#8221;][et_pb_column type=&#8221;4_4&#8243; _builder_version=&#8221;4.16&#8243; background_color=&#8221;#ffffff&#8221; custom_padding=&#8221;||80px||false|false&#8221; custom_padding_tablet=&#8221;||80px||false|false&#8221; custom_padding_phone=&#8221;||0px||false|false&#8221; custom_padding_last_edited=&#8221;on|phone&#8221; box_shadow_style=&#8221;preset1&#8243; box_shadow_vertical=&#8221;21px&#8221; box_shadow_blur=&#8221;47px&#8221; box_shadow_color=&#8221;rgba(181,181,181,0.3)&#8221; global_colors_info=&#8221;{}&#8221; custom_padding__hover=&#8221;|||&#8221;][et_pb_text _builder_version=&#8221;4.18.0&#8243; text_font=&#8221;||||||||&#8221; text_text_color=&#8221;#333&#8243; text_font_size=&#8221;17px&#8221; header_2_font_size=&#8221;25px&#8221; header_2_line_height=&#8221;1.4em&#8221; max_width_tablet=&#8221;&#8221; max_width_phone=&#8221;100%&#8221; max_width_last_edited=&#8221;on|phone&#8221; module_alignment=&#8221;center&#8221; custom_margin=&#8221;50px||||false|false&#8221; custom_padding=&#8221;|30px||30px|false|true&#8221; hover_enabled=&#8221;0&#8243; global_colors_info=&#8221;{}&#8221; sticky_enabled=&#8221;0&#8243;]<\/p>\n<p><b>\u010cutite \u017eeljo po spremembi, vendar ne morete za\u010deti?<\/b> Coaching bi lahko v va\u0161em \u017eivljenju prinesel veliko spremembo. Vsaka uspe\u0161na oseba ima za seboj ekipo, ki jo je pripeljala do zmage. Trener ima enak namen pri doseganju ciljev svoje stranke; pomaga ji in jo potiska naprej, hkrati pa spodbuja razvoj posameznikovih \u017ee obstoje\u010dih prednosti in se ne osredoto\u010da na slabosti. S pomo\u010djo coacha boste dosegli veliko, toda ali bo to v obliki \u017ee izdelanih re\u0161itev? Ne. na poti do napredka je coach tu zato, da vas vodi, spodbuja k u\u010denju in dolgoro\u010dno vpliva &#8211; v svetu coachinga ni takoj\u0161njih re\u0161itev.<\/p>\n<p>Skozi leta dela na tem podro\u010dju sem razvil lasten pristop, ki ga lahko opi\u0161emo kot <strong>transformacijski coaching<\/strong>\u00a0&#8211; glavna ideja tega pristopa je, da sama ideja ni dovolj, da bi prinesla spremembe. Seveda brez za\u010detne \u017eelje ne boste pri\u0161li nikamor, vendar v svojih metodah pozivam k akciji in aktivnemu delovanju. Svojega \u017eivljenja ne boste spremenili na bolje na pasiven na\u010din. Po drugi strani pa dobro stanje uma poganja celoten proces. Ko ste enkrat du\u0161evno pripravljeni na spremembe, je meja nevidna.<\/p>\n<p>[\/et_pb_text][\/et_pb_column][\/et_pb_row][et_pb_row use_custom_gutter=&#8221;on&#8221; gutter_width=&#8221;2&#8243; make_equal=&#8221;on&#8221; _builder_version=&#8221;4.16&#8243; _module_preset=&#8221;default&#8221; background_color=&#8221;#FFFFFF&#8221; background_size=&#8221;initial&#8221; background_position=&#8221;top_left&#8221; background_repeat=&#8221;repeat&#8221; z_index=&#8221;500&#8243; width=&#8221;90%&#8221; width_tablet=&#8221;90%&#8221; width_phone=&#8221;90%&#8221; width_last_edited=&#8221;on|tablet&#8221; max_width=&#8221;1200px&#8221; max_width_tablet=&#8221;90%&#8221; max_width_phone=&#8221;90%&#8221; max_width_last_edited=&#8221;on|desktop&#8221; custom_margin=&#8221;-80px||||false|false&#8221; custom_margin_tablet=&#8221;-80px||||false|false&#8221; custom_margin_phone=&#8221;0px||||false|false&#8221; custom_margin_last_edited=&#8221;on|phone&#8221; custom_padding=&#8221;1px||||false|false&#8221; box_shadow_style=&#8221;preset1&#8243; box_shadow_vertical=&#8221;45px&#8221; box_shadow_blur=&#8221;47px&#8221; global_colors_info=&#8221;{}&#8221;][et_pb_column type=&#8221;4_4&#8243; _builder_version=&#8221;4.16&#8243; _module_preset=&#8221;default&#8221; global_colors_info=&#8221;{}&#8221;][et_pb_text _builder_version=&#8221;4.18.0&#8243; _module_preset=&#8221;default&#8221; text_font=&#8221;Barlow||||||||&#8221; text_text_color=&#8221;#333&#8243; text_font_size=&#8221;17px&#8221; header_2_font_size=&#8221;25px&#8221; header_2_line_height=&#8221;1.4em&#8221; max_width_tablet=&#8221;&#8221; max_width_phone=&#8221;100%&#8221; max_width_last_edited=&#8221;on|phone&#8221; module_alignment=&#8221;center&#8221; custom_margin=&#8221;35px||||false|false&#8221; custom_padding=&#8221;|30px||30px|false|true&#8221; global_colors_info=&#8221;{}&#8221;]<b>Mnogi \u017eivijo izgubljeno \u017eivljenje v negativnih mislih, brez samozavesti in v krogu &#8211; z negativizmom in nezadovoljstvom si odrekajo mo\u017enost spremembe.<\/b>[\/et_pb_text][\/et_pb_column][\/et_pb_row][et_pb_row column_structure=&#8221;1_2,1_2&#8243; use_custom_gutter=&#8221;on&#8221; gutter_width=&#8221;2&#8243; make_equal=&#8221;on&#8221; _builder_version=&#8221;4.16&#8243; _module_preset=&#8221;default&#8221; background_color=&#8221;#FFFFFF&#8221; background_size=&#8221;initial&#8221; background_position=&#8221;top_left&#8221; background_repeat=&#8221;repeat&#8221; z_index=&#8221;500&#8243; width=&#8221;90%&#8221; width_tablet=&#8221;90%&#8221; width_phone=&#8221;90%&#8221; width_last_edited=&#8221;on|tablet&#8221; max_width=&#8221;1200px&#8221; max_width_tablet=&#8221;90%&#8221; max_width_phone=&#8221;90%&#8221; max_width_last_edited=&#8221;on|desktop&#8221; custom_margin=&#8221;0px|auto|0px|auto|false|false&#8221; custom_padding=&#8221;0px||0px||false|false&#8221; box_shadow_style=&#8221;preset1&#8243; box_shadow_vertical=&#8221;45px&#8221; box_shadow_blur=&#8221;47px&#8221; global_colors_info=&#8221;{}&#8221;][et_pb_column type=&#8221;1_2&#8243; _builder_version=&#8221;4.16&#8243; _module_preset=&#8221;default&#8221; global_colors_info=&#8221;{}&#8221;][et_pb_image src=&#8221;https:\/\/transakcijskaanaliza.com\/wp-content\/uploads\/2022\/02\/life-coach2-4.jpg&#8221; title_text=&#8221;life-coach2-4&#8243; _builder_version=&#8221;4.16&#8243; _module_preset=&#8221;default&#8221; custom_margin=&#8221;0px||0px||false|false&#8221; custom_padding=&#8221;0px||0px||false|false&#8221; global_colors_info=&#8221;{}&#8221;][\/et_pb_image][\/et_pb_column][et_pb_column type=&#8221;1_2&#8243; _builder_version=&#8221;4.16&#8243; _module_preset=&#8221;default&#8221; global_colors_info=&#8221;{}&#8221;][et_pb_text _builder_version=&#8221;4.18.0&#8243; _module_preset=&#8221;default&#8221; text_font=&#8221;||||||||&#8221; text_text_color=&#8221;#333&#8243; text_font_size=&#8221;17px&#8221; header_2_font_size=&#8221;25px&#8221; header_2_line_height=&#8221;1.4em&#8221; max_width_tablet=&#8221;&#8221; max_width_phone=&#8221;100%&#8221; max_width_last_edited=&#8221;on|phone&#8221; module_alignment=&#8221;center&#8221; custom_margin=&#8221;2px||||false|false&#8221; custom_padding=&#8221;|30px||30px|false|true&#8221; global_colors_info=&#8221;{}&#8221;]<\/p>\n<p>Zato se pri coachingu ukvarjamo z opredelitvijo va\u0161ih mo\u010dnih strani &#8211; delo na njih in osredoto\u010danje na va\u0161e sposobnosti vam bo pomagalo odpraviti za\u010darani krog slabih misli. Velik del ljudi se zaveda, kaj je treba storiti, in ve, kaj bi jim lahko pomagalo, vendar nimajo mo\u010di, da bi za\u010deli, zato potrebujejo pomo\u010d pri tem za\u010detnem koraku. To, kar vas ovira, prihaja od znotraj &#8211; va\u0161a negotovost in strah vam prepre\u010dujeta, da bi napredovali. <strong>Strah pred neuspehom, strah pred spremembami, strah pred neznanim.<\/strong> \u010ceprav so tak\u0161ni strahovi lahko paralizirajo\u010di, je transformacijski coaching odli\u010dna metoda, da jih premagate in se nau\u010dite, kako iti naprej.<\/p>\n<p>[\/et_pb_text][\/et_pb_column][\/et_pb_row][et_pb_row use_custom_gutter=&#8221;on&#8221; gutter_width=&#8221;2&#8243; make_equal=&#8221;on&#8221; _builder_version=&#8221;4.16&#8243; _module_preset=&#8221;default&#8221; background_color=&#8221;#FFFFFF&#8221; background_size=&#8221;initial&#8221; background_position=&#8221;top_left&#8221; background_repeat=&#8221;repeat&#8221; z_index=&#8221;500&#8243; width=&#8221;90%&#8221; width_tablet=&#8221;90%&#8221; width_phone=&#8221;90%&#8221; width_last_edited=&#8221;on|tablet&#8221; max_width=&#8221;1200px&#8221; max_width_tablet=&#8221;90%&#8221; max_width_phone=&#8221;90%&#8221; max_width_last_edited=&#8221;on|desktop&#8221; custom_margin=&#8221;0px|auto||auto|false|false&#8221; custom_padding=&#8221;0px||0px||false|false&#8221; box_shadow_style=&#8221;preset1&#8243; box_shadow_vertical=&#8221;45px&#8221; box_shadow_blur=&#8221;47px&#8221; global_colors_info=&#8221;{}&#8221;][et_pb_column type=&#8221;4_4&#8243; _builder_version=&#8221;4.16&#8243; _module_preset=&#8221;default&#8221; global_colors_info=&#8221;{}&#8221;][et_pb_text _builder_version=&#8221;4.16&#8243; _module_preset=&#8221;default&#8221; text_font=&#8221;Barlow||||||||&#8221; text_text_color=&#8221;#333&#8243; text_font_size=&#8221;17px&#8221; header_2_font_size=&#8221;25px&#8221; header_2_line_height=&#8221;1.4em&#8221; max_width_tablet=&#8221;&#8221; max_width_phone=&#8221;100%&#8221; max_width_last_edited=&#8221;on|phone&#8221; module_alignment=&#8221;center&#8221; custom_margin=&#8221;50px||||false|false&#8221; custom_padding=&#8221;|30px||30px|false|true&#8221; global_colors_info=&#8221;{}&#8221;]<\/p>\n<h2><b>U akcijskom coachingu postoje 3 jednostavne, no neizostavne sastavnice:<\/b><\/h2>\n<p>[\/et_pb_text][\/et_pb_column][\/et_pb_row][et_pb_row column_structure=&#8221;1_2,1_2&#8243; use_custom_gutter=&#8221;on&#8221; gutter_width=&#8221;2&#8243; make_equal=&#8221;on&#8221; _builder_version=&#8221;4.16&#8243; _module_preset=&#8221;default&#8221; background_color=&#8221;#FFFFFF&#8221; background_size=&#8221;initial&#8221; background_position=&#8221;top_left&#8221; background_repeat=&#8221;repeat&#8221; z_index=&#8221;500&#8243; width=&#8221;90%&#8221; width_tablet=&#8221;90%&#8221; width_phone=&#8221;90%&#8221; width_last_edited=&#8221;on|tablet&#8221; max_width=&#8221;1200px&#8221; max_width_tablet=&#8221;90%&#8221; max_width_phone=&#8221;90%&#8221; max_width_last_edited=&#8221;on|desktop&#8221; custom_margin=&#8221;-80px||||false|false&#8221; custom_margin_tablet=&#8221;-80px||||false|false&#8221; custom_margin_phone=&#8221;0px||||false|false&#8221; custom_margin_last_edited=&#8221;on|phone&#8221; custom_padding=&#8221;0px||0px||false|false&#8221; box_shadow_style=&#8221;preset1&#8243; box_shadow_vertical=&#8221;45px&#8221; box_shadow_blur=&#8221;47px&#8221; global_colors_info=&#8221;{}&#8221;][et_pb_column type=&#8221;1_2&#8243; _builder_version=&#8221;4.16&#8243; _module_preset=&#8221;default&#8221; global_colors_info=&#8221;{}&#8221;][et_pb_text _builder_version=&#8221;4.18.0&#8243; _module_preset=&#8221;default&#8221; text_font=&#8221;||||||||&#8221; text_text_color=&#8221;#333&#8243; text_font_size=&#8221;17px&#8221; header_2_font_size=&#8221;25px&#8221; header_2_line_height=&#8221;1.4em&#8221; max_width_tablet=&#8221;&#8221; max_width_phone=&#8221;100%&#8221; max_width_last_edited=&#8221;on|phone&#8221; module_alignment=&#8221;center&#8221; custom_margin=&#8221;-1px||||false|false&#8221; custom_padding=&#8221;|30px||30px|false|true&#8221; hover_enabled=&#8221;0&#8243; global_colors_info=&#8221;{}&#8221; sticky_enabled=&#8221;0&#8243;]<\/p>\n<p>1.Najprej &#8211; <strong>\u017eelja<\/strong>. \u017delja po spremembi, \u017eelja po druga\u010dnem \u017eivljenju ali ambicija, da bi dosegli nekaj ve\u010d. To je tisto, kar poganja celoten proces in kar vas pripelje k nam. \u010ce berete to besedilo, to pomeni, da \u017ee imate prvo komponento, ki je potrebna na poti do uspeha.<\/p>\n<p>2. Ko enkrat za\u010dnete to pot, potrebujete <strong>motivacijo<\/strong>, da jo nadaljujete. Prav to je tisto, kar mnoge ljudi zavira &#8211; vsi niso pripravljeni vlo\u017eiti \u010dasa in truda v svoj cilj, toda \u010de resni\u010dno \u017eelite napredovati, boste v sebi na\u0161li motivacijo, da pot opravite do konca. Za\u010dnite tako, da verjamete vase in razmislite o svojem vedenju.<\/p>\n<p>3. Zadnji in klju\u010dni korak je <strong>akcija<\/strong>. Brez ukrepanja ni sprememb &#8211; ni dovolj, da si samo \u017eelite, da bi se nekaj zgodilo, ampak se morate premakniti in sprejeti potrebne ukrepe. V tem koraku spremenite vedenjske vzorce, ki ste jih ugotovili med razmislekom &#8211; to je klju\u010dno za vse.<\/p>\n<p>[\/et_pb_text][\/et_pb_column][et_pb_column type=&#8221;1_2&#8243; _builder_version=&#8221;4.16&#8243; _module_preset=&#8221;default&#8221; global_colors_info=&#8221;{}&#8221;][et_pb_image src=&#8221;https:\/\/transakcijskaanaliza.com\/wp-content\/uploads\/2022\/07\/coaching.jpg&#8221; title_text=&#8221;coaching&#8221; _builder_version=&#8221;4.16&#8243; _module_preset=&#8221;default&#8221; global_colors_info=&#8221;{}&#8221;][\/et_pb_image][\/et_pb_column][\/et_pb_row][et_pb_row use_custom_gutter=&#8221;on&#8221; gutter_width=&#8221;2&#8243; make_equal=&#8221;on&#8221; custom_padding_last_edited=&#8221;on|desktop&#8221; _builder_version=&#8221;4.16&#8243; _module_preset=&#8221;default&#8221; background_color=&#8221;#FFFFFF&#8221; background_size=&#8221;initial&#8221; background_position=&#8221;top_left&#8221; background_repeat=&#8221;repeat&#8221; z_index=&#8221;500&#8243; width=&#8221;90%&#8221; width_tablet=&#8221;90%&#8221; width_phone=&#8221;90%&#8221; width_last_edited=&#8221;on|tablet&#8221; max_width=&#8221;1200px&#8221; max_width_tablet=&#8221;90%&#8221; max_width_phone=&#8221;90%&#8221; max_width_last_edited=&#8221;on|desktop&#8221; custom_margin=&#8221;0px||||false|false&#8221; custom_margin_tablet=&#8221;0px||||false|false&#8221; custom_margin_phone=&#8221;0px||||false|false&#8221; custom_margin_last_edited=&#8221;on|phone&#8221; custom_padding=&#8221;50px||||false|false&#8221; custom_padding_tablet=&#8221;50px||||false|false&#8221; custom_padding_phone=&#8221;50px||||false|false&#8221; box_shadow_style=&#8221;preset1&#8243; box_shadow_vertical=&#8221;45px&#8221; box_shadow_blur=&#8221;47px&#8221; global_colors_info=&#8221;{}&#8221;][et_pb_column type=&#8221;4_4&#8243; _builder_version=&#8221;4.16&#8243; _module_preset=&#8221;default&#8221; global_colors_info=&#8221;{}&#8221;][et_pb_text _builder_version=&#8221;4.18.0&#8243; _module_preset=&#8221;default&#8221; text_font=&#8221;||||||||&#8221; text_text_color=&#8221;#333&#8243; text_font_size=&#8221;17px&#8221; header_2_font_size=&#8221;25px&#8221; header_2_line_height=&#8221;1.4em&#8221; max_width_tablet=&#8221;&#8221; max_width_phone=&#8221;100%&#8221; max_width_last_edited=&#8221;on|phone&#8221; module_alignment=&#8221;center&#8221; custom_margin=&#8221;-1px||||false|false&#8221; custom_padding=&#8221;|30px||30px|false|true&#8221; hover_enabled=&#8221;0&#8243; global_colors_info=&#8221;{}&#8221; sticky_enabled=&#8221;0&#8243;]<\/p>\n<p>Pred za\u010detkom sodelovanja je treba dolo\u010diti skupni cilj in meje. Gre za to, da mi poveste, kaj \u017eelite spremeniti, jaz pa vam razlo\u017eim, kaj lahko pri\u010dakujete in v kak\u0161nem \u010dasovnem okviru. Coaching je metoda, pri kateri jaz kot strokovnjak in vi kot stranka delata skupaj, zato se morava strinjati. Uvodno sre\u010danje je zato vedno brezpla\u010dno, da se lahko sami prepri\u010date, ali ste pripravljeni na pot do uspeha, in da lahko zagotovimo najbolj\u0161e mo\u017eno sodelovanje.<\/p>\n<p>[\/et_pb_text][\/et_pb_column][\/et_pb_row][\/et_pb_section]<\/p>\n","protected":false},"excerpt":{"rendered":"<p>\u010cutite \u017eeljo po spremembi, vendar ne morete za\u010deti? Coaching bi lahko v va\u0161em \u017eivljenju prinesel veliko spremembo. Vsaka uspe\u0161na oseba ima za seboj ekipo, ki jo je pripeljala do zmage. Trener ima enak namen pri doseganju ciljev svoje stranke; pomaga ji in jo potiska naprej, hkrati pa spodbuja razvoj posameznikovih \u017ee obstoje\u010dih prednosti in se [&hellip;]<\/p>\n","protected":false},"author":1,"featured_media":0,"parent":0,"menu_order":0,"comment_status":"closed","ping_status":"closed","template":"","meta":{"_et_pb_use_builder":"on","_et_pb_old_content":"","_et_gb_content_width":""},"_links":{"self":[{"href":"https:\/\/transakcijskaanaliza.com\/sl\/wp-json\/wp\/v2\/pages\/29857"}],"collection":[{"href":"https:\/\/transakcijskaanaliza.com\/sl\/wp-json\/wp\/v2\/pages"}],"about":[{"href":"https:\/\/transakcijskaanaliza.com\/sl\/wp-json\/wp\/v2\/types\/page"}],"author":[{"embeddable":true,"href":"https:\/\/transakcijskaanaliza.com\/sl\/wp-json\/wp\/v2\/users\/1"}],"replies":[{"embeddable":true,"href":"https:\/\/transakcijskaanaliza.com\/sl\/wp-json\/wp\/v2\/comments?post=29857"}],"version-history":[{"count":8,"href":"https:\/\/transakcijskaanaliza.com\/sl\/wp-json\/wp\/v2\/pages\/29857\/revisions"}],"predecessor-version":[{"id":30065,"href":"https:\/\/transakcijskaanaliza.com\/sl\/wp-json\/wp\/v2\/pages\/29857\/revisions\/30065"}],"wp:attachment":[{"href":"https:\/\/transakcijskaanaliza.com\/sl\/wp-json\/wp\/v2\/media?parent=29857"}],"curies":[{"name":"wp","href":"https:\/\/api.w.org\/{rel}","templated":true}]}}